{"id":1055,"date":"2025-07-09T15:51:16","date_gmt":"2025-07-09T13:51:16","guid":{"rendered":"https:\/\/sisconfection.com\/?post_type=product&#038;p=1055"},"modified":"2025-07-09T15:54:53","modified_gmt":"2025-07-09T13:54:53","slug":"sis-cosystorm-pull-gris-a-manches-amples","status":"publish","type":"product","link":"https:\/\/sisconfection.com\/de\/produkt\/sis-cosystorm-pull-gris-a-manches-amples\/","title":{"rendered":"SIS CosyStorm - Grauer Pullover mit weiten \u00c4rmeln"},"content":{"rendered":"<p data-start=\"244\" data-end=\"565\">Erfinden Sie Komfort mit Stil neu mit dem SIS CosyStorm, einem grauen Pullover, der Weichheit, Modernit\u00e4t und Charakter vereint. Dieses Unisex-Modell ist f\u00fcr alle gedacht, die Eleganz und L\u00e4ssigkeit miteinander verbinden m\u00f6chten. Die weiten \u00c4rmel und der ausgepr\u00e4gte Kragen umrahmen die Silhouette auf subtile Weise.<\/p>\n<p data-start=\"567\" data-end=\"979\" data-is-last-node=\"\" data-is-only-node=\"\">Aus weichem, warmem Strick gefertigt, vermittelt er ein Gef\u00fchl von Kokon und bleibt dabei entschieden schick. Der Oversize-Schnitt sorgt f\u00fcr ideale Bewegungsfreiheit und einen modernen Look, der zu jeder Jahreszeit passt. Tragen Sie ihn eingesteckt in eine hoch geschnittene Hose oder \u00fcber einer groben Jeans f\u00fcr einen m\u00fchelosen und raffinierten Look. Mit dem CosyStorm SIS wird der graue Pullover zu einem starken St\u00fcck in Ihrem Kleiderschrank.<\/p>","protected":false},"excerpt":{"rendered":"<p>Ein eleganter, bequemer und ultramodischer grauer Pullover. Die weiten \u00c4rmel und der strukturierte Kragen verleihen ihm einen modernen und selbstbewussten Look.<\/p>","protected":false},"featured_media":1061,"comment_status":"open","ping_status":"closed","template":"","meta":[],"product_brand":[],"product_cat":[17,31],"product_tag":[],"class_list":{"0":"post-1055","1":"product","2":"type-product","3":"status-publish","4":"has-post-thumbnail","6":"product_cat-vetements-femme","7":"product_cat-sweats-vetements-femme","9":"entry","10":"has-media","12":"first","13":"instock","14":"taxable","15":"shipping-taxable","16":"purchasable","17":"product-type-variable","18":"has-product-nav","19":"col","20":"span_1_of_4","21":"owp-content-center","22":"owp-thumbs-layout-horizontal","23":"owp-btn-normal","24":"owp-tabs-layout-section"},"yoast_head":"<!-- This site is optimized with the Yoast SEO plugin v26.6 - https:\/\/yoast.com\/wordpress\/plugins\/seo\/ -->\n<title>SIS CosyStorm \u2013 Pull Gris \u00e0 Manches Amples - SIS Confection \u2013 Le style qui performe<\/title>\n<meta name=\"robots\" content=\"index, follow, max-snippet:-1, max-image-preview:large, max-video-preview:-1\" \/>\n<link rel=\"canonical\" href=\"https:\/\/sisconfection.com\/de\/produkt\/sis-cosystorm-pull-gris-a-manches-amples\/\" \/>\n<meta property=\"og:locale\" content=\"de_DE\" \/>\n<meta property=\"og:type\" content=\"article\" \/>\n<meta property=\"og:title\" content=\"SIS CosyStorm \u2013 Pull Gris \u00e0 Manches Amples - SIS Confection \u2013 Le style qui performe\" \/>\n<meta property=\"og:description\" content=\"Un pull gris \u00e9l\u00e9gant, confortable et ultra tendance, avec ses manches amples et son col structur\u00e9 qui lui donnent une allure moderne et affirm\u00e9e.\" \/>\n<meta property=\"og:url\" content=\"https:\/\/sisconfection.com\/de\/produkt\/sis-cosystorm-pull-gris-a-manches-amples\/\" \/>\n<meta property=\"og:site_name\" content=\"SIS Confection \u2013 Le style qui performe\" \/>\n<meta property=\"article:modified_time\" content=\"2025-07-09T13:54:53+00:00\" \/>\n<meta property=\"og:image\" content=\"https:\/\/sisconfection.com\/wp-content\/uploads\/2025\/07\/29-683x1024.png\" \/>\n\t<meta property=\"og:image:width\" content=\"683\" \/>\n\t<meta property=\"og:image:height\" content=\"1024\" \/>\n\t<meta property=\"og:image:type\" content=\"image\/png\" \/>\n<meta name=\"twitter:card\" content=\"summary_large_image\" \/>\n<meta name=\"twitter:label1\" content=\"Gesch\u00e4tzte Lesezeit\" \/>\n\t<meta name=\"twitter:data1\" content=\"1\u00a0Minute\" \/>\n<script type=\"application\/ld+json\" class=\"yoast-schema-graph\">{\"@context\":\"https:\/\/schema.org\",\"@graph\":[{\"@type\":\"WebPage\",\"@id\":\"https:\/\/sisconfection.com\/produit\/sis-cosystorm-pull-gris-a-manches-amples\/\",\"url\":\"https:\/\/sisconfection.com\/produit\/sis-cosystorm-pull-gris-a-manches-amples\/\",\"name\":\"SIS CosyStorm \u2013 Pull Gris \u00e0 Manches Amples - SIS Confection \u2013 Le style qui performe\",\"isPartOf\":{\"@id\":\"https:\/\/sisconfection.com\/#website\"},\"primaryImageOfPage\":{\"@id\":\"https:\/\/sisconfection.com\/produit\/sis-cosystorm-pull-gris-a-manches-amples\/#primaryimage\"},\"image\":{\"@id\":\"https:\/\/sisconfection.com\/produit\/sis-cosystorm-pull-gris-a-manches-amples\/#primaryimage\"},\"thumbnailUrl\":\"https:\/\/sisconfection.com\/wp-content\/uploads\/2025\/07\/29.png\",\"datePublished\":\"2025-07-09T13:51:16+00:00\",\"dateModified\":\"2025-07-09T13:54:53+00:00\",\"breadcrumb\":{\"@id\":\"https:\/\/sisconfection.com\/produit\/sis-cosystorm-pull-gris-a-manches-amples\/#breadcrumb\"},\"inLanguage\":\"de-CH\",\"potentialAction\":[{\"@type\":\"ReadAction\",\"target\":[\"https:\/\/sisconfection.com\/produit\/sis-cosystorm-pull-gris-a-manches-amples\/\"]}]},{\"@type\":\"ImageObject\",\"inLanguage\":\"de-CH\",\"@id\":\"https:\/\/sisconfection.com\/produit\/sis-cosystorm-pull-gris-a-manches-amples\/#primaryimage\",\"url\":\"https:\/\/sisconfection.com\/wp-content\/uploads\/2025\/07\/29.png\",\"contentUrl\":\"https:\/\/sisconfection.com\/wp-content\/uploads\/2025\/07\/29.png\",\"width\":1365,\"height\":2048},{\"@type\":\"BreadcrumbList\",\"@id\":\"https:\/\/sisconfection.com\/produit\/sis-cosystorm-pull-gris-a-manches-amples\/#breadcrumb\",\"itemListElement\":[{\"@type\":\"ListItem\",\"position\":1,\"name\":\"Accueil\",\"item\":\"https:\/\/sisconfection.com\/fr_fr\/\"},{\"@type\":\"ListItem\",\"position\":2,\"name\":\"Boutique\",\"item\":\"https:\/\/sisconfection.com\/boutique\/\"},{\"@type\":\"ListItem\",\"position\":3,\"name\":\"SIS CosyStorm \u2013 Pull Gris \u00e0 Manches Amples\"}]},{\"@type\":\"WebSite\",\"@id\":\"https:\/\/sisconfection.com\/#website\",\"url\":\"https:\/\/sisconfection.com\/\",\"name\":\"SIS Confection \u2013 Le style qui performe\",\"description\":\"SIS Confection, marque de sportwear alliant style, confort et performance pour homme et femme. Livraison rapide en Europe.\",\"publisher\":{\"@id\":\"https:\/\/sisconfection.com\/#organization\"},\"potentialAction\":[{\"@type\":\"SearchAction\",\"target\":{\"@type\":\"EntryPoint\",\"urlTemplate\":\"https:\/\/sisconfection.com\/?s={search_term_string}\"},\"query-input\":{\"@type\":\"PropertyValueSpecification\",\"valueRequired\":true,\"valueName\":\"search_term_string\"}}],\"inLanguage\":\"de-CH\"},{\"@type\":\"Organization\",\"@id\":\"https:\/\/sisconfection.com\/#organization\",\"name\":\"SIS Confection | Le style qui performe !\",\"alternateName\":\"SIS Confection | Accueil\",\"url\":\"https:\/\/sisconfection.com\/\",\"logo\":{\"@type\":\"ImageObject\",\"inLanguage\":\"de-CH\",\"@id\":\"https:\/\/sisconfection.com\/#\/schema\/logo\/image\/\",\"url\":\"https:\/\/sisconfection.com\/wp-content\/uploads\/2025\/05\/cropped-Sans-titre-1ttt.png\",\"contentUrl\":\"https:\/\/sisconfection.com\/wp-content\/uploads\/2025\/05\/cropped-Sans-titre-1ttt.png\",\"width\":512,\"height\":512,\"caption\":\"SIS Confection | Le style qui performe !\"},\"image\":{\"@id\":\"https:\/\/sisconfection.com\/#\/schema\/logo\/image\/\"}}]}<\/script>\n<!-- \/ Yoast SEO plugin. -->","yoast_head_json":{"title":"SIS CosyStorm \u2013 Pull Gris \u00e0 Manches Amples - SIS Confection \u2013 Le style qui performe","robots":{"index":"index","follow":"follow","max-snippet":"max-snippet:-1","max-image-preview":"max-image-preview:large","max-video-preview":"max-video-preview:-1"},"canonical":"https:\/\/sisconfection.com\/de\/produkt\/sis-cosystorm-pull-gris-a-manches-amples\/","og_locale":"de_DE","og_type":"article","og_title":"SIS CosyStorm \u2013 Pull Gris \u00e0 Manches Amples - SIS Confection \u2013 Le style qui performe","og_description":"Un pull gris \u00e9l\u00e9gant, confortable et ultra tendance, avec ses manches amples et son col structur\u00e9 qui lui donnent une allure moderne et affirm\u00e9e.","og_url":"https:\/\/sisconfection.com\/de\/produkt\/sis-cosystorm-pull-gris-a-manches-amples\/","og_site_name":"SIS Confection \u2013 Le style qui performe","article_modified_time":"2025-07-09T13:54:53+00:00","og_image":[{"width":683,"height":1024,"url":"https:\/\/sisconfection.com\/wp-content\/uploads\/2025\/07\/29-683x1024.png","type":"image\/png"}],"twitter_card":"summary_large_image","twitter_misc":{"Gesch\u00e4tzte Lesezeit":"1\u00a0Minute"},"schema":{"@context":"https:\/\/schema.org","@graph":[{"@type":"WebPage","@id":"https:\/\/sisconfection.com\/produit\/sis-cosystorm-pull-gris-a-manches-amples\/","url":"https:\/\/sisconfection.com\/produit\/sis-cosystorm-pull-gris-a-manches-amples\/","name":"SIS CosyStorm \u2013 Pull Gris \u00e0 Manches Amples - SIS Confection \u2013 Le style qui performe","isPartOf":{"@id":"https:\/\/sisconfection.com\/#website"},"primaryImageOfPage":{"@id":"https:\/\/sisconfection.com\/produit\/sis-cosystorm-pull-gris-a-manches-amples\/#primaryimage"},"image":{"@id":"https:\/\/sisconfection.com\/produit\/sis-cosystorm-pull-gris-a-manches-amples\/#primaryimage"},"thumbnailUrl":"https:\/\/sisconfection.com\/wp-content\/uploads\/2025\/07\/29.png","datePublished":"2025-07-09T13:51:16+00:00","dateModified":"2025-07-09T13:54:53+00:00","breadcrumb":{"@id":"https:\/\/sisconfection.com\/produit\/sis-cosystorm-pull-gris-a-manches-amples\/#breadcrumb"},"inLanguage":"de-CH","potentialAction":[{"@type":"ReadAction","target":["https:\/\/sisconfection.com\/produit\/sis-cosystorm-pull-gris-a-manches-amples\/"]}]},{"@type":"ImageObject","inLanguage":"de-CH","@id":"https:\/\/sisconfection.com\/produit\/sis-cosystorm-pull-gris-a-manches-amples\/#primaryimage","url":"https:\/\/sisconfection.com\/wp-content\/uploads\/2025\/07\/29.png","contentUrl":"https:\/\/sisconfection.com\/wp-content\/uploads\/2025\/07\/29.png","width":1365,"height":2048},{"@type":"BreadcrumbList","@id":"https:\/\/sisconfection.com\/produit\/sis-cosystorm-pull-gris-a-manches-amples\/#breadcrumb","itemListElement":[{"@type":"ListItem","position":1,"name":"Accueil","item":"https:\/\/sisconfection.com\/fr_fr\/"},{"@type":"ListItem","position":2,"name":"Boutique","item":"https:\/\/sisconfection.com\/boutique\/"},{"@type":"ListItem","position":3,"name":"SIS CosyStorm \u2013 Pull Gris \u00e0 Manches Amples"}]},{"@type":"WebSite","@id":"https:\/\/sisconfection.com\/#website","url":"https:\/\/sisconfection.com\/","name":"SIS Confection \u2013 Le style qui performe","description":"SIS Confection, eine Sportwear-Marke, die Stil, Komfort und Leistung f\u00fcr M\u00e4nner und Frauen vereint. Schnelle Lieferung in Europa.","publisher":{"@id":"https:\/\/sisconfection.com\/#organization"},"potentialAction":[{"@type":"SearchAction","target":{"@type":"EntryPoint","urlTemplate":"https:\/\/sisconfection.com\/?s={search_term_string}"},"query-input":{"@type":"PropertyValueSpecification","valueRequired":true,"valueName":"search_term_string"}}],"inLanguage":"de-CH"},{"@type":"Organization","@id":"https:\/\/sisconfection.com\/#organization","name":"SIS Confection | Le style qui performe !","alternateName":"SIS Confection | Accueil","url":"https:\/\/sisconfection.com\/","logo":{"@type":"ImageObject","inLanguage":"de-CH","@id":"https:\/\/sisconfection.com\/#\/schema\/logo\/image\/","url":"https:\/\/sisconfection.com\/wp-content\/uploads\/2025\/05\/cropped-Sans-titre-1ttt.png","contentUrl":"https:\/\/sisconfection.com\/wp-content\/uploads\/2025\/05\/cropped-Sans-titre-1ttt.png","width":512,"height":512,"caption":"SIS Confection | Le style qui performe !"},"image":{"@id":"https:\/\/sisconfection.com\/#\/schema\/logo\/image\/"}}]}},"_links":{"self":[{"href":"https:\/\/sisconfection.com\/de\/wp-json\/wp\/v2\/product\/1055","targetHints":{"allow":["GET"]}}],"collection":[{"href":"https:\/\/sisconfection.com\/de\/wp-json\/wp\/v2\/product"}],"about":[{"href":"https:\/\/sisconfection.com\/de\/wp-json\/wp\/v2\/types\/product"}],"replies":[{"embeddable":true,"href":"https:\/\/sisconfection.com\/de\/wp-json\/wp\/v2\/comments?post=1055"}],"wp:featuredmedia":[{"embeddable":true,"href":"https:\/\/sisconfection.com\/de\/wp-json\/wp\/v2\/media\/1061"}],"wp:attachment":[{"href":"https:\/\/sisconfection.com\/de\/wp-json\/wp\/v2\/media?parent=1055"}],"wp:term":[{"taxonomy":"product_brand","embeddable":true,"href":"https:\/\/sisconfection.com\/de\/wp-json\/wp\/v2\/product_brand?post=1055"},{"taxonomy":"product_cat","embeddable":true,"href":"https:\/\/sisconfection.com\/de\/wp-json\/wp\/v2\/product_cat?post=1055"},{"taxonomy":"product_tag","embeddable":true,"href":"https:\/\/sisconfection.com\/de\/wp-json\/wp\/v2\/product_tag?post=1055"}],"curies":[{"name":"wp","href":"https:\/\/api.w.org\/{rel}","templated":true}]}}