{"id":1077,"date":"2025-07-09T22:29:54","date_gmt":"2025-07-09T20:29:54","guid":{"rendered":"https:\/\/sisconfection.com\/?post_type=product&#038;p=1077"},"modified":"2025-07-10T11:06:39","modified_gmt":"2025-07-10T09:06:39","slug":"sis-wildstorm-doudoune-motif-zebre","status":"publish","type":"product","link":"https:\/\/sisconfection.com\/de\/produkt\/sis-wildstorm-doudoune-motif-zebre\/","title":{"rendered":"SIS WildStorm - Daunenjacke mit Zebramuster"},"content":{"rendered":"<p data-start=\"348\" data-end=\"607\">Mit der SIS WildStorm, der Daunenjacke im Zebramuster, die W\u00e4rme, Komfort und Charakter vereint, wagen Sie etwas Neues. Sie ist f\u00fcr alle gedacht, die keine Angst haben, sich von der Masse abzuheben, und verwandelt jeden Winterausflug in ein selbstbewusstes Stil-Statement.<\/p>\n<p data-start=\"609\" data-end=\"1028\" data-is-last-node=\"\" data-is-only-node=\"\">Die Jacke ist mit einer leistungsstarken, isolierenden Wattierung ausgestattet, die Sie effektiv vor K\u00e4lte sch\u00fctzt, w\u00e4hrend sie gleichzeitig leicht und angenehm zu tragen ist. Das wasserabweisende Material h\u00e4lt Sie auch bei nassem Wetter trocken, w\u00e4hrend die umschlie\u00dfende Kapuze, die elastischen \u00c4rmelb\u00fcndchen und die gef\u00fctterten Taschen den Komfort im Alltag erh\u00f6hen. Die SIS WildStorm ist perfekt f\u00fcr die Stadt oder die Berge und verleiht Ihrer Wintergarderobe einen wilden Touch.<\/p>","protected":false},"excerpt":{"rendered":"<p>Eine warme und gewagte Daunenjacke, die f\u00fcr Freigeister gedacht ist, die dem Winter dank des auff\u00e4lligen Zebramusters mit Stil begegnen wollen.<\/p>","protected":false},"featured_media":1104,"comment_status":"open","ping_status":"closed","template":"","meta":[],"product_brand":[],"product_cat":[17,34],"product_tag":[],"class_list":{"0":"post-1077","1":"product","2":"type-product","3":"status-publish","4":"has-post-thumbnail","6":"product_cat-vetements-femme","7":"product_cat-manteau","9":"entry","10":"has-media","12":"first","13":"instock","14":"taxable","15":"shipping-taxable","16":"purchasable","17":"product-type-variable","18":"has-product-nav","19":"col","20":"span_1_of_4","21":"owp-content-center","22":"owp-thumbs-layout-horizontal","23":"owp-btn-normal","24":"owp-tabs-layout-section"},"yoast_head":"<!-- This site is optimized with the Yoast SEO plugin v26.6 - https:\/\/yoast.com\/wordpress\/plugins\/seo\/ -->\n<title>SIS WildStorm \u2013 Doudoune Motif Z\u00e8bre - SIS Confection \u2013 Le style qui performe<\/title>\n<meta name=\"robots\" content=\"index, follow, max-snippet:-1, max-image-preview:large, max-video-preview:-1\" \/>\n<link rel=\"canonical\" href=\"https:\/\/sisconfection.com\/de\/produkt\/sis-wildstorm-doudoune-motif-zebre\/\" \/>\n<meta property=\"og:locale\" content=\"de_DE\" \/>\n<meta property=\"og:type\" content=\"article\" \/>\n<meta property=\"og:title\" content=\"SIS WildStorm \u2013 Doudoune Motif Z\u00e8bre - SIS Confection \u2013 Le style qui performe\" \/>\n<meta property=\"og:description\" content=\"Une doudoune chaude et audacieuse, pens\u00e9e pour les esprits libres qui veulent affronter l\u2019hiver avec du style gr\u00e2ce \u00e0 son imprim\u00e9 z\u00e8bre saisissant.\" \/>\n<meta property=\"og:url\" content=\"https:\/\/sisconfection.com\/de\/produkt\/sis-wildstorm-doudoune-motif-zebre\/\" \/>\n<meta property=\"og:site_name\" content=\"SIS Confection \u2013 Le style qui performe\" \/>\n<meta property=\"article:modified_time\" content=\"2025-07-10T09:06:39+00:00\" \/>\n<meta property=\"og:image\" content=\"https:\/\/sisconfection.com\/wp-content\/uploads\/2025\/07\/36-1.png\" \/>\n\t<meta property=\"og:image:width\" content=\"683\" \/>\n\t<meta property=\"og:image:height\" content=\"1024\" \/>\n\t<meta property=\"og:image:type\" content=\"image\/png\" \/>\n<meta name=\"twitter:card\" content=\"summary_large_image\" \/>\n<meta name=\"twitter:label1\" content=\"Gesch\u00e4tzte Lesezeit\" \/>\n\t<meta name=\"twitter:data1\" content=\"1\u00a0Minute\" \/>\n<script type=\"application\/ld+json\" class=\"yoast-schema-graph\">{\"@context\":\"https:\/\/schema.org\",\"@graph\":[{\"@type\":\"WebPage\",\"@id\":\"https:\/\/sisconfection.com\/produit\/sis-wildstorm-doudoune-motif-zebre\/\",\"url\":\"https:\/\/sisconfection.com\/produit\/sis-wildstorm-doudoune-motif-zebre\/\",\"name\":\"SIS WildStorm \u2013 Doudoune Motif Z\u00e8bre - SIS Confection \u2013 Le style qui performe\",\"isPartOf\":{\"@id\":\"https:\/\/sisconfection.com\/#website\"},\"primaryImageOfPage\":{\"@id\":\"https:\/\/sisconfection.com\/produit\/sis-wildstorm-doudoune-motif-zebre\/#primaryimage\"},\"image\":{\"@id\":\"https:\/\/sisconfection.com\/produit\/sis-wildstorm-doudoune-motif-zebre\/#primaryimage\"},\"thumbnailUrl\":\"https:\/\/sisconfection.com\/wp-content\/uploads\/2025\/07\/36-1.png\",\"datePublished\":\"2025-07-09T20:29:54+00:00\",\"dateModified\":\"2025-07-10T09:06:39+00:00\",\"breadcrumb\":{\"@id\":\"https:\/\/sisconfection.com\/produit\/sis-wildstorm-doudoune-motif-zebre\/#breadcrumb\"},\"inLanguage\":\"de-CH\",\"potentialAction\":[{\"@type\":\"ReadAction\",\"target\":[\"https:\/\/sisconfection.com\/produit\/sis-wildstorm-doudoune-motif-zebre\/\"]}]},{\"@type\":\"ImageObject\",\"inLanguage\":\"de-CH\",\"@id\":\"https:\/\/sisconfection.com\/produit\/sis-wildstorm-doudoune-motif-zebre\/#primaryimage\",\"url\":\"https:\/\/sisconfection.com\/wp-content\/uploads\/2025\/07\/36-1.png\",\"contentUrl\":\"https:\/\/sisconfection.com\/wp-content\/uploads\/2025\/07\/36-1.png\",\"width\":1365,\"height\":2048},{\"@type\":\"BreadcrumbList\",\"@id\":\"https:\/\/sisconfection.com\/produit\/sis-wildstorm-doudoune-motif-zebre\/#breadcrumb\",\"itemListElement\":[{\"@type\":\"ListItem\",\"position\":1,\"name\":\"Accueil\",\"item\":\"https:\/\/sisconfection.com\/fr_fr\/\"},{\"@type\":\"ListItem\",\"position\":2,\"name\":\"Boutique\",\"item\":\"https:\/\/sisconfection.com\/boutique\/\"},{\"@type\":\"ListItem\",\"position\":3,\"name\":\"SIS WildStorm \u2013 Doudoune Motif Z\u00e8bre\"}]},{\"@type\":\"WebSite\",\"@id\":\"https:\/\/sisconfection.com\/#website\",\"url\":\"https:\/\/sisconfection.com\/\",\"name\":\"SIS Confection \u2013 Le style qui performe\",\"description\":\"SIS Confection, marque de sportwear alliant style, confort et performance pour homme et femme. Livraison rapide en Europe.\",\"publisher\":{\"@id\":\"https:\/\/sisconfection.com\/#organization\"},\"potentialAction\":[{\"@type\":\"SearchAction\",\"target\":{\"@type\":\"EntryPoint\",\"urlTemplate\":\"https:\/\/sisconfection.com\/?s={search_term_string}\"},\"query-input\":{\"@type\":\"PropertyValueSpecification\",\"valueRequired\":true,\"valueName\":\"search_term_string\"}}],\"inLanguage\":\"de-CH\"},{\"@type\":\"Organization\",\"@id\":\"https:\/\/sisconfection.com\/#organization\",\"name\":\"SIS Confection | Le style qui performe !\",\"alternateName\":\"SIS Confection | Accueil\",\"url\":\"https:\/\/sisconfection.com\/\",\"logo\":{\"@type\":\"ImageObject\",\"inLanguage\":\"de-CH\",\"@id\":\"https:\/\/sisconfection.com\/#\/schema\/logo\/image\/\",\"url\":\"https:\/\/sisconfection.com\/wp-content\/uploads\/2025\/05\/cropped-Sans-titre-1ttt.png\",\"contentUrl\":\"https:\/\/sisconfection.com\/wp-content\/uploads\/2025\/05\/cropped-Sans-titre-1ttt.png\",\"width\":512,\"height\":512,\"caption\":\"SIS Confection | Le style qui performe !\"},\"image\":{\"@id\":\"https:\/\/sisconfection.com\/#\/schema\/logo\/image\/\"}}]}<\/script>\n<!-- \/ Yoast SEO plugin. -->","yoast_head_json":{"title":"SIS WildStorm \u2013 Doudoune Motif Z\u00e8bre - SIS Confection \u2013 Le style qui performe","robots":{"index":"index","follow":"follow","max-snippet":"max-snippet:-1","max-image-preview":"max-image-preview:large","max-video-preview":"max-video-preview:-1"},"canonical":"https:\/\/sisconfection.com\/de\/produkt\/sis-wildstorm-doudoune-motif-zebre\/","og_locale":"de_DE","og_type":"article","og_title":"SIS WildStorm \u2013 Doudoune Motif Z\u00e8bre - SIS Confection \u2013 Le style qui performe","og_description":"Une doudoune chaude et audacieuse, pens\u00e9e pour les esprits libres qui veulent affronter l\u2019hiver avec du style gr\u00e2ce \u00e0 son imprim\u00e9 z\u00e8bre saisissant.","og_url":"https:\/\/sisconfection.com\/de\/produkt\/sis-wildstorm-doudoune-motif-zebre\/","og_site_name":"SIS Confection \u2013 Le style qui performe","article_modified_time":"2025-07-10T09:06:39+00:00","og_image":[{"url":"https:\/\/sisconfection.com\/wp-content\/uploads\/2025\/07\/36-1.png","width":683,"height":1024,"type":"image\/png"}],"twitter_card":"summary_large_image","twitter_misc":{"Gesch\u00e4tzte Lesezeit":"1\u00a0Minute"},"schema":{"@context":"https:\/\/schema.org","@graph":[{"@type":"WebPage","@id":"https:\/\/sisconfection.com\/produit\/sis-wildstorm-doudoune-motif-zebre\/","url":"https:\/\/sisconfection.com\/produit\/sis-wildstorm-doudoune-motif-zebre\/","name":"SIS WildStorm \u2013 Doudoune Motif Z\u00e8bre - SIS Confection \u2013 Le style qui performe","isPartOf":{"@id":"https:\/\/sisconfection.com\/#website"},"primaryImageOfPage":{"@id":"https:\/\/sisconfection.com\/produit\/sis-wildstorm-doudoune-motif-zebre\/#primaryimage"},"image":{"@id":"https:\/\/sisconfection.com\/produit\/sis-wildstorm-doudoune-motif-zebre\/#primaryimage"},"thumbnailUrl":"https:\/\/sisconfection.com\/wp-content\/uploads\/2025\/07\/36-1.png","datePublished":"2025-07-09T20:29:54+00:00","dateModified":"2025-07-10T09:06:39+00:00","breadcrumb":{"@id":"https:\/\/sisconfection.com\/produit\/sis-wildstorm-doudoune-motif-zebre\/#breadcrumb"},"inLanguage":"de-CH","potentialAction":[{"@type":"ReadAction","target":["https:\/\/sisconfection.com\/produit\/sis-wildstorm-doudoune-motif-zebre\/"]}]},{"@type":"ImageObject","inLanguage":"de-CH","@id":"https:\/\/sisconfection.com\/produit\/sis-wildstorm-doudoune-motif-zebre\/#primaryimage","url":"https:\/\/sisconfection.com\/wp-content\/uploads\/2025\/07\/36-1.png","contentUrl":"https:\/\/sisconfection.com\/wp-content\/uploads\/2025\/07\/36-1.png","width":1365,"height":2048},{"@type":"BreadcrumbList","@id":"https:\/\/sisconfection.com\/produit\/sis-wildstorm-doudoune-motif-zebre\/#breadcrumb","itemListElement":[{"@type":"ListItem","position":1,"name":"Accueil","item":"https:\/\/sisconfection.com\/fr_fr\/"},{"@type":"ListItem","position":2,"name":"Boutique","item":"https:\/\/sisconfection.com\/boutique\/"},{"@type":"ListItem","position":3,"name":"SIS WildStorm \u2013 Doudoune Motif Z\u00e8bre"}]},{"@type":"WebSite","@id":"https:\/\/sisconfection.com\/#website","url":"https:\/\/sisconfection.com\/","name":"SIS Confection \u2013 Le style qui performe","description":"SIS Confection, eine Sportwear-Marke, die Stil, Komfort und Leistung f\u00fcr M\u00e4nner und Frauen vereint. Schnelle Lieferung in Europa.","publisher":{"@id":"https:\/\/sisconfection.com\/#organization"},"potentialAction":[{"@type":"SearchAction","target":{"@type":"EntryPoint","urlTemplate":"https:\/\/sisconfection.com\/?s={search_term_string}"},"query-input":{"@type":"PropertyValueSpecification","valueRequired":true,"valueName":"search_term_string"}}],"inLanguage":"de-CH"},{"@type":"Organization","@id":"https:\/\/sisconfection.com\/#organization","name":"SIS Confection | Le style qui performe !","alternateName":"SIS Confection | Accueil","url":"https:\/\/sisconfection.com\/","logo":{"@type":"ImageObject","inLanguage":"de-CH","@id":"https:\/\/sisconfection.com\/#\/schema\/logo\/image\/","url":"https:\/\/sisconfection.com\/wp-content\/uploads\/2025\/05\/cropped-Sans-titre-1ttt.png","contentUrl":"https:\/\/sisconfection.com\/wp-content\/uploads\/2025\/05\/cropped-Sans-titre-1ttt.png","width":512,"height":512,"caption":"SIS Confection | Le style qui performe !"},"image":{"@id":"https:\/\/sisconfection.com\/#\/schema\/logo\/image\/"}}]}},"_links":{"self":[{"href":"https:\/\/sisconfection.com\/de\/wp-json\/wp\/v2\/product\/1077","targetHints":{"allow":["GET"]}}],"collection":[{"href":"https:\/\/sisconfection.com\/de\/wp-json\/wp\/v2\/product"}],"about":[{"href":"https:\/\/sisconfection.com\/de\/wp-json\/wp\/v2\/types\/product"}],"replies":[{"embeddable":true,"href":"https:\/\/sisconfection.com\/de\/wp-json\/wp\/v2\/comments?post=1077"}],"wp:featuredmedia":[{"embeddable":true,"href":"https:\/\/sisconfection.com\/de\/wp-json\/wp\/v2\/media\/1104"}],"wp:attachment":[{"href":"https:\/\/sisconfection.com\/de\/wp-json\/wp\/v2\/media?parent=1077"}],"wp:term":[{"taxonomy":"product_brand","embeddable":true,"href":"https:\/\/sisconfection.com\/de\/wp-json\/wp\/v2\/product_brand?post=1077"},{"taxonomy":"product_cat","embeddable":true,"href":"https:\/\/sisconfection.com\/de\/wp-json\/wp\/v2\/product_cat?post=1077"},{"taxonomy":"product_tag","embeddable":true,"href":"https:\/\/sisconfection.com\/de\/wp-json\/wp\/v2\/product_tag?post=1077"}],"curies":[{"name":"wp","href":"https:\/\/api.w.org\/{rel}","templated":true}]}}