{"id":1091,"date":"2025-07-09T22:38:50","date_gmt":"2025-07-09T20:38:50","guid":{"rendered":"https:\/\/sisconfection.com\/?post_type=product&#038;p=1091"},"modified":"2025-12-20T19:09:41","modified_gmt":"2025-12-20T18:09:41","slug":"sis-bluenova-doudoune-bleue","status":"publish","type":"product","link":"https:\/\/sisconfection.com\/de\/produkt\/sis-bluenova-doudoune-bleue\/","title":{"rendered":"SIS BlueNova - Blaue Daunenjacke"},"content":{"rendered":"<p data-start=\"341\" data-end=\"651\">Begegnen Sie dem Winter mit Stil dank <strong data-start=\"396\" data-end=\"412\">SIS BlueNova<\/strong>Die blaue Daunenjacke, die W\u00e4rme, Komfort und modernes Design vereint. Dieses ikonische St\u00fcck wurde f\u00fcr aktive Stadtbewohner und Liebhaber urbaner Mode entworfen und h\u00fcllt Sie in sch\u00fctzende Weichheit, ohne Kompromisse bei der Eleganz einzugehen.<\/p>\n<p data-start=\"653\" data-end=\"1117\">Entwickelt mit einer hochleistungsf\u00e4higen isolierenden F\u00fcllung und einem wasserabweisenden Au\u00dfenmaterial, <strong data-start=\"739\" data-end=\"751\">BlueNova<\/strong> sch\u00fctzt Sie zuverl\u00e4ssig vor K\u00e4lte, Wind und N\u00e4sse. Der eng anliegende Schnitt und die sorgf\u00e4ltige Verarbeitung betonen die Silhouette, w\u00e4hrend die praktischen Taschen und der verst\u00e4rkte Rei\u00dfverschluss sie zu einem Verb\u00fcndeten im Alltag machen. Ob in der Stadt oder bei einem Ausflug, die Daunenjacke <strong data-start=\"1038\" data-end=\"1054\">SIS BlueNova<\/strong> setzt sich als schickes Essential in Ihrer Wintergarderobe durch.<\/p>","protected":false},"excerpt":{"rendered":"<p>Eine warme, stilvolle und leichte Daunenjacke, mit der Sie der K\u00e4lte dank des tiefen Blaus und des modernen Schnitts elegant trotzen k\u00f6nnen.<\/p>","protected":false},"featured_media":1120,"comment_status":"open","ping_status":"closed","template":"","meta":[],"product_brand":[],"product_cat":[17,34],"product_tag":[],"class_list":{"0":"post-1091","1":"product","2":"type-product","3":"status-publish","4":"has-post-thumbnail","6":"product_cat-vetements-femme","7":"product_cat-manteau","9":"entry","10":"has-media","12":"first","13":"outofstock","14":"taxable","15":"shipping-taxable","16":"purchasable","17":"product-type-variable","18":"has-product-nav","19":"col","20":"span_1_of_4","21":"owp-content-center","22":"owp-thumbs-layout-horizontal","23":"owp-btn-normal","24":"owp-tabs-layout-section"},"yoast_head":"<!-- This site is optimized with the Yoast SEO plugin v26.6 - https:\/\/yoast.com\/wordpress\/plugins\/seo\/ -->\n<title>SIS BlueNova \u2013 Doudoune Bleue - SIS Confection \u2013 Le style qui performe<\/title>\n<meta name=\"robots\" content=\"index, follow, max-snippet:-1, max-image-preview:large, max-video-preview:-1\" \/>\n<link rel=\"canonical\" href=\"https:\/\/sisconfection.com\/de\/produkt\/sis-bluenova-doudoune-bleue\/\" \/>\n<meta property=\"og:locale\" content=\"de_DE\" \/>\n<meta property=\"og:type\" content=\"article\" \/>\n<meta property=\"og:title\" content=\"SIS BlueNova \u2013 Doudoune Bleue - SIS Confection \u2013 Le style qui performe\" \/>\n<meta property=\"og:description\" content=\"Une doudoune chaude, styl\u00e9e et l\u00e9g\u00e8re, pour affronter le froid avec \u00e9l\u00e9gance gr\u00e2ce \u00e0 son bleu profond et sa coupe moderne\" \/>\n<meta property=\"og:url\" content=\"https:\/\/sisconfection.com\/de\/produkt\/sis-bluenova-doudoune-bleue\/\" \/>\n<meta property=\"og:site_name\" content=\"SIS Confection \u2013 Le style qui performe\" \/>\n<meta property=\"article:modified_time\" content=\"2025-12-20T18:09:41+00:00\" \/>\n<meta property=\"og:image\" content=\"https:\/\/sisconfection.com\/wp-content\/uploads\/2025\/07\/Design-sans-titre-3-683x1024.png\" \/>\n\t<meta property=\"og:image:width\" content=\"683\" \/>\n\t<meta property=\"og:image:height\" content=\"1024\" \/>\n\t<meta property=\"og:image:type\" content=\"image\/png\" \/>\n<meta name=\"twitter:card\" content=\"summary_large_image\" \/>\n<meta name=\"twitter:label1\" content=\"Gesch\u00e4tzte Lesezeit\" \/>\n\t<meta name=\"twitter:data1\" content=\"1\u00a0Minute\" \/>\n<script type=\"application\/ld+json\" class=\"yoast-schema-graph\">{\"@context\":\"https:\/\/schema.org\",\"@graph\":[{\"@type\":\"WebPage\",\"@id\":\"https:\/\/sisconfection.com\/produit\/sis-bluenova-doudoune-bleue\/\",\"url\":\"https:\/\/sisconfection.com\/produit\/sis-bluenova-doudoune-bleue\/\",\"name\":\"SIS BlueNova \u2013 Doudoune Bleue - SIS Confection \u2013 Le style qui performe\",\"isPartOf\":{\"@id\":\"https:\/\/sisconfection.com\/#website\"},\"primaryImageOfPage\":{\"@id\":\"https:\/\/sisconfection.com\/produit\/sis-bluenova-doudoune-bleue\/#primaryimage\"},\"image\":{\"@id\":\"https:\/\/sisconfection.com\/produit\/sis-bluenova-doudoune-bleue\/#primaryimage\"},\"thumbnailUrl\":\"https:\/\/sisconfection.com\/wp-content\/uploads\/2025\/07\/Design-sans-titre-3.png\",\"datePublished\":\"2025-07-09T20:38:50+00:00\",\"dateModified\":\"2025-12-20T18:09:41+00:00\",\"breadcrumb\":{\"@id\":\"https:\/\/sisconfection.com\/produit\/sis-bluenova-doudoune-bleue\/#breadcrumb\"},\"inLanguage\":\"de-CH\",\"potentialAction\":[{\"@type\":\"ReadAction\",\"target\":[\"https:\/\/sisconfection.com\/produit\/sis-bluenova-doudoune-bleue\/\"]}]},{\"@type\":\"ImageObject\",\"inLanguage\":\"de-CH\",\"@id\":\"https:\/\/sisconfection.com\/produit\/sis-bluenova-doudoune-bleue\/#primaryimage\",\"url\":\"https:\/\/sisconfection.com\/wp-content\/uploads\/2025\/07\/Design-sans-titre-3.png\",\"contentUrl\":\"https:\/\/sisconfection.com\/wp-content\/uploads\/2025\/07\/Design-sans-titre-3.png\",\"width\":1365,\"height\":2048},{\"@type\":\"BreadcrumbList\",\"@id\":\"https:\/\/sisconfection.com\/produit\/sis-bluenova-doudoune-bleue\/#breadcrumb\",\"itemListElement\":[{\"@type\":\"ListItem\",\"position\":1,\"name\":\"Accueil\",\"item\":\"https:\/\/sisconfection.com\/fr_fr\/\"},{\"@type\":\"ListItem\",\"position\":2,\"name\":\"Boutique\",\"item\":\"https:\/\/sisconfection.com\/boutique\/\"},{\"@type\":\"ListItem\",\"position\":3,\"name\":\"SIS BlueNova \u2013 Doudoune Bleue\"}]},{\"@type\":\"WebSite\",\"@id\":\"https:\/\/sisconfection.com\/#website\",\"url\":\"https:\/\/sisconfection.com\/\",\"name\":\"SIS Confection \u2013 Le style qui performe\",\"description\":\"SIS Confection, marque de sportwear alliant style, confort et performance pour homme et femme. Livraison rapide en Europe.\",\"publisher\":{\"@id\":\"https:\/\/sisconfection.com\/#organization\"},\"potentialAction\":[{\"@type\":\"SearchAction\",\"target\":{\"@type\":\"EntryPoint\",\"urlTemplate\":\"https:\/\/sisconfection.com\/?s={search_term_string}\"},\"query-input\":{\"@type\":\"PropertyValueSpecification\",\"valueRequired\":true,\"valueName\":\"search_term_string\"}}],\"inLanguage\":\"de-CH\"},{\"@type\":\"Organization\",\"@id\":\"https:\/\/sisconfection.com\/#organization\",\"name\":\"SIS Confection | Le style qui performe !\",\"alternateName\":\"SIS Confection | Accueil\",\"url\":\"https:\/\/sisconfection.com\/\",\"logo\":{\"@type\":\"ImageObject\",\"inLanguage\":\"de-CH\",\"@id\":\"https:\/\/sisconfection.com\/#\/schema\/logo\/image\/\",\"url\":\"https:\/\/sisconfection.com\/wp-content\/uploads\/2025\/05\/cropped-Sans-titre-1ttt.png\",\"contentUrl\":\"https:\/\/sisconfection.com\/wp-content\/uploads\/2025\/05\/cropped-Sans-titre-1ttt.png\",\"width\":512,\"height\":512,\"caption\":\"SIS Confection | Le style qui performe !\"},\"image\":{\"@id\":\"https:\/\/sisconfection.com\/#\/schema\/logo\/image\/\"}}]}<\/script>\n<!-- \/ Yoast SEO plugin. -->","yoast_head_json":{"title":"SIS BlueNova \u2013 Doudoune Bleue - SIS Confection \u2013 Le style qui performe","robots":{"index":"index","follow":"follow","max-snippet":"max-snippet:-1","max-image-preview":"max-image-preview:large","max-video-preview":"max-video-preview:-1"},"canonical":"https:\/\/sisconfection.com\/de\/produkt\/sis-bluenova-doudoune-bleue\/","og_locale":"de_DE","og_type":"article","og_title":"SIS BlueNova \u2013 Doudoune Bleue - SIS Confection \u2013 Le style qui performe","og_description":"Une doudoune chaude, styl\u00e9e et l\u00e9g\u00e8re, pour affronter le froid avec \u00e9l\u00e9gance gr\u00e2ce \u00e0 son bleu profond et sa coupe moderne","og_url":"https:\/\/sisconfection.com\/de\/produkt\/sis-bluenova-doudoune-bleue\/","og_site_name":"SIS Confection \u2013 Le style qui performe","article_modified_time":"2025-12-20T18:09:41+00:00","og_image":[{"width":683,"height":1024,"url":"https:\/\/sisconfection.com\/wp-content\/uploads\/2025\/07\/Design-sans-titre-3-683x1024.png","type":"image\/png"}],"twitter_card":"summary_large_image","twitter_misc":{"Gesch\u00e4tzte Lesezeit":"1\u00a0Minute"},"schema":{"@context":"https:\/\/schema.org","@graph":[{"@type":"WebPage","@id":"https:\/\/sisconfection.com\/produit\/sis-bluenova-doudoune-bleue\/","url":"https:\/\/sisconfection.com\/produit\/sis-bluenova-doudoune-bleue\/","name":"SIS BlueNova \u2013 Doudoune Bleue - SIS Confection \u2013 Le style qui performe","isPartOf":{"@id":"https:\/\/sisconfection.com\/#website"},"primaryImageOfPage":{"@id":"https:\/\/sisconfection.com\/produit\/sis-bluenova-doudoune-bleue\/#primaryimage"},"image":{"@id":"https:\/\/sisconfection.com\/produit\/sis-bluenova-doudoune-bleue\/#primaryimage"},"thumbnailUrl":"https:\/\/sisconfection.com\/wp-content\/uploads\/2025\/07\/Design-sans-titre-3.png","datePublished":"2025-07-09T20:38:50+00:00","dateModified":"2025-12-20T18:09:41+00:00","breadcrumb":{"@id":"https:\/\/sisconfection.com\/produit\/sis-bluenova-doudoune-bleue\/#breadcrumb"},"inLanguage":"de-CH","potentialAction":[{"@type":"ReadAction","target":["https:\/\/sisconfection.com\/produit\/sis-bluenova-doudoune-bleue\/"]}]},{"@type":"ImageObject","inLanguage":"de-CH","@id":"https:\/\/sisconfection.com\/produit\/sis-bluenova-doudoune-bleue\/#primaryimage","url":"https:\/\/sisconfection.com\/wp-content\/uploads\/2025\/07\/Design-sans-titre-3.png","contentUrl":"https:\/\/sisconfection.com\/wp-content\/uploads\/2025\/07\/Design-sans-titre-3.png","width":1365,"height":2048},{"@type":"BreadcrumbList","@id":"https:\/\/sisconfection.com\/produit\/sis-bluenova-doudoune-bleue\/#breadcrumb","itemListElement":[{"@type":"ListItem","position":1,"name":"Accueil","item":"https:\/\/sisconfection.com\/fr_fr\/"},{"@type":"ListItem","position":2,"name":"Boutique","item":"https:\/\/sisconfection.com\/boutique\/"},{"@type":"ListItem","position":3,"name":"SIS BlueNova \u2013 Doudoune Bleue"}]},{"@type":"WebSite","@id":"https:\/\/sisconfection.com\/#website","url":"https:\/\/sisconfection.com\/","name":"SIS Confection \u2013 Le style qui performe","description":"SIS Confection, eine Sportwear-Marke, die Stil, Komfort und Leistung f\u00fcr M\u00e4nner und Frauen vereint. Schnelle Lieferung in Europa.","publisher":{"@id":"https:\/\/sisconfection.com\/#organization"},"potentialAction":[{"@type":"SearchAction","target":{"@type":"EntryPoint","urlTemplate":"https:\/\/sisconfection.com\/?s={search_term_string}"},"query-input":{"@type":"PropertyValueSpecification","valueRequired":true,"valueName":"search_term_string"}}],"inLanguage":"de-CH"},{"@type":"Organization","@id":"https:\/\/sisconfection.com\/#organization","name":"SIS Confection | Le style qui performe !","alternateName":"SIS Confection | Accueil","url":"https:\/\/sisconfection.com\/","logo":{"@type":"ImageObject","inLanguage":"de-CH","@id":"https:\/\/sisconfection.com\/#\/schema\/logo\/image\/","url":"https:\/\/sisconfection.com\/wp-content\/uploads\/2025\/05\/cropped-Sans-titre-1ttt.png","contentUrl":"https:\/\/sisconfection.com\/wp-content\/uploads\/2025\/05\/cropped-Sans-titre-1ttt.png","width":512,"height":512,"caption":"SIS Confection | Le style qui performe !"},"image":{"@id":"https:\/\/sisconfection.com\/#\/schema\/logo\/image\/"}}]}},"_links":{"self":[{"href":"https:\/\/sisconfection.com\/de\/wp-json\/wp\/v2\/product\/1091","targetHints":{"allow":["GET"]}}],"collection":[{"href":"https:\/\/sisconfection.com\/de\/wp-json\/wp\/v2\/product"}],"about":[{"href":"https:\/\/sisconfection.com\/de\/wp-json\/wp\/v2\/types\/product"}],"replies":[{"embeddable":true,"href":"https:\/\/sisconfection.com\/de\/wp-json\/wp\/v2\/comments?post=1091"}],"wp:featuredmedia":[{"embeddable":true,"href":"https:\/\/sisconfection.com\/de\/wp-json\/wp\/v2\/media\/1120"}],"wp:attachment":[{"href":"https:\/\/sisconfection.com\/de\/wp-json\/wp\/v2\/media?parent=1091"}],"wp:term":[{"taxonomy":"product_brand","embeddable":true,"href":"https:\/\/sisconfection.com\/de\/wp-json\/wp\/v2\/product_brand?post=1091"},{"taxonomy":"product_cat","embeddable":true,"href":"https:\/\/sisconfection.com\/de\/wp-json\/wp\/v2\/product_cat?post=1091"},{"taxonomy":"product_tag","embeddable":true,"href":"https:\/\/sisconfection.com\/de\/wp-json\/wp\/v2\/product_tag?post=1091"}],"curies":[{"name":"wp","href":"https:\/\/api.w.org\/{rel}","templated":true}]}}