{"id":1158,"date":"2025-07-10T16:29:49","date_gmt":"2025-07-10T14:29:49","guid":{"rendered":"https:\/\/sisconfection.com\/?post_type=product&#038;p=1158"},"modified":"2025-07-22T10:57:07","modified_gmt":"2025-07-22T08:57:07","slug":"sis-bluewave-manteau-matelasse-bleu","status":"publish","type":"product","link":"https:\/\/sisconfection.com\/de\/produkt\/sis-bluewave-manteau-matelasse-bleu\/","title":{"rendered":"SIS BlueWave - Quilted Bomber Blau"},"content":{"rendered":"<p data-start=\"391\" data-end=\"666\">Osez la simplicit\u00e9 raffin\u00e9e avec SIS BlueWave, le manteau matelass\u00e9 bleu qui conjugue chaleur, confort et style urbain. Pens\u00e9 pour les amateurs de lignes \u00e9pur\u00e9es et de teintes intemporelles, ce bomber est l\u2019alli\u00e9 id\u00e9al des journ\u00e9es fra\u00eeches.<\/p>\n<p data-start=\"668\" data-end=\"989\">Confectionn\u00e9 dans un tissu technique d\u00e9perlant et doubl\u00e9 pour une isolation thermique optimale, il vous prot\u00e8ge efficacement du froid tout en restant respirant. Son matelassage discret apporte du relief sans alourdir la silhouette, tandis que sa coupe droite assurent un tomb\u00e9 impeccable.<\/p>\n<p data-start=\"991\" data-end=\"1152\">Polyvalent et minimaliste, le SIS BlueWave se porte aussi bien sur un pull casual qu\u2019un look plus habill\u00e9. Avec lui, l\u2019hiver devient une saison de style affirm\u00e9.<\/p>","protected":false},"excerpt":{"rendered":"<p>Un bomber matelass\u00e9 \u00e9l\u00e9gant, chaud et d\u00e9perlant, con\u00e7u pour affronter le froid avec sobri\u00e9t\u00e9 et modernit\u00e9 gr\u00e2ce \u00e0 son bleu profond et sa coupe structur\u00e9e.<\/p>","protected":false},"featured_media":1178,"comment_status":"open","ping_status":"closed","template":"","meta":[],"product_brand":[],"product_cat":[17,33],"product_tag":[],"class_list":{"0":"post-1158","1":"product","2":"type-product","3":"status-publish","4":"has-post-thumbnail","6":"product_cat-vetements-femme","7":"product_cat-bombers","9":"entry","10":"has-media","12":"first","13":"instock","14":"taxable","15":"shipping-taxable","16":"purchasable","17":"product-type-variable","18":"has-product-nav","19":"col","20":"span_1_of_4","21":"owp-content-center","22":"owp-thumbs-layout-horizontal","23":"owp-btn-normal","24":"owp-tabs-layout-section"},"yoast_head":"<!-- This site is optimized with the Yoast SEO plugin v26.6 - https:\/\/yoast.com\/wordpress\/plugins\/seo\/ -->\n<title>SIS BlueWave \u2013 Bomber Matelass\u00e9 Bleu - SIS Confection \u2013 Le style qui performe<\/title>\n<meta name=\"robots\" content=\"index, follow, max-snippet:-1, max-image-preview:large, max-video-preview:-1\" \/>\n<link rel=\"canonical\" href=\"https:\/\/sisconfection.com\/de\/produkt\/sis-bluewave-manteau-matelasse-bleu\/\" \/>\n<meta property=\"og:locale\" content=\"de_DE\" \/>\n<meta property=\"og:type\" content=\"article\" \/>\n<meta property=\"og:title\" content=\"SIS BlueWave \u2013 Bomber Matelass\u00e9 Bleu - SIS Confection \u2013 Le style qui performe\" \/>\n<meta property=\"og:description\" content=\"Un bomber matelass\u00e9 \u00e9l\u00e9gant, chaud et d\u00e9perlant, con\u00e7u pour affronter le froid avec sobri\u00e9t\u00e9 et modernit\u00e9 gr\u00e2ce \u00e0 son bleu profond et sa coupe structur\u00e9e.\" \/>\n<meta property=\"og:url\" content=\"https:\/\/sisconfection.com\/de\/produkt\/sis-bluewave-manteau-matelasse-bleu\/\" \/>\n<meta property=\"og:site_name\" content=\"SIS Confection \u2013 Le style qui performe\" \/>\n<meta property=\"article:modified_time\" content=\"2025-07-22T08:57:07+00:00\" \/>\n<meta property=\"og:image\" content=\"https:\/\/sisconfection.com\/wp-content\/uploads\/2025\/07\/Design-sans-titre-21-683x1024.png\" \/>\n\t<meta property=\"og:image:width\" content=\"683\" \/>\n\t<meta property=\"og:image:height\" content=\"1024\" \/>\n\t<meta property=\"og:image:type\" content=\"image\/png\" \/>\n<meta name=\"twitter:card\" content=\"summary_large_image\" \/>\n<meta name=\"twitter:label1\" content=\"Gesch\u00e4tzte Lesezeit\" \/>\n\t<meta name=\"twitter:data1\" content=\"1\u00a0Minute\" \/>\n<script type=\"application\/ld+json\" class=\"yoast-schema-graph\">{\"@context\":\"https:\/\/schema.org\",\"@graph\":[{\"@type\":\"WebPage\",\"@id\":\"https:\/\/sisconfection.com\/produit\/sis-bluewave-manteau-matelasse-bleu\/\",\"url\":\"https:\/\/sisconfection.com\/produit\/sis-bluewave-manteau-matelasse-bleu\/\",\"name\":\"SIS BlueWave \u2013 Bomber Matelass\u00e9 Bleu - SIS Confection \u2013 Le style qui performe\",\"isPartOf\":{\"@id\":\"https:\/\/sisconfection.com\/#website\"},\"primaryImageOfPage\":{\"@id\":\"https:\/\/sisconfection.com\/produit\/sis-bluewave-manteau-matelasse-bleu\/#primaryimage\"},\"image\":{\"@id\":\"https:\/\/sisconfection.com\/produit\/sis-bluewave-manteau-matelasse-bleu\/#primaryimage\"},\"thumbnailUrl\":\"https:\/\/sisconfection.com\/wp-content\/uploads\/2025\/07\/Design-sans-titre-21.png\",\"datePublished\":\"2025-07-10T14:29:49+00:00\",\"dateModified\":\"2025-07-22T08:57:07+00:00\",\"breadcrumb\":{\"@id\":\"https:\/\/sisconfection.com\/produit\/sis-bluewave-manteau-matelasse-bleu\/#breadcrumb\"},\"inLanguage\":\"de-CH\",\"potentialAction\":[{\"@type\":\"ReadAction\",\"target\":[\"https:\/\/sisconfection.com\/produit\/sis-bluewave-manteau-matelasse-bleu\/\"]}]},{\"@type\":\"ImageObject\",\"inLanguage\":\"de-CH\",\"@id\":\"https:\/\/sisconfection.com\/produit\/sis-bluewave-manteau-matelasse-bleu\/#primaryimage\",\"url\":\"https:\/\/sisconfection.com\/wp-content\/uploads\/2025\/07\/Design-sans-titre-21.png\",\"contentUrl\":\"https:\/\/sisconfection.com\/wp-content\/uploads\/2025\/07\/Design-sans-titre-21.png\",\"width\":1365,\"height\":2048},{\"@type\":\"BreadcrumbList\",\"@id\":\"https:\/\/sisconfection.com\/produit\/sis-bluewave-manteau-matelasse-bleu\/#breadcrumb\",\"itemListElement\":[{\"@type\":\"ListItem\",\"position\":1,\"name\":\"Accueil\",\"item\":\"https:\/\/sisconfection.com\/fr_fr\/\"},{\"@type\":\"ListItem\",\"position\":2,\"name\":\"Boutique\",\"item\":\"https:\/\/sisconfection.com\/boutique\/\"},{\"@type\":\"ListItem\",\"position\":3,\"name\":\"SIS BlueWave \u2013 Bomber Matelass\u00e9 Bleu\"}]},{\"@type\":\"WebSite\",\"@id\":\"https:\/\/sisconfection.com\/#website\",\"url\":\"https:\/\/sisconfection.com\/\",\"name\":\"SIS Confection \u2013 Le style qui performe\",\"description\":\"SIS Confection, marque de sportwear alliant style, confort et performance pour homme et femme. Livraison rapide en Europe.\",\"publisher\":{\"@id\":\"https:\/\/sisconfection.com\/#organization\"},\"potentialAction\":[{\"@type\":\"SearchAction\",\"target\":{\"@type\":\"EntryPoint\",\"urlTemplate\":\"https:\/\/sisconfection.com\/?s={search_term_string}\"},\"query-input\":{\"@type\":\"PropertyValueSpecification\",\"valueRequired\":true,\"valueName\":\"search_term_string\"}}],\"inLanguage\":\"de-CH\"},{\"@type\":\"Organization\",\"@id\":\"https:\/\/sisconfection.com\/#organization\",\"name\":\"SIS Confection | Le style qui performe !\",\"alternateName\":\"SIS Confection | Accueil\",\"url\":\"https:\/\/sisconfection.com\/\",\"logo\":{\"@type\":\"ImageObject\",\"inLanguage\":\"de-CH\",\"@id\":\"https:\/\/sisconfection.com\/#\/schema\/logo\/image\/\",\"url\":\"https:\/\/sisconfection.com\/wp-content\/uploads\/2025\/05\/cropped-Sans-titre-1ttt.png\",\"contentUrl\":\"https:\/\/sisconfection.com\/wp-content\/uploads\/2025\/05\/cropped-Sans-titre-1ttt.png\",\"width\":512,\"height\":512,\"caption\":\"SIS Confection | Le style qui performe !\"},\"image\":{\"@id\":\"https:\/\/sisconfection.com\/#\/schema\/logo\/image\/\"}}]}<\/script>\n<!-- \/ Yoast SEO plugin. -->","yoast_head_json":{"title":"SIS BlueWave \u2013 Bomber Matelass\u00e9 Bleu - SIS Confection \u2013 Le style qui performe","robots":{"index":"index","follow":"follow","max-snippet":"max-snippet:-1","max-image-preview":"max-image-preview:large","max-video-preview":"max-video-preview:-1"},"canonical":"https:\/\/sisconfection.com\/de\/produkt\/sis-bluewave-manteau-matelasse-bleu\/","og_locale":"de_DE","og_type":"article","og_title":"SIS BlueWave \u2013 Bomber Matelass\u00e9 Bleu - SIS Confection \u2013 Le style qui performe","og_description":"Un bomber matelass\u00e9 \u00e9l\u00e9gant, chaud et d\u00e9perlant, con\u00e7u pour affronter le froid avec sobri\u00e9t\u00e9 et modernit\u00e9 gr\u00e2ce \u00e0 son bleu profond et sa coupe structur\u00e9e.","og_url":"https:\/\/sisconfection.com\/de\/produkt\/sis-bluewave-manteau-matelasse-bleu\/","og_site_name":"SIS Confection \u2013 Le style qui performe","article_modified_time":"2025-07-22T08:57:07+00:00","og_image":[{"width":683,"height":1024,"url":"https:\/\/sisconfection.com\/wp-content\/uploads\/2025\/07\/Design-sans-titre-21-683x1024.png","type":"image\/png"}],"twitter_card":"summary_large_image","twitter_misc":{"Gesch\u00e4tzte Lesezeit":"1\u00a0Minute"},"schema":{"@context":"https:\/\/schema.org","@graph":[{"@type":"WebPage","@id":"https:\/\/sisconfection.com\/produit\/sis-bluewave-manteau-matelasse-bleu\/","url":"https:\/\/sisconfection.com\/produit\/sis-bluewave-manteau-matelasse-bleu\/","name":"SIS BlueWave \u2013 Bomber Matelass\u00e9 Bleu - SIS Confection \u2013 Le style qui performe","isPartOf":{"@id":"https:\/\/sisconfection.com\/#website"},"primaryImageOfPage":{"@id":"https:\/\/sisconfection.com\/produit\/sis-bluewave-manteau-matelasse-bleu\/#primaryimage"},"image":{"@id":"https:\/\/sisconfection.com\/produit\/sis-bluewave-manteau-matelasse-bleu\/#primaryimage"},"thumbnailUrl":"https:\/\/sisconfection.com\/wp-content\/uploads\/2025\/07\/Design-sans-titre-21.png","datePublished":"2025-07-10T14:29:49+00:00","dateModified":"2025-07-22T08:57:07+00:00","breadcrumb":{"@id":"https:\/\/sisconfection.com\/produit\/sis-bluewave-manteau-matelasse-bleu\/#breadcrumb"},"inLanguage":"de-CH","potentialAction":[{"@type":"ReadAction","target":["https:\/\/sisconfection.com\/produit\/sis-bluewave-manteau-matelasse-bleu\/"]}]},{"@type":"ImageObject","inLanguage":"de-CH","@id":"https:\/\/sisconfection.com\/produit\/sis-bluewave-manteau-matelasse-bleu\/#primaryimage","url":"https:\/\/sisconfection.com\/wp-content\/uploads\/2025\/07\/Design-sans-titre-21.png","contentUrl":"https:\/\/sisconfection.com\/wp-content\/uploads\/2025\/07\/Design-sans-titre-21.png","width":1365,"height":2048},{"@type":"BreadcrumbList","@id":"https:\/\/sisconfection.com\/produit\/sis-bluewave-manteau-matelasse-bleu\/#breadcrumb","itemListElement":[{"@type":"ListItem","position":1,"name":"Accueil","item":"https:\/\/sisconfection.com\/fr_fr\/"},{"@type":"ListItem","position":2,"name":"Boutique","item":"https:\/\/sisconfection.com\/boutique\/"},{"@type":"ListItem","position":3,"name":"SIS BlueWave \u2013 Bomber Matelass\u00e9 Bleu"}]},{"@type":"WebSite","@id":"https:\/\/sisconfection.com\/#website","url":"https:\/\/sisconfection.com\/","name":"SIS Confection \u2013 Le style qui performe","description":"SIS Confection, eine Sportwear-Marke, die Stil, Komfort und Leistung f\u00fcr M\u00e4nner und Frauen vereint. Schnelle Lieferung in Europa.","publisher":{"@id":"https:\/\/sisconfection.com\/#organization"},"potentialAction":[{"@type":"SearchAction","target":{"@type":"EntryPoint","urlTemplate":"https:\/\/sisconfection.com\/?s={search_term_string}"},"query-input":{"@type":"PropertyValueSpecification","valueRequired":true,"valueName":"search_term_string"}}],"inLanguage":"de-CH"},{"@type":"Organization","@id":"https:\/\/sisconfection.com\/#organization","name":"SIS Confection | Le style qui performe !","alternateName":"SIS Confection | Accueil","url":"https:\/\/sisconfection.com\/","logo":{"@type":"ImageObject","inLanguage":"de-CH","@id":"https:\/\/sisconfection.com\/#\/schema\/logo\/image\/","url":"https:\/\/sisconfection.com\/wp-content\/uploads\/2025\/05\/cropped-Sans-titre-1ttt.png","contentUrl":"https:\/\/sisconfection.com\/wp-content\/uploads\/2025\/05\/cropped-Sans-titre-1ttt.png","width":512,"height":512,"caption":"SIS Confection | Le style qui performe !"},"image":{"@id":"https:\/\/sisconfection.com\/#\/schema\/logo\/image\/"}}]}},"_links":{"self":[{"href":"https:\/\/sisconfection.com\/de\/wp-json\/wp\/v2\/product\/1158","targetHints":{"allow":["GET"]}}],"collection":[{"href":"https:\/\/sisconfection.com\/de\/wp-json\/wp\/v2\/product"}],"about":[{"href":"https:\/\/sisconfection.com\/de\/wp-json\/wp\/v2\/types\/product"}],"replies":[{"embeddable":true,"href":"https:\/\/sisconfection.com\/de\/wp-json\/wp\/v2\/comments?post=1158"}],"wp:featuredmedia":[{"embeddable":true,"href":"https:\/\/sisconfection.com\/de\/wp-json\/wp\/v2\/media\/1178"}],"wp:attachment":[{"href":"https:\/\/sisconfection.com\/de\/wp-json\/wp\/v2\/media?parent=1158"}],"wp:term":[{"taxonomy":"product_brand","embeddable":true,"href":"https:\/\/sisconfection.com\/de\/wp-json\/wp\/v2\/product_brand?post=1158"},{"taxonomy":"product_cat","embeddable":true,"href":"https:\/\/sisconfection.com\/de\/wp-json\/wp\/v2\/product_cat?post=1158"},{"taxonomy":"product_tag","embeddable":true,"href":"https:\/\/sisconfection.com\/de\/wp-json\/wp\/v2\/product_tag?post=1158"}],"curies":[{"name":"wp","href":"https:\/\/api.w.org\/{rel}","templated":true}]}}