{"id":1451,"date":"2025-07-12T22:44:47","date_gmt":"2025-07-12T20:44:47","guid":{"rendered":"https:\/\/sisconfection.com\/?post_type=product&#038;p=1451"},"modified":"2025-07-22T15:37:03","modified_gmt":"2025-07-22T13:37:03","slug":"sis-nordik-denim-veste-en-jean","status":"publish","type":"product","link":"https:\/\/sisconfection.com\/de\/produkt\/sis-nordik-denim-veste-en-jean\/","title":{"rendered":"SIS Nordik Denim - Jeansjacke"},"content":{"rendered":"<p data-start=\"425\" data-end=\"788\">Begegnen Sie dem Winter ohne Kompromisse zwischen Komfort und Stil mit <strong data-start=\"506\" data-end=\"526\">SIS Nordik Denim<\/strong>Die Jeansjacke mit beigem Pelzfutter wurde f\u00fcr M\u00e4nner entworfen, die auch an kalten Tagen stilvoll aussehen wollen. Inspiriert von einem zeitlosen urbanen Stil, kombiniert dieses St\u00fcck die Robustheit von Denim mit der W\u00e4rme eines ultraweichen Kunstpelzfutters.<\/p>\n<p data-start=\"790\" data-end=\"1188\">Perfekt f\u00fcr k\u00fchle Tage: Der gerade Schnitt sorgt f\u00fcr eine strukturierte Silhouette und einen makellosen Fall. Die sorgf\u00e4ltige Verarbeitung - kontrastierende N\u00e4hte, Metallkn\u00f6pfe mit Signet, Brusttaschen mit Patte - zeugt vom Know-how von SIS Confection. Ob f\u00fcr einen l\u00e4ssigen oder einen gehobenen Look, <strong data-start=\"1097\" data-end=\"1113\">Nordik Denim<\/strong> verleiht all Ihren Winteroutfits einen authentischen und trendigen Touch.<\/p>","protected":false},"excerpt":{"rendered":"<p>Eine warme, moderne und bequeme Jeansjacke, die dank ihres ultraweichen, beigen Pelzfutters ideal ist, um der K\u00e4lte mit Stil zu trotzen.<\/p>","protected":false},"featured_media":1452,"comment_status":"open","ping_status":"closed","template":"","meta":[],"product_brand":[],"product_cat":[16,28],"product_tag":[],"class_list":{"0":"post-1451","1":"product","2":"type-product","3":"status-publish","4":"has-post-thumbnail","6":"product_cat-vetements-homme","7":"product_cat-vestes","9":"entry","10":"has-media","12":"first","13":"instock","14":"taxable","15":"shipping-taxable","16":"purchasable","17":"product-type-variable","18":"has-product-nav","19":"col","20":"span_1_of_4","21":"owp-content-center","22":"owp-thumbs-layout-horizontal","23":"owp-btn-normal","24":"owp-tabs-layout-section"},"yoast_head":"<!-- This site is optimized with the Yoast SEO plugin v26.6 - https:\/\/yoast.com\/wordpress\/plugins\/seo\/ -->\n<title>SIS Nordik Denim \u2013 Veste en Jean - SIS Confection \u2013 Le style qui performe<\/title>\n<meta name=\"robots\" content=\"index, follow, max-snippet:-1, max-image-preview:large, max-video-preview:-1\" \/>\n<link rel=\"canonical\" href=\"https:\/\/sisconfection.com\/de\/produkt\/sis-nordik-denim-veste-en-jean\/\" \/>\n<meta property=\"og:locale\" content=\"de_DE\" \/>\n<meta property=\"og:type\" content=\"article\" \/>\n<meta property=\"og:title\" content=\"SIS Nordik Denim \u2013 Veste en Jean - SIS Confection \u2013 Le style qui performe\" \/>\n<meta property=\"og:description\" content=\"Une veste en jean chaude, moderne et confortable, id\u00e9ale pour affronter le froid avec style gr\u00e2ce \u00e0 sa doublure en fourrure beige ultra-douce.\" \/>\n<meta property=\"og:url\" content=\"https:\/\/sisconfection.com\/de\/produkt\/sis-nordik-denim-veste-en-jean\/\" \/>\n<meta property=\"og:site_name\" content=\"SIS Confection \u2013 Le style qui performe\" \/>\n<meta property=\"article:modified_time\" content=\"2025-07-22T13:37:03+00:00\" \/>\n<meta property=\"og:image\" content=\"https:\/\/sisconfection.com\/wp-content\/uploads\/2025\/07\/Design-sans-titre-95-683x1024.png\" \/>\n\t<meta property=\"og:image:width\" content=\"683\" \/>\n\t<meta property=\"og:image:height\" content=\"1024\" \/>\n\t<meta property=\"og:image:type\" content=\"image\/png\" \/>\n<meta name=\"twitter:card\" content=\"summary_large_image\" \/>\n<meta name=\"twitter:label1\" content=\"Gesch\u00e4tzte Lesezeit\" \/>\n\t<meta name=\"twitter:data1\" content=\"1\u00a0Minute\" \/>\n<script type=\"application\/ld+json\" class=\"yoast-schema-graph\">{\"@context\":\"https:\/\/schema.org\",\"@graph\":[{\"@type\":\"WebPage\",\"@id\":\"https:\/\/sisconfection.com\/produit\/sis-nordik-denim-veste-en-jean\/\",\"url\":\"https:\/\/sisconfection.com\/produit\/sis-nordik-denim-veste-en-jean\/\",\"name\":\"SIS Nordik Denim \u2013 Veste en Jean - SIS Confection \u2013 Le style qui performe\",\"isPartOf\":{\"@id\":\"https:\/\/sisconfection.com\/#website\"},\"primaryImageOfPage\":{\"@id\":\"https:\/\/sisconfection.com\/produit\/sis-nordik-denim-veste-en-jean\/#primaryimage\"},\"image\":{\"@id\":\"https:\/\/sisconfection.com\/produit\/sis-nordik-denim-veste-en-jean\/#primaryimage\"},\"thumbnailUrl\":\"https:\/\/sisconfection.com\/wp-content\/uploads\/2025\/07\/Design-sans-titre-95.png\",\"datePublished\":\"2025-07-12T20:44:47+00:00\",\"dateModified\":\"2025-07-22T13:37:03+00:00\",\"breadcrumb\":{\"@id\":\"https:\/\/sisconfection.com\/produit\/sis-nordik-denim-veste-en-jean\/#breadcrumb\"},\"inLanguage\":\"de-CH\",\"potentialAction\":[{\"@type\":\"ReadAction\",\"target\":[\"https:\/\/sisconfection.com\/produit\/sis-nordik-denim-veste-en-jean\/\"]}]},{\"@type\":\"ImageObject\",\"inLanguage\":\"de-CH\",\"@id\":\"https:\/\/sisconfection.com\/produit\/sis-nordik-denim-veste-en-jean\/#primaryimage\",\"url\":\"https:\/\/sisconfection.com\/wp-content\/uploads\/2025\/07\/Design-sans-titre-95.png\",\"contentUrl\":\"https:\/\/sisconfection.com\/wp-content\/uploads\/2025\/07\/Design-sans-titre-95.png\",\"width\":1365,\"height\":2048},{\"@type\":\"BreadcrumbList\",\"@id\":\"https:\/\/sisconfection.com\/produit\/sis-nordik-denim-veste-en-jean\/#breadcrumb\",\"itemListElement\":[{\"@type\":\"ListItem\",\"position\":1,\"name\":\"Accueil\",\"item\":\"https:\/\/sisconfection.com\/fr_fr\/\"},{\"@type\":\"ListItem\",\"position\":2,\"name\":\"Boutique\",\"item\":\"https:\/\/sisconfection.com\/boutique\/\"},{\"@type\":\"ListItem\",\"position\":3,\"name\":\"SIS Nordik Denim \u2013 Veste en Jean\"}]},{\"@type\":\"WebSite\",\"@id\":\"https:\/\/sisconfection.com\/#website\",\"url\":\"https:\/\/sisconfection.com\/\",\"name\":\"SIS Confection \u2013 Le style qui performe\",\"description\":\"SIS Confection, marque de sportwear alliant style, confort et performance pour homme et femme. Livraison rapide en Europe.\",\"publisher\":{\"@id\":\"https:\/\/sisconfection.com\/#organization\"},\"potentialAction\":[{\"@type\":\"SearchAction\",\"target\":{\"@type\":\"EntryPoint\",\"urlTemplate\":\"https:\/\/sisconfection.com\/?s={search_term_string}\"},\"query-input\":{\"@type\":\"PropertyValueSpecification\",\"valueRequired\":true,\"valueName\":\"search_term_string\"}}],\"inLanguage\":\"de-CH\"},{\"@type\":\"Organization\",\"@id\":\"https:\/\/sisconfection.com\/#organization\",\"name\":\"SIS Confection | Le style qui performe !\",\"alternateName\":\"SIS Confection | Accueil\",\"url\":\"https:\/\/sisconfection.com\/\",\"logo\":{\"@type\":\"ImageObject\",\"inLanguage\":\"de-CH\",\"@id\":\"https:\/\/sisconfection.com\/#\/schema\/logo\/image\/\",\"url\":\"https:\/\/sisconfection.com\/wp-content\/uploads\/2025\/05\/cropped-Sans-titre-1ttt.png\",\"contentUrl\":\"https:\/\/sisconfection.com\/wp-content\/uploads\/2025\/05\/cropped-Sans-titre-1ttt.png\",\"width\":512,\"height\":512,\"caption\":\"SIS Confection | Le style qui performe !\"},\"image\":{\"@id\":\"https:\/\/sisconfection.com\/#\/schema\/logo\/image\/\"}}]}<\/script>\n<!-- \/ Yoast SEO plugin. -->","yoast_head_json":{"title":"SIS Nordik Denim \u2013 Veste en Jean - SIS Confection \u2013 Le style qui performe","robots":{"index":"index","follow":"follow","max-snippet":"max-snippet:-1","max-image-preview":"max-image-preview:large","max-video-preview":"max-video-preview:-1"},"canonical":"https:\/\/sisconfection.com\/de\/produkt\/sis-nordik-denim-veste-en-jean\/","og_locale":"de_DE","og_type":"article","og_title":"SIS Nordik Denim \u2013 Veste en Jean - SIS Confection \u2013 Le style qui performe","og_description":"Une veste en jean chaude, moderne et confortable, id\u00e9ale pour affronter le froid avec style gr\u00e2ce \u00e0 sa doublure en fourrure beige ultra-douce.","og_url":"https:\/\/sisconfection.com\/de\/produkt\/sis-nordik-denim-veste-en-jean\/","og_site_name":"SIS Confection \u2013 Le style qui performe","article_modified_time":"2025-07-22T13:37:03+00:00","og_image":[{"width":683,"height":1024,"url":"https:\/\/sisconfection.com\/wp-content\/uploads\/2025\/07\/Design-sans-titre-95-683x1024.png","type":"image\/png"}],"twitter_card":"summary_large_image","twitter_misc":{"Gesch\u00e4tzte Lesezeit":"1\u00a0Minute"},"schema":{"@context":"https:\/\/schema.org","@graph":[{"@type":"WebPage","@id":"https:\/\/sisconfection.com\/produit\/sis-nordik-denim-veste-en-jean\/","url":"https:\/\/sisconfection.com\/produit\/sis-nordik-denim-veste-en-jean\/","name":"SIS Nordik Denim \u2013 Veste en Jean - SIS Confection \u2013 Le style qui performe","isPartOf":{"@id":"https:\/\/sisconfection.com\/#website"},"primaryImageOfPage":{"@id":"https:\/\/sisconfection.com\/produit\/sis-nordik-denim-veste-en-jean\/#primaryimage"},"image":{"@id":"https:\/\/sisconfection.com\/produit\/sis-nordik-denim-veste-en-jean\/#primaryimage"},"thumbnailUrl":"https:\/\/sisconfection.com\/wp-content\/uploads\/2025\/07\/Design-sans-titre-95.png","datePublished":"2025-07-12T20:44:47+00:00","dateModified":"2025-07-22T13:37:03+00:00","breadcrumb":{"@id":"https:\/\/sisconfection.com\/produit\/sis-nordik-denim-veste-en-jean\/#breadcrumb"},"inLanguage":"de-CH","potentialAction":[{"@type":"ReadAction","target":["https:\/\/sisconfection.com\/produit\/sis-nordik-denim-veste-en-jean\/"]}]},{"@type":"ImageObject","inLanguage":"de-CH","@id":"https:\/\/sisconfection.com\/produit\/sis-nordik-denim-veste-en-jean\/#primaryimage","url":"https:\/\/sisconfection.com\/wp-content\/uploads\/2025\/07\/Design-sans-titre-95.png","contentUrl":"https:\/\/sisconfection.com\/wp-content\/uploads\/2025\/07\/Design-sans-titre-95.png","width":1365,"height":2048},{"@type":"BreadcrumbList","@id":"https:\/\/sisconfection.com\/produit\/sis-nordik-denim-veste-en-jean\/#breadcrumb","itemListElement":[{"@type":"ListItem","position":1,"name":"Accueil","item":"https:\/\/sisconfection.com\/fr_fr\/"},{"@type":"ListItem","position":2,"name":"Boutique","item":"https:\/\/sisconfection.com\/boutique\/"},{"@type":"ListItem","position":3,"name":"SIS Nordik Denim \u2013 Veste en Jean"}]},{"@type":"WebSite","@id":"https:\/\/sisconfection.com\/#website","url":"https:\/\/sisconfection.com\/","name":"SIS Confection \u2013 Le style qui performe","description":"SIS Confection, eine Sportwear-Marke, die Stil, Komfort und Leistung f\u00fcr M\u00e4nner und Frauen vereint. Schnelle Lieferung in Europa.","publisher":{"@id":"https:\/\/sisconfection.com\/#organization"},"potentialAction":[{"@type":"SearchAction","target":{"@type":"EntryPoint","urlTemplate":"https:\/\/sisconfection.com\/?s={search_term_string}"},"query-input":{"@type":"PropertyValueSpecification","valueRequired":true,"valueName":"search_term_string"}}],"inLanguage":"de-CH"},{"@type":"Organization","@id":"https:\/\/sisconfection.com\/#organization","name":"SIS Confection | Le style qui performe !","alternateName":"SIS Confection | Accueil","url":"https:\/\/sisconfection.com\/","logo":{"@type":"ImageObject","inLanguage":"de-CH","@id":"https:\/\/sisconfection.com\/#\/schema\/logo\/image\/","url":"https:\/\/sisconfection.com\/wp-content\/uploads\/2025\/05\/cropped-Sans-titre-1ttt.png","contentUrl":"https:\/\/sisconfection.com\/wp-content\/uploads\/2025\/05\/cropped-Sans-titre-1ttt.png","width":512,"height":512,"caption":"SIS Confection | Le style qui performe !"},"image":{"@id":"https:\/\/sisconfection.com\/#\/schema\/logo\/image\/"}}]}},"_links":{"self":[{"href":"https:\/\/sisconfection.com\/de\/wp-json\/wp\/v2\/product\/1451","targetHints":{"allow":["GET"]}}],"collection":[{"href":"https:\/\/sisconfection.com\/de\/wp-json\/wp\/v2\/product"}],"about":[{"href":"https:\/\/sisconfection.com\/de\/wp-json\/wp\/v2\/types\/product"}],"replies":[{"embeddable":true,"href":"https:\/\/sisconfection.com\/de\/wp-json\/wp\/v2\/comments?post=1451"}],"wp:featuredmedia":[{"embeddable":true,"href":"https:\/\/sisconfection.com\/de\/wp-json\/wp\/v2\/media\/1452"}],"wp:attachment":[{"href":"https:\/\/sisconfection.com\/de\/wp-json\/wp\/v2\/media?parent=1451"}],"wp:term":[{"taxonomy":"product_brand","embeddable":true,"href":"https:\/\/sisconfection.com\/de\/wp-json\/wp\/v2\/product_brand?post=1451"},{"taxonomy":"product_cat","embeddable":true,"href":"https:\/\/sisconfection.com\/de\/wp-json\/wp\/v2\/product_cat?post=1451"},{"taxonomy":"product_tag","embeddable":true,"href":"https:\/\/sisconfection.com\/de\/wp-json\/wp\/v2\/product_tag?post=1451"}],"curies":[{"name":"wp","href":"https:\/\/api.w.org\/{rel}","templated":true}]}}