{"id":1462,"date":"2025-07-12T22:58:34","date_gmt":"2025-07-12T20:58:34","guid":{"rendered":"https:\/\/sisconfection.com\/?post_type=product&#038;p=1462"},"modified":"2025-07-12T23:00:21","modified_gmt":"2025-07-12T21:00:21","slug":"sis-urbanroots-bomber-vert-fonce","status":"publish","type":"product","link":"https:\/\/sisconfection.com\/de\/produkt\/sis-urbanroots-bomber-vert-fonce\/","title":{"rendered":"SIS UrbanRoots - Bomberjacke Dunkelgr\u00fcn"},"content":{"rendered":"<p data-start=\"362\" data-end=\"647\">Bringen Sie Ihren Charakter zum Ausdruck mit dem <strong data-start=\"395\" data-end=\"413\">SIS UrbanRoots<\/strong>Die dunkelgr\u00fcne Bomberjacke, die das perfekte Gleichgewicht zwischen Schlichtheit, Robustheit und Raffinesse verk\u00f6rpert. Diese ikonische Bomberjacke wurde f\u00fcr den modernen Mann auf der Suche nach Stil und Komfort entworfen und ist ein unverzichtbares St\u00fcck f\u00fcr die \u00dcbergangszeit.<\/p>\n<p data-start=\"649\" data-end=\"1090\">Aus strapazierf\u00e4higem, wasserabweisendem Material gefertigt, sch\u00fctzt es zuverl\u00e4ssig vor kleinen Unwettern und bietet gleichzeitig viel Bewegungsfreiheit. Der gerade, leicht taillierte Schnitt betont die Silhouette, w\u00e4hrend die gerippten Abschl\u00fcsse an Kragen, \u00c4rmeln und Taille f\u00fcr einen optimalen Sitz sorgen. Das tiefe Gr\u00fcn sorgt f\u00fcr einen dezenten Hauch von Distinktion und eignet sich ideal f\u00fcr urbane, l\u00e4ssige oder raffinierte Outfits.<\/p>\n<p data-start=\"1092\" data-end=\"1198\">Der SIS UrbanRoots ist vielseitig und zeitlos und begleitet Sie selbstbewusst und elegant von morgens bis abends.<\/p>","protected":false},"excerpt":{"rendered":"<p>Eine Bomberjacke mit zeitlosem Stil, die von SIS in einem eleganten dunkelgr\u00fcnen Farbton neu aufgelegt wurde, f\u00fcr einen selbstbewussten urbanen Look zwischen Klassik und Moderne.<\/p>","protected":false},"featured_media":1463,"comment_status":"open","ping_status":"closed","template":"","meta":[],"product_brand":[],"product_cat":[16,28],"product_tag":[],"class_list":{"0":"post-1462","1":"product","2":"type-product","3":"status-publish","4":"has-post-thumbnail","6":"product_cat-vetements-homme","7":"product_cat-vestes","9":"entry","10":"has-media","12":"first","13":"instock","14":"taxable","15":"shipping-taxable","16":"purchasable","17":"product-type-variable","18":"has-product-nav","19":"col","20":"span_1_of_4","21":"owp-content-center","22":"owp-thumbs-layout-horizontal","23":"owp-btn-normal","24":"owp-tabs-layout-section"},"yoast_head":"<!-- This site is optimized with the Yoast SEO plugin v26.6 - https:\/\/yoast.com\/wordpress\/plugins\/seo\/ -->\n<title>SIS UrbanRoots \u2013 Bomber Vert Fonc\u00e9 - SIS Confection \u2013 Le style qui performe<\/title>\n<meta name=\"robots\" content=\"index, follow, max-snippet:-1, max-image-preview:large, max-video-preview:-1\" \/>\n<link rel=\"canonical\" href=\"https:\/\/sisconfection.com\/de\/produkt\/sis-urbanroots-bomber-vert-fonce\/\" \/>\n<meta property=\"og:locale\" content=\"de_DE\" \/>\n<meta property=\"og:type\" content=\"article\" \/>\n<meta property=\"og:title\" content=\"SIS UrbanRoots \u2013 Bomber Vert Fonc\u00e9 - SIS Confection \u2013 Le style qui performe\" \/>\n<meta property=\"og:description\" content=\"Un bomber au style intemporel, revisit\u00e9 par SIS dans une teinte vert fonc\u00e9 \u00e9l\u00e9gante, pour un look urbain affirm\u00e9 entre classicisme et modernit\u00e9.\" \/>\n<meta property=\"og:url\" content=\"https:\/\/sisconfection.com\/de\/produkt\/sis-urbanroots-bomber-vert-fonce\/\" \/>\n<meta property=\"og:site_name\" content=\"SIS Confection \u2013 Le style qui performe\" \/>\n<meta property=\"article:modified_time\" content=\"2025-07-12T21:00:21+00:00\" \/>\n<meta property=\"og:image\" content=\"https:\/\/sisconfection.com\/wp-content\/uploads\/2025\/07\/Design-sans-titre-99-683x1024.png\" \/>\n\t<meta property=\"og:image:width\" content=\"683\" \/>\n\t<meta property=\"og:image:height\" content=\"1024\" \/>\n\t<meta property=\"og:image:type\" content=\"image\/png\" \/>\n<meta name=\"twitter:card\" content=\"summary_large_image\" \/>\n<meta name=\"twitter:label1\" content=\"Gesch\u00e4tzte Lesezeit\" \/>\n\t<meta name=\"twitter:data1\" content=\"1\u00a0Minute\" \/>\n<script type=\"application\/ld+json\" class=\"yoast-schema-graph\">{\"@context\":\"https:\/\/schema.org\",\"@graph\":[{\"@type\":\"WebPage\",\"@id\":\"https:\/\/sisconfection.com\/produit\/sis-urbanroots-bomber-vert-fonce\/\",\"url\":\"https:\/\/sisconfection.com\/produit\/sis-urbanroots-bomber-vert-fonce\/\",\"name\":\"SIS UrbanRoots \u2013 Bomber Vert Fonc\u00e9 - SIS Confection \u2013 Le style qui performe\",\"isPartOf\":{\"@id\":\"https:\/\/sisconfection.com\/#website\"},\"primaryImageOfPage\":{\"@id\":\"https:\/\/sisconfection.com\/produit\/sis-urbanroots-bomber-vert-fonce\/#primaryimage\"},\"image\":{\"@id\":\"https:\/\/sisconfection.com\/produit\/sis-urbanroots-bomber-vert-fonce\/#primaryimage\"},\"thumbnailUrl\":\"https:\/\/sisconfection.com\/wp-content\/uploads\/2025\/07\/Design-sans-titre-99.png\",\"datePublished\":\"2025-07-12T20:58:34+00:00\",\"dateModified\":\"2025-07-12T21:00:21+00:00\",\"breadcrumb\":{\"@id\":\"https:\/\/sisconfection.com\/produit\/sis-urbanroots-bomber-vert-fonce\/#breadcrumb\"},\"inLanguage\":\"de-CH\",\"potentialAction\":[{\"@type\":\"ReadAction\",\"target\":[\"https:\/\/sisconfection.com\/produit\/sis-urbanroots-bomber-vert-fonce\/\"]}]},{\"@type\":\"ImageObject\",\"inLanguage\":\"de-CH\",\"@id\":\"https:\/\/sisconfection.com\/produit\/sis-urbanroots-bomber-vert-fonce\/#primaryimage\",\"url\":\"https:\/\/sisconfection.com\/wp-content\/uploads\/2025\/07\/Design-sans-titre-99.png\",\"contentUrl\":\"https:\/\/sisconfection.com\/wp-content\/uploads\/2025\/07\/Design-sans-titre-99.png\",\"width\":1365,\"height\":2048},{\"@type\":\"BreadcrumbList\",\"@id\":\"https:\/\/sisconfection.com\/produit\/sis-urbanroots-bomber-vert-fonce\/#breadcrumb\",\"itemListElement\":[{\"@type\":\"ListItem\",\"position\":1,\"name\":\"Accueil\",\"item\":\"https:\/\/sisconfection.com\/fr_fr\/\"},{\"@type\":\"ListItem\",\"position\":2,\"name\":\"Boutique\",\"item\":\"https:\/\/sisconfection.com\/boutique\/\"},{\"@type\":\"ListItem\",\"position\":3,\"name\":\"SIS UrbanRoots \u2013 Bomber Vert Fonc\u00e9\"}]},{\"@type\":\"WebSite\",\"@id\":\"https:\/\/sisconfection.com\/#website\",\"url\":\"https:\/\/sisconfection.com\/\",\"name\":\"SIS Confection \u2013 Le style qui performe\",\"description\":\"SIS Confection, marque de sportwear alliant style, confort et performance pour homme et femme. Livraison rapide en Europe.\",\"publisher\":{\"@id\":\"https:\/\/sisconfection.com\/#organization\"},\"potentialAction\":[{\"@type\":\"SearchAction\",\"target\":{\"@type\":\"EntryPoint\",\"urlTemplate\":\"https:\/\/sisconfection.com\/?s={search_term_string}\"},\"query-input\":{\"@type\":\"PropertyValueSpecification\",\"valueRequired\":true,\"valueName\":\"search_term_string\"}}],\"inLanguage\":\"de-CH\"},{\"@type\":\"Organization\",\"@id\":\"https:\/\/sisconfection.com\/#organization\",\"name\":\"SIS Confection | Le style qui performe !\",\"alternateName\":\"SIS Confection | Accueil\",\"url\":\"https:\/\/sisconfection.com\/\",\"logo\":{\"@type\":\"ImageObject\",\"inLanguage\":\"de-CH\",\"@id\":\"https:\/\/sisconfection.com\/#\/schema\/logo\/image\/\",\"url\":\"https:\/\/sisconfection.com\/wp-content\/uploads\/2025\/05\/cropped-Sans-titre-1ttt.png\",\"contentUrl\":\"https:\/\/sisconfection.com\/wp-content\/uploads\/2025\/05\/cropped-Sans-titre-1ttt.png\",\"width\":512,\"height\":512,\"caption\":\"SIS Confection | Le style qui performe !\"},\"image\":{\"@id\":\"https:\/\/sisconfection.com\/#\/schema\/logo\/image\/\"}}]}<\/script>\n<!-- \/ Yoast SEO plugin. -->","yoast_head_json":{"title":"SIS UrbanRoots \u2013 Bomber Vert Fonc\u00e9 - SIS Confection \u2013 Le style qui performe","robots":{"index":"index","follow":"follow","max-snippet":"max-snippet:-1","max-image-preview":"max-image-preview:large","max-video-preview":"max-video-preview:-1"},"canonical":"https:\/\/sisconfection.com\/de\/produkt\/sis-urbanroots-bomber-vert-fonce\/","og_locale":"de_DE","og_type":"article","og_title":"SIS UrbanRoots \u2013 Bomber Vert Fonc\u00e9 - SIS Confection \u2013 Le style qui performe","og_description":"Un bomber au style intemporel, revisit\u00e9 par SIS dans une teinte vert fonc\u00e9 \u00e9l\u00e9gante, pour un look urbain affirm\u00e9 entre classicisme et modernit\u00e9.","og_url":"https:\/\/sisconfection.com\/de\/produkt\/sis-urbanroots-bomber-vert-fonce\/","og_site_name":"SIS Confection \u2013 Le style qui performe","article_modified_time":"2025-07-12T21:00:21+00:00","og_image":[{"width":683,"height":1024,"url":"https:\/\/sisconfection.com\/wp-content\/uploads\/2025\/07\/Design-sans-titre-99-683x1024.png","type":"image\/png"}],"twitter_card":"summary_large_image","twitter_misc":{"Gesch\u00e4tzte Lesezeit":"1\u00a0Minute"},"schema":{"@context":"https:\/\/schema.org","@graph":[{"@type":"WebPage","@id":"https:\/\/sisconfection.com\/produit\/sis-urbanroots-bomber-vert-fonce\/","url":"https:\/\/sisconfection.com\/produit\/sis-urbanroots-bomber-vert-fonce\/","name":"SIS UrbanRoots \u2013 Bomber Vert Fonc\u00e9 - SIS Confection \u2013 Le style qui performe","isPartOf":{"@id":"https:\/\/sisconfection.com\/#website"},"primaryImageOfPage":{"@id":"https:\/\/sisconfection.com\/produit\/sis-urbanroots-bomber-vert-fonce\/#primaryimage"},"image":{"@id":"https:\/\/sisconfection.com\/produit\/sis-urbanroots-bomber-vert-fonce\/#primaryimage"},"thumbnailUrl":"https:\/\/sisconfection.com\/wp-content\/uploads\/2025\/07\/Design-sans-titre-99.png","datePublished":"2025-07-12T20:58:34+00:00","dateModified":"2025-07-12T21:00:21+00:00","breadcrumb":{"@id":"https:\/\/sisconfection.com\/produit\/sis-urbanroots-bomber-vert-fonce\/#breadcrumb"},"inLanguage":"de-CH","potentialAction":[{"@type":"ReadAction","target":["https:\/\/sisconfection.com\/produit\/sis-urbanroots-bomber-vert-fonce\/"]}]},{"@type":"ImageObject","inLanguage":"de-CH","@id":"https:\/\/sisconfection.com\/produit\/sis-urbanroots-bomber-vert-fonce\/#primaryimage","url":"https:\/\/sisconfection.com\/wp-content\/uploads\/2025\/07\/Design-sans-titre-99.png","contentUrl":"https:\/\/sisconfection.com\/wp-content\/uploads\/2025\/07\/Design-sans-titre-99.png","width":1365,"height":2048},{"@type":"BreadcrumbList","@id":"https:\/\/sisconfection.com\/produit\/sis-urbanroots-bomber-vert-fonce\/#breadcrumb","itemListElement":[{"@type":"ListItem","position":1,"name":"Accueil","item":"https:\/\/sisconfection.com\/fr_fr\/"},{"@type":"ListItem","position":2,"name":"Boutique","item":"https:\/\/sisconfection.com\/boutique\/"},{"@type":"ListItem","position":3,"name":"SIS UrbanRoots \u2013 Bomber Vert Fonc\u00e9"}]},{"@type":"WebSite","@id":"https:\/\/sisconfection.com\/#website","url":"https:\/\/sisconfection.com\/","name":"SIS Confection \u2013 Le style qui performe","description":"SIS Confection, eine Sportwear-Marke, die Stil, Komfort und Leistung f\u00fcr M\u00e4nner und Frauen vereint. Schnelle Lieferung in Europa.","publisher":{"@id":"https:\/\/sisconfection.com\/#organization"},"potentialAction":[{"@type":"SearchAction","target":{"@type":"EntryPoint","urlTemplate":"https:\/\/sisconfection.com\/?s={search_term_string}"},"query-input":{"@type":"PropertyValueSpecification","valueRequired":true,"valueName":"search_term_string"}}],"inLanguage":"de-CH"},{"@type":"Organization","@id":"https:\/\/sisconfection.com\/#organization","name":"SIS Confection | Le style qui performe !","alternateName":"SIS Confection | Accueil","url":"https:\/\/sisconfection.com\/","logo":{"@type":"ImageObject","inLanguage":"de-CH","@id":"https:\/\/sisconfection.com\/#\/schema\/logo\/image\/","url":"https:\/\/sisconfection.com\/wp-content\/uploads\/2025\/05\/cropped-Sans-titre-1ttt.png","contentUrl":"https:\/\/sisconfection.com\/wp-content\/uploads\/2025\/05\/cropped-Sans-titre-1ttt.png","width":512,"height":512,"caption":"SIS Confection | Le style qui performe !"},"image":{"@id":"https:\/\/sisconfection.com\/#\/schema\/logo\/image\/"}}]}},"_links":{"self":[{"href":"https:\/\/sisconfection.com\/de\/wp-json\/wp\/v2\/product\/1462","targetHints":{"allow":["GET"]}}],"collection":[{"href":"https:\/\/sisconfection.com\/de\/wp-json\/wp\/v2\/product"}],"about":[{"href":"https:\/\/sisconfection.com\/de\/wp-json\/wp\/v2\/types\/product"}],"replies":[{"embeddable":true,"href":"https:\/\/sisconfection.com\/de\/wp-json\/wp\/v2\/comments?post=1462"}],"wp:featuredmedia":[{"embeddable":true,"href":"https:\/\/sisconfection.com\/de\/wp-json\/wp\/v2\/media\/1463"}],"wp:attachment":[{"href":"https:\/\/sisconfection.com\/de\/wp-json\/wp\/v2\/media?parent=1462"}],"wp:term":[{"taxonomy":"product_brand","embeddable":true,"href":"https:\/\/sisconfection.com\/de\/wp-json\/wp\/v2\/product_brand?post=1462"},{"taxonomy":"product_cat","embeddable":true,"href":"https:\/\/sisconfection.com\/de\/wp-json\/wp\/v2\/product_cat?post=1462"},{"taxonomy":"product_tag","embeddable":true,"href":"https:\/\/sisconfection.com\/de\/wp-json\/wp\/v2\/product_tag?post=1462"}],"curies":[{"name":"wp","href":"https:\/\/api.w.org\/{rel}","templated":true}]}}