{"id":1493,"date":"2025-07-14T15:10:21","date_gmt":"2025-07-14T13:10:21","guid":{"rendered":"https:\/\/sisconfection.com\/?post_type=product&#038;p=1493"},"modified":"2025-07-14T15:16:01","modified_gmt":"2025-07-14T13:16:01","slug":"sis-evergreen-soft-manteau-vert-sans-manche","status":"publish","type":"product","link":"https:\/\/sisconfection.com\/de\/produkt\/sis-evergreen-soft-manteau-vert-sans-manche\/","title":{"rendered":"SIS Evergreen Soft - Gr\u00fcner Mantel ohne \u00c4rmel"},"content":{"rendered":"<p data-start=\"313\" data-end=\"636\"><span style=\"vertical-align: inherit\"><span style=\"vertical-align: inherit\">R\u00e9chauffez votre style avec <\/span><\/span><strong data-start=\"361\" data-end=\"383\"><span style=\"vertical-align: inherit\"><span style=\"vertical-align: inherit\">SIS Evergreen Soft<\/span><\/span><\/strong><span style=\"vertical-align: inherit\"><span style=\"vertical-align: inherit\"> , le manteau sans manche qui allie raffinement, confort et praticit\u00e9. Pens\u00e9 pour les femmes modernes qui recherchent une pi\u00e8ce \u00e0 la fois tendance et fonctionnelle, ce manteau vert profond se distingue par son allure naturelle et sa finition soign\u00e9e.<\/span><\/span><\/p>\n<p data-start=\"638\" data-end=\"940\"><span style=\"vertical-align: inherit\"><span style=\"vertical-align: inherit\">Sa coupe droite et \u00e9pur\u00e9e flatte toutes les silhouettes, tandis que sa <\/span><\/span><strong data-start=\"709\" data-end=\"751\"><span style=\"vertical-align: inherit\"><span style=\"vertical-align: inherit\">doublure en fourrure beige toute douce<\/span><\/span><\/strong><span style=\"vertical-align: inherit\"><span style=\"vertical-align: inherit\"> procure une chaleur enveloppante d\u00e8s les premiers froids. L\u00e9ger mais protecteur, il se superpose facilement \u00e0 un pull ou une veste fine, pour un look casual chic en toutes circonstances.<\/span><\/span><\/p>\n<p data-start=\"942\" data-end=\"1136\" data-is-last-node=\"\" data-is-only-node=\"\"><span style=\"vertical-align: inherit\"><span style=\"vertical-align: inherit\">Id\u00e9al pour les promenades automnales, les vir\u00e9es en ville ou les journ\u00e9es de travail en ext\u00e9rieur, <\/span><\/span><strong data-start=\"1041\" data-end=\"1063\"><span style=\"vertical-align: inherit\"><span style=\"vertical-align: inherit\">SIS Evergreen Soft<\/span><\/span><\/strong><span style=\"vertical-align: inherit\"><span style=\"vertical-align: inherit\"> s&rsquo;impose comme la pi\u00e8ce incontournable de votre garde-robe de mi-saison.<\/span><\/span><\/p>","protected":false},"excerpt":{"rendered":"<p><span style=\"vertical-align: inherit\"><span style=\"vertical-align: inherit\">Un manteau sans manche chic et douillet, id\u00e9al pour l&rsquo;intersaison, qui m\u00eale \u00e9l\u00e9gance naturelle et confort absolu gr\u00e2ce \u00e0 sa teinte verte apaisante et sa fourrure int\u00e9rieure beige ultra-moelleuse.<\/span><\/span><\/p>","protected":false},"featured_media":1494,"comment_status":"open","ping_status":"closed","template":"","meta":[],"product_brand":[],"product_cat":[17,34],"product_tag":[],"class_list":{"0":"post-1493","1":"product","2":"type-product","3":"status-publish","4":"has-post-thumbnail","6":"product_cat-vetements-femme","7":"product_cat-manteau","9":"entry","10":"has-media","12":"first","13":"instock","14":"taxable","15":"shipping-taxable","16":"purchasable","17":"product-type-variable","18":"has-product-nav","19":"col","20":"span_1_of_4","21":"owp-content-center","22":"owp-thumbs-layout-horizontal","23":"owp-btn-normal","24":"owp-tabs-layout-section"},"yoast_head":"<!-- This site is optimized with the Yoast SEO plugin v26.6 - https:\/\/yoast.com\/wordpress\/plugins\/seo\/ -->\n<title>SIS Evergreen Soft \u2013 Manteau Vert Sans Manche - SIS Confection \u2013 Le style qui performe<\/title>\n<meta name=\"robots\" content=\"index, follow, max-snippet:-1, max-image-preview:large, max-video-preview:-1\" \/>\n<link rel=\"canonical\" href=\"https:\/\/sisconfection.com\/de\/produkt\/sis-evergreen-soft-manteau-vert-sans-manche\/\" \/>\n<meta property=\"og:locale\" content=\"de_DE\" \/>\n<meta property=\"og:type\" content=\"article\" \/>\n<meta property=\"og:title\" content=\"SIS Evergreen Soft \u2013 Manteau Vert Sans Manche - SIS Confection \u2013 Le style qui performe\" \/>\n<meta property=\"og:description\" content=\"Un manteau sans manche chic et douillet, id\u00e9al pour l&#039;intersaison, qui m\u00eale \u00e9l\u00e9gance naturelle et confort absolu gr\u00e2ce \u00e0 sa teinte verte apaisante et sa fourrure int\u00e9rieure beige ultra-moelleuse.\" \/>\n<meta property=\"og:url\" content=\"https:\/\/sisconfection.com\/de\/produkt\/sis-evergreen-soft-manteau-vert-sans-manche\/\" \/>\n<meta property=\"og:site_name\" content=\"SIS Confection \u2013 Le style qui performe\" \/>\n<meta property=\"article:modified_time\" content=\"2025-07-14T13:16:01+00:00\" \/>\n<meta property=\"og:image\" content=\"https:\/\/sisconfection.com\/wp-content\/uploads\/2025\/07\/Design-sans-titre-8-3-683x1024.png\" \/>\n\t<meta property=\"og:image:width\" content=\"683\" \/>\n\t<meta property=\"og:image:height\" content=\"1024\" \/>\n\t<meta property=\"og:image:type\" content=\"image\/png\" \/>\n<meta name=\"twitter:card\" content=\"summary_large_image\" \/>\n<meta name=\"twitter:label1\" content=\"Gesch\u00e4tzte Lesezeit\" \/>\n\t<meta name=\"twitter:data1\" content=\"1\u00a0Minute\" \/>\n<script type=\"application\/ld+json\" class=\"yoast-schema-graph\">{\"@context\":\"https:\/\/schema.org\",\"@graph\":[{\"@type\":\"WebPage\",\"@id\":\"https:\/\/sisconfection.com\/produit\/sis-evergreen-soft-manteau-vert-sans-manche\/\",\"url\":\"https:\/\/sisconfection.com\/produit\/sis-evergreen-soft-manteau-vert-sans-manche\/\",\"name\":\"SIS Evergreen Soft \u2013 Manteau Vert Sans Manche - SIS Confection \u2013 Le style qui performe\",\"isPartOf\":{\"@id\":\"https:\/\/sisconfection.com\/#website\"},\"primaryImageOfPage\":{\"@id\":\"https:\/\/sisconfection.com\/produit\/sis-evergreen-soft-manteau-vert-sans-manche\/#primaryimage\"},\"image\":{\"@id\":\"https:\/\/sisconfection.com\/produit\/sis-evergreen-soft-manteau-vert-sans-manche\/#primaryimage\"},\"thumbnailUrl\":\"https:\/\/sisconfection.com\/wp-content\/uploads\/2025\/07\/Design-sans-titre-8-3.png\",\"datePublished\":\"2025-07-14T13:10:21+00:00\",\"dateModified\":\"2025-07-14T13:16:01+00:00\",\"breadcrumb\":{\"@id\":\"https:\/\/sisconfection.com\/produit\/sis-evergreen-soft-manteau-vert-sans-manche\/#breadcrumb\"},\"inLanguage\":\"de-CH\",\"potentialAction\":[{\"@type\":\"ReadAction\",\"target\":[\"https:\/\/sisconfection.com\/produit\/sis-evergreen-soft-manteau-vert-sans-manche\/\"]}]},{\"@type\":\"ImageObject\",\"inLanguage\":\"de-CH\",\"@id\":\"https:\/\/sisconfection.com\/produit\/sis-evergreen-soft-manteau-vert-sans-manche\/#primaryimage\",\"url\":\"https:\/\/sisconfection.com\/wp-content\/uploads\/2025\/07\/Design-sans-titre-8-3.png\",\"contentUrl\":\"https:\/\/sisconfection.com\/wp-content\/uploads\/2025\/07\/Design-sans-titre-8-3.png\",\"width\":1365,\"height\":2048},{\"@type\":\"BreadcrumbList\",\"@id\":\"https:\/\/sisconfection.com\/produit\/sis-evergreen-soft-manteau-vert-sans-manche\/#breadcrumb\",\"itemListElement\":[{\"@type\":\"ListItem\",\"position\":1,\"name\":\"Accueil\",\"item\":\"https:\/\/sisconfection.com\/fr_fr\/\"},{\"@type\":\"ListItem\",\"position\":2,\"name\":\"Boutique\",\"item\":\"https:\/\/sisconfection.com\/boutique\/\"},{\"@type\":\"ListItem\",\"position\":3,\"name\":\"SIS Evergreen Soft \u2013 Manteau Vert Sans Manche\"}]},{\"@type\":\"WebSite\",\"@id\":\"https:\/\/sisconfection.com\/#website\",\"url\":\"https:\/\/sisconfection.com\/\",\"name\":\"SIS Confection \u2013 Le style qui performe\",\"description\":\"SIS Confection, marque de sportwear alliant style, confort et performance pour homme et femme. Livraison rapide en Europe.\",\"publisher\":{\"@id\":\"https:\/\/sisconfection.com\/#organization\"},\"potentialAction\":[{\"@type\":\"SearchAction\",\"target\":{\"@type\":\"EntryPoint\",\"urlTemplate\":\"https:\/\/sisconfection.com\/?s={search_term_string}\"},\"query-input\":{\"@type\":\"PropertyValueSpecification\",\"valueRequired\":true,\"valueName\":\"search_term_string\"}}],\"inLanguage\":\"de-CH\"},{\"@type\":\"Organization\",\"@id\":\"https:\/\/sisconfection.com\/#organization\",\"name\":\"SIS Confection | Le style qui performe !\",\"alternateName\":\"SIS Confection | Accueil\",\"url\":\"https:\/\/sisconfection.com\/\",\"logo\":{\"@type\":\"ImageObject\",\"inLanguage\":\"de-CH\",\"@id\":\"https:\/\/sisconfection.com\/#\/schema\/logo\/image\/\",\"url\":\"https:\/\/sisconfection.com\/wp-content\/uploads\/2025\/05\/cropped-Sans-titre-1ttt.png\",\"contentUrl\":\"https:\/\/sisconfection.com\/wp-content\/uploads\/2025\/05\/cropped-Sans-titre-1ttt.png\",\"width\":512,\"height\":512,\"caption\":\"SIS Confection | Le style qui performe !\"},\"image\":{\"@id\":\"https:\/\/sisconfection.com\/#\/schema\/logo\/image\/\"}}]}<\/script>\n<!-- \/ Yoast SEO plugin. -->","yoast_head_json":{"title":"SIS Evergreen Soft \u2013 Manteau Vert Sans Manche - SIS Confection \u2013 Le style qui performe","robots":{"index":"index","follow":"follow","max-snippet":"max-snippet:-1","max-image-preview":"max-image-preview:large","max-video-preview":"max-video-preview:-1"},"canonical":"https:\/\/sisconfection.com\/de\/produkt\/sis-evergreen-soft-manteau-vert-sans-manche\/","og_locale":"de_DE","og_type":"article","og_title":"SIS Evergreen Soft \u2013 Manteau Vert Sans Manche - SIS Confection \u2013 Le style qui performe","og_description":"Un manteau sans manche chic et douillet, id\u00e9al pour l'intersaison, qui m\u00eale \u00e9l\u00e9gance naturelle et confort absolu gr\u00e2ce \u00e0 sa teinte verte apaisante et sa fourrure int\u00e9rieure beige ultra-moelleuse.","og_url":"https:\/\/sisconfection.com\/de\/produkt\/sis-evergreen-soft-manteau-vert-sans-manche\/","og_site_name":"SIS Confection \u2013 Le style qui performe","article_modified_time":"2025-07-14T13:16:01+00:00","og_image":[{"width":683,"height":1024,"url":"https:\/\/sisconfection.com\/wp-content\/uploads\/2025\/07\/Design-sans-titre-8-3-683x1024.png","type":"image\/png"}],"twitter_card":"summary_large_image","twitter_misc":{"Gesch\u00e4tzte Lesezeit":"1\u00a0Minute"},"schema":{"@context":"https:\/\/schema.org","@graph":[{"@type":"WebPage","@id":"https:\/\/sisconfection.com\/produit\/sis-evergreen-soft-manteau-vert-sans-manche\/","url":"https:\/\/sisconfection.com\/produit\/sis-evergreen-soft-manteau-vert-sans-manche\/","name":"SIS Evergreen Soft \u2013 Manteau Vert Sans Manche - SIS Confection \u2013 Le style qui performe","isPartOf":{"@id":"https:\/\/sisconfection.com\/#website"},"primaryImageOfPage":{"@id":"https:\/\/sisconfection.com\/produit\/sis-evergreen-soft-manteau-vert-sans-manche\/#primaryimage"},"image":{"@id":"https:\/\/sisconfection.com\/produit\/sis-evergreen-soft-manteau-vert-sans-manche\/#primaryimage"},"thumbnailUrl":"https:\/\/sisconfection.com\/wp-content\/uploads\/2025\/07\/Design-sans-titre-8-3.png","datePublished":"2025-07-14T13:10:21+00:00","dateModified":"2025-07-14T13:16:01+00:00","breadcrumb":{"@id":"https:\/\/sisconfection.com\/produit\/sis-evergreen-soft-manteau-vert-sans-manche\/#breadcrumb"},"inLanguage":"de-CH","potentialAction":[{"@type":"ReadAction","target":["https:\/\/sisconfection.com\/produit\/sis-evergreen-soft-manteau-vert-sans-manche\/"]}]},{"@type":"ImageObject","inLanguage":"de-CH","@id":"https:\/\/sisconfection.com\/produit\/sis-evergreen-soft-manteau-vert-sans-manche\/#primaryimage","url":"https:\/\/sisconfection.com\/wp-content\/uploads\/2025\/07\/Design-sans-titre-8-3.png","contentUrl":"https:\/\/sisconfection.com\/wp-content\/uploads\/2025\/07\/Design-sans-titre-8-3.png","width":1365,"height":2048},{"@type":"BreadcrumbList","@id":"https:\/\/sisconfection.com\/produit\/sis-evergreen-soft-manteau-vert-sans-manche\/#breadcrumb","itemListElement":[{"@type":"ListItem","position":1,"name":"Accueil","item":"https:\/\/sisconfection.com\/fr_fr\/"},{"@type":"ListItem","position":2,"name":"Boutique","item":"https:\/\/sisconfection.com\/boutique\/"},{"@type":"ListItem","position":3,"name":"SIS Evergreen Soft \u2013 Manteau Vert Sans Manche"}]},{"@type":"WebSite","@id":"https:\/\/sisconfection.com\/#website","url":"https:\/\/sisconfection.com\/","name":"SIS Confection \u2013 Le style qui performe","description":"SIS Confection, eine Sportwear-Marke, die Stil, Komfort und Leistung f\u00fcr M\u00e4nner und Frauen vereint. Schnelle Lieferung in Europa.","publisher":{"@id":"https:\/\/sisconfection.com\/#organization"},"potentialAction":[{"@type":"SearchAction","target":{"@type":"EntryPoint","urlTemplate":"https:\/\/sisconfection.com\/?s={search_term_string}"},"query-input":{"@type":"PropertyValueSpecification","valueRequired":true,"valueName":"search_term_string"}}],"inLanguage":"de-CH"},{"@type":"Organization","@id":"https:\/\/sisconfection.com\/#organization","name":"SIS Confection | Le style qui performe !","alternateName":"SIS Confection | Accueil","url":"https:\/\/sisconfection.com\/","logo":{"@type":"ImageObject","inLanguage":"de-CH","@id":"https:\/\/sisconfection.com\/#\/schema\/logo\/image\/","url":"https:\/\/sisconfection.com\/wp-content\/uploads\/2025\/05\/cropped-Sans-titre-1ttt.png","contentUrl":"https:\/\/sisconfection.com\/wp-content\/uploads\/2025\/05\/cropped-Sans-titre-1ttt.png","width":512,"height":512,"caption":"SIS Confection | Le style qui performe !"},"image":{"@id":"https:\/\/sisconfection.com\/#\/schema\/logo\/image\/"}}]}},"_links":{"self":[{"href":"https:\/\/sisconfection.com\/de\/wp-json\/wp\/v2\/product\/1493","targetHints":{"allow":["GET"]}}],"collection":[{"href":"https:\/\/sisconfection.com\/de\/wp-json\/wp\/v2\/product"}],"about":[{"href":"https:\/\/sisconfection.com\/de\/wp-json\/wp\/v2\/types\/product"}],"replies":[{"embeddable":true,"href":"https:\/\/sisconfection.com\/de\/wp-json\/wp\/v2\/comments?post=1493"}],"wp:featuredmedia":[{"embeddable":true,"href":"https:\/\/sisconfection.com\/de\/wp-json\/wp\/v2\/media\/1494"}],"wp:attachment":[{"href":"https:\/\/sisconfection.com\/de\/wp-json\/wp\/v2\/media?parent=1493"}],"wp:term":[{"taxonomy":"product_brand","embeddable":true,"href":"https:\/\/sisconfection.com\/de\/wp-json\/wp\/v2\/product_brand?post=1493"},{"taxonomy":"product_cat","embeddable":true,"href":"https:\/\/sisconfection.com\/de\/wp-json\/wp\/v2\/product_cat?post=1493"},{"taxonomy":"product_tag","embeddable":true,"href":"https:\/\/sisconfection.com\/de\/wp-json\/wp\/v2\/product_tag?post=1493"}],"curies":[{"name":"wp","href":"https:\/\/api.w.org\/{rel}","templated":true}]}}