{"id":1787,"date":"2025-07-20T16:01:39","date_gmt":"2025-07-20T14:01:39","guid":{"rendered":"https:\/\/sisconfection.com\/?post_type=product&#038;p=1787"},"modified":"2025-07-20T16:02:23","modified_gmt":"2025-07-20T14:02:23","slug":"sis-denim-nomad-jean-sarouel","status":"publish","type":"product","link":"https:\/\/sisconfection.com\/de\/produkt\/sis-denim-nomad-jean-sarouel\/","title":{"rendered":"SIS Denim Nomad - Jeans Sarouel"},"content":{"rendered":"<p data-start=\"336\" data-end=\"613\">Zeigen Sie Ihren Freigeist mit SIS Denim Nomad, der Jeans-Pluderhose f\u00fcr Frauen, die mit den Codes des klassischen Denim bricht. Diese Hose wurde f\u00fcr Frauen entworfen, die sowohl Komfort als auch Originalit\u00e4t suchen, und interpretiert den orientalischen Stil mit einem modernen Touch.<\/p>\n<p data-start=\"615\" data-end=\"946\">Sie ist aus weichem, strapazierf\u00e4higem Jeansstoff gefertigt und passt sich Ihren Bewegungen an, ohne sie einzuschr\u00e4nken, denn sie ist im H\u00fcftbereich locker und flie\u00dfend geschnitten und wird an den Kn\u00f6cheln enger, um eine dynamische Silhouette zu schaffen. Die SIS Denim Nomad ist perfekt f\u00fcr aktive Tage und entspannte Momente und passt sich Ihrem Rhythmus mit Eleganz an.<\/p>\n<p data-start=\"948\" data-end=\"1195\">Die sorgf\u00e4ltige Verarbeitung, die praktischen Taschen und das schlichte Design machen sie zu einem wichtigen Teil Ihrer Garderobe, den Sie je nach Lust und Laune mit Turnschuhen oder Sandalen tragen k\u00f6nnen. Mit SIS Denim Nomad k\u00f6nnen Sie sich einen freien, selbstbewussten und absolut modernen Stil aneignen.<\/p>","protected":false},"excerpt":{"rendered":"<p>Eine bequeme, gewagte und ultra-stylische Jeans-Pluderhose, um Bewegungsfreiheit und urbane Eleganz im Alltag zu vereinen.<\/p>","protected":false},"featured_media":1788,"comment_status":"open","ping_status":"closed","template":"","meta":[],"product_brand":[],"product_cat":[17,30],"product_tag":[],"class_list":{"0":"post-1787","1":"product","2":"type-product","3":"status-publish","4":"has-post-thumbnail","6":"product_cat-vetements-femme","7":"product_cat-pantalons","9":"entry","10":"has-media","12":"first","13":"instock","14":"taxable","15":"shipping-taxable","16":"purchasable","17":"product-type-variable","18":"has-product-nav","19":"col","20":"span_1_of_4","21":"owp-content-center","22":"owp-thumbs-layout-horizontal","23":"owp-btn-normal","24":"owp-tabs-layout-section"},"yoast_head":"<!-- This site is optimized with the Yoast SEO plugin v26.6 - https:\/\/yoast.com\/wordpress\/plugins\/seo\/ -->\n<title>SIS Denim Nomad \u2013 Jean Sarouel - SIS Confection \u2013 Le style qui performe<\/title>\n<meta name=\"robots\" content=\"index, follow, max-snippet:-1, max-image-preview:large, max-video-preview:-1\" \/>\n<link rel=\"canonical\" href=\"https:\/\/sisconfection.com\/de\/produkt\/sis-denim-nomad-jean-sarouel\/\" \/>\n<meta property=\"og:locale\" content=\"de_DE\" \/>\n<meta property=\"og:type\" content=\"article\" \/>\n<meta property=\"og:title\" content=\"SIS Denim Nomad \u2013 Jean Sarouel - SIS Confection \u2013 Le style qui performe\" \/>\n<meta property=\"og:description\" content=\"Un sarouel en jean \u00e0 la fois confortable, audacieux et ultra styl\u00e9, pour allier libert\u00e9 de mouvement et \u00e9l\u00e9gance urbaine au quotidien.\" \/>\n<meta property=\"og:url\" content=\"https:\/\/sisconfection.com\/de\/produkt\/sis-denim-nomad-jean-sarouel\/\" \/>\n<meta property=\"og:site_name\" content=\"SIS Confection \u2013 Le style qui performe\" \/>\n<meta property=\"article:modified_time\" content=\"2025-07-20T14:02:23+00:00\" \/>\n<meta property=\"og:image\" content=\"https:\/\/sisconfection.com\/wp-content\/uploads\/2025\/07\/Design-sans-titre-14-3.png\" \/>\n\t<meta property=\"og:image:width\" content=\"1365\" \/>\n\t<meta property=\"og:image:height\" content=\"2048\" \/>\n\t<meta property=\"og:image:type\" content=\"image\/png\" \/>\n<meta name=\"twitter:card\" content=\"summary_large_image\" \/>\n<meta name=\"twitter:label1\" content=\"Gesch\u00e4tzte Lesezeit\" \/>\n\t<meta name=\"twitter:data1\" content=\"1\u00a0Minute\" \/>\n<script type=\"application\/ld+json\" class=\"yoast-schema-graph\">{\"@context\":\"https:\/\/schema.org\",\"@graph\":[{\"@type\":\"WebPage\",\"@id\":\"https:\/\/sisconfection.com\/produit\/sis-denim-nomad-jean-sarouel\/\",\"url\":\"https:\/\/sisconfection.com\/produit\/sis-denim-nomad-jean-sarouel\/\",\"name\":\"SIS Denim Nomad \u2013 Jean Sarouel - SIS Confection \u2013 Le style qui performe\",\"isPartOf\":{\"@id\":\"https:\/\/sisconfection.com\/#website\"},\"primaryImageOfPage\":{\"@id\":\"https:\/\/sisconfection.com\/produit\/sis-denim-nomad-jean-sarouel\/#primaryimage\"},\"image\":{\"@id\":\"https:\/\/sisconfection.com\/produit\/sis-denim-nomad-jean-sarouel\/#primaryimage\"},\"thumbnailUrl\":\"https:\/\/sisconfection.com\/wp-content\/uploads\/2025\/07\/Design-sans-titre-14-3.png\",\"datePublished\":\"2025-07-20T14:01:39+00:00\",\"dateModified\":\"2025-07-20T14:02:23+00:00\",\"breadcrumb\":{\"@id\":\"https:\/\/sisconfection.com\/produit\/sis-denim-nomad-jean-sarouel\/#breadcrumb\"},\"inLanguage\":\"de-CH\",\"potentialAction\":[{\"@type\":\"ReadAction\",\"target\":[\"https:\/\/sisconfection.com\/produit\/sis-denim-nomad-jean-sarouel\/\"]}]},{\"@type\":\"ImageObject\",\"inLanguage\":\"de-CH\",\"@id\":\"https:\/\/sisconfection.com\/produit\/sis-denim-nomad-jean-sarouel\/#primaryimage\",\"url\":\"https:\/\/sisconfection.com\/wp-content\/uploads\/2025\/07\/Design-sans-titre-14-3.png\",\"contentUrl\":\"https:\/\/sisconfection.com\/wp-content\/uploads\/2025\/07\/Design-sans-titre-14-3.png\",\"width\":1365,\"height\":2048},{\"@type\":\"BreadcrumbList\",\"@id\":\"https:\/\/sisconfection.com\/produit\/sis-denim-nomad-jean-sarouel\/#breadcrumb\",\"itemListElement\":[{\"@type\":\"ListItem\",\"position\":1,\"name\":\"Accueil\",\"item\":\"https:\/\/sisconfection.com\/fr_fr\/\"},{\"@type\":\"ListItem\",\"position\":2,\"name\":\"Boutique\",\"item\":\"https:\/\/sisconfection.com\/boutique\/\"},{\"@type\":\"ListItem\",\"position\":3,\"name\":\"SIS Denim Nomad \u2013 Jean Sarouel\"}]},{\"@type\":\"WebSite\",\"@id\":\"https:\/\/sisconfection.com\/#website\",\"url\":\"https:\/\/sisconfection.com\/\",\"name\":\"SIS Confection \u2013 Le style qui performe\",\"description\":\"SIS Confection, marque de sportwear alliant style, confort et performance pour homme et femme. Livraison rapide en Europe.\",\"publisher\":{\"@id\":\"https:\/\/sisconfection.com\/#organization\"},\"potentialAction\":[{\"@type\":\"SearchAction\",\"target\":{\"@type\":\"EntryPoint\",\"urlTemplate\":\"https:\/\/sisconfection.com\/?s={search_term_string}\"},\"query-input\":{\"@type\":\"PropertyValueSpecification\",\"valueRequired\":true,\"valueName\":\"search_term_string\"}}],\"inLanguage\":\"de-CH\"},{\"@type\":\"Organization\",\"@id\":\"https:\/\/sisconfection.com\/#organization\",\"name\":\"SIS Confection | Le style qui performe !\",\"alternateName\":\"SIS Confection | Accueil\",\"url\":\"https:\/\/sisconfection.com\/\",\"logo\":{\"@type\":\"ImageObject\",\"inLanguage\":\"de-CH\",\"@id\":\"https:\/\/sisconfection.com\/#\/schema\/logo\/image\/\",\"url\":\"https:\/\/sisconfection.com\/wp-content\/uploads\/2025\/05\/cropped-Sans-titre-1ttt.png\",\"contentUrl\":\"https:\/\/sisconfection.com\/wp-content\/uploads\/2025\/05\/cropped-Sans-titre-1ttt.png\",\"width\":512,\"height\":512,\"caption\":\"SIS Confection | Le style qui performe !\"},\"image\":{\"@id\":\"https:\/\/sisconfection.com\/#\/schema\/logo\/image\/\"}}]}<\/script>\n<!-- \/ Yoast SEO plugin. -->","yoast_head_json":{"title":"SIS Denim Nomad \u2013 Jean Sarouel - SIS Confection \u2013 Le style qui performe","robots":{"index":"index","follow":"follow","max-snippet":"max-snippet:-1","max-image-preview":"max-image-preview:large","max-video-preview":"max-video-preview:-1"},"canonical":"https:\/\/sisconfection.com\/de\/produkt\/sis-denim-nomad-jean-sarouel\/","og_locale":"de_DE","og_type":"article","og_title":"SIS Denim Nomad \u2013 Jean Sarouel - SIS Confection \u2013 Le style qui performe","og_description":"Un sarouel en jean \u00e0 la fois confortable, audacieux et ultra styl\u00e9, pour allier libert\u00e9 de mouvement et \u00e9l\u00e9gance urbaine au quotidien.","og_url":"https:\/\/sisconfection.com\/de\/produkt\/sis-denim-nomad-jean-sarouel\/","og_site_name":"SIS Confection \u2013 Le style qui performe","article_modified_time":"2025-07-20T14:02:23+00:00","og_image":[{"width":1365,"height":2048,"url":"https:\/\/sisconfection.com\/wp-content\/uploads\/2025\/07\/Design-sans-titre-14-3.png","type":"image\/png"}],"twitter_card":"summary_large_image","twitter_misc":{"Gesch\u00e4tzte Lesezeit":"1\u00a0Minute"},"schema":{"@context":"https:\/\/schema.org","@graph":[{"@type":"WebPage","@id":"https:\/\/sisconfection.com\/produit\/sis-denim-nomad-jean-sarouel\/","url":"https:\/\/sisconfection.com\/produit\/sis-denim-nomad-jean-sarouel\/","name":"SIS Denim Nomad \u2013 Jean Sarouel - SIS Confection \u2013 Le style qui performe","isPartOf":{"@id":"https:\/\/sisconfection.com\/#website"},"primaryImageOfPage":{"@id":"https:\/\/sisconfection.com\/produit\/sis-denim-nomad-jean-sarouel\/#primaryimage"},"image":{"@id":"https:\/\/sisconfection.com\/produit\/sis-denim-nomad-jean-sarouel\/#primaryimage"},"thumbnailUrl":"https:\/\/sisconfection.com\/wp-content\/uploads\/2025\/07\/Design-sans-titre-14-3.png","datePublished":"2025-07-20T14:01:39+00:00","dateModified":"2025-07-20T14:02:23+00:00","breadcrumb":{"@id":"https:\/\/sisconfection.com\/produit\/sis-denim-nomad-jean-sarouel\/#breadcrumb"},"inLanguage":"de-CH","potentialAction":[{"@type":"ReadAction","target":["https:\/\/sisconfection.com\/produit\/sis-denim-nomad-jean-sarouel\/"]}]},{"@type":"ImageObject","inLanguage":"de-CH","@id":"https:\/\/sisconfection.com\/produit\/sis-denim-nomad-jean-sarouel\/#primaryimage","url":"https:\/\/sisconfection.com\/wp-content\/uploads\/2025\/07\/Design-sans-titre-14-3.png","contentUrl":"https:\/\/sisconfection.com\/wp-content\/uploads\/2025\/07\/Design-sans-titre-14-3.png","width":1365,"height":2048},{"@type":"BreadcrumbList","@id":"https:\/\/sisconfection.com\/produit\/sis-denim-nomad-jean-sarouel\/#breadcrumb","itemListElement":[{"@type":"ListItem","position":1,"name":"Accueil","item":"https:\/\/sisconfection.com\/fr_fr\/"},{"@type":"ListItem","position":2,"name":"Boutique","item":"https:\/\/sisconfection.com\/boutique\/"},{"@type":"ListItem","position":3,"name":"SIS Denim Nomad \u2013 Jean Sarouel"}]},{"@type":"WebSite","@id":"https:\/\/sisconfection.com\/#website","url":"https:\/\/sisconfection.com\/","name":"SIS Confection \u2013 Le style qui performe","description":"SIS Confection, eine Sportwear-Marke, die Stil, Komfort und Leistung f\u00fcr M\u00e4nner und Frauen vereint. Schnelle Lieferung in Europa.","publisher":{"@id":"https:\/\/sisconfection.com\/#organization"},"potentialAction":[{"@type":"SearchAction","target":{"@type":"EntryPoint","urlTemplate":"https:\/\/sisconfection.com\/?s={search_term_string}"},"query-input":{"@type":"PropertyValueSpecification","valueRequired":true,"valueName":"search_term_string"}}],"inLanguage":"de-CH"},{"@type":"Organization","@id":"https:\/\/sisconfection.com\/#organization","name":"SIS Confection | Le style qui performe !","alternateName":"SIS Confection | Accueil","url":"https:\/\/sisconfection.com\/","logo":{"@type":"ImageObject","inLanguage":"de-CH","@id":"https:\/\/sisconfection.com\/#\/schema\/logo\/image\/","url":"https:\/\/sisconfection.com\/wp-content\/uploads\/2025\/05\/cropped-Sans-titre-1ttt.png","contentUrl":"https:\/\/sisconfection.com\/wp-content\/uploads\/2025\/05\/cropped-Sans-titre-1ttt.png","width":512,"height":512,"caption":"SIS Confection | Le style qui performe !"},"image":{"@id":"https:\/\/sisconfection.com\/#\/schema\/logo\/image\/"}}]}},"_links":{"self":[{"href":"https:\/\/sisconfection.com\/de\/wp-json\/wp\/v2\/product\/1787","targetHints":{"allow":["GET"]}}],"collection":[{"href":"https:\/\/sisconfection.com\/de\/wp-json\/wp\/v2\/product"}],"about":[{"href":"https:\/\/sisconfection.com\/de\/wp-json\/wp\/v2\/types\/product"}],"replies":[{"embeddable":true,"href":"https:\/\/sisconfection.com\/de\/wp-json\/wp\/v2\/comments?post=1787"}],"wp:featuredmedia":[{"embeddable":true,"href":"https:\/\/sisconfection.com\/de\/wp-json\/wp\/v2\/media\/1788"}],"wp:attachment":[{"href":"https:\/\/sisconfection.com\/de\/wp-json\/wp\/v2\/media?parent=1787"}],"wp:term":[{"taxonomy":"product_brand","embeddable":true,"href":"https:\/\/sisconfection.com\/de\/wp-json\/wp\/v2\/product_brand?post=1787"},{"taxonomy":"product_cat","embeddable":true,"href":"https:\/\/sisconfection.com\/de\/wp-json\/wp\/v2\/product_cat?post=1787"},{"taxonomy":"product_tag","embeddable":true,"href":"https:\/\/sisconfection.com\/de\/wp-json\/wp\/v2\/product_tag?post=1787"}],"curies":[{"name":"wp","href":"https:\/\/api.w.org\/{rel}","templated":true}]}}