{"id":1593,"date":"2025-07-16T13:51:38","date_gmt":"2025-07-16T11:51:38","guid":{"rendered":"https:\/\/sisconfection.com\/?post_type=product&#038;p=1593"},"modified":"2025-07-16T13:55:50","modified_gmt":"2025-07-16T11:55:50","slug":"sis-midnight-grace-pull-col-roule","status":"publish","type":"product","link":"https:\/\/sisconfection.com\/de_de\/produkt\/sis-midnight-grace-pull-col-roule\/","title":{"rendered":"SIS Midnight Grace - Pullover mit Rollkragen"},"content":{"rendered":"<p data-start=\"324\" data-end=\"614\">Behaupten Sie Ihr Aussehen mit SIS <em data-start=\"375\" data-end=\"391\">Midnight Grace<\/em>Der schwarze Rollkragenpullover f\u00fcr Damen vereint Komfort, Schlichtheit und Raffinesse. Ideal f\u00fcr k\u00fchle Tage oder Looks in der Zwischensaison, ist dieses Basic in neuem Gewand ein unverzichtbares Teil der weiblichen Garderobe.<\/p>\n<p data-start=\"616\" data-end=\"943\">Aus weichem, leicht dehnbarem Strick gefertigt, schmiegt er sich an die Formen an, ohne sie einzuengen, und bietet den ganzen Tag \u00fcber ein angenehmes W\u00e4rmegef\u00fchl. Der strukturierte Rollkragen verleiht nat\u00fcrliche Eleganz und sch\u00fctzt gleichzeitig vor K\u00e4lte, w\u00e4hrend der eng anliegende Schnitt die Silhouette mit Raffinesse betont.<\/p>\n<p data-start=\"945\" data-end=\"1167\">Unter einem Kost\u00fcmjackett f\u00fcr einen professionellen Stil oder mit Jeans f\u00fcr einen l\u00e4ssig-schicken Look zu tragen, der SIS <em data-start=\"1056\" data-end=\"1072\">Midnight Grace<\/em> passt sich all Ihren W\u00fcnschen mit Vornehmheit an. Ein modernes Must-have von SIS Confection.<\/p>","protected":false},"excerpt":{"rendered":"<p>Ein schicker, warmer und zeitloser Rollkragenpullover in Schwarz, der alle Silhouetten mit einem Hauch von diskreter Raffinesse betonen soll.<\/p>","protected":false},"featured_media":1594,"comment_status":"open","ping_status":"closed","template":"","meta":[],"product_brand":[],"product_cat":[17,31],"product_tag":[],"class_list":{"0":"post-1593","1":"product","2":"type-product","3":"status-publish","4":"has-post-thumbnail","6":"product_cat-vetements-femme","7":"product_cat-sweats-vetements-femme","9":"entry","10":"has-media","12":"first","13":"instock","14":"taxable","15":"shipping-taxable","16":"purchasable","17":"product-type-variable","18":"has-product-nav","19":"col","20":"span_1_of_4","21":"owp-content-center","22":"owp-thumbs-layout-horizontal","23":"owp-btn-normal","24":"owp-tabs-layout-section"},"yoast_head":"<!-- This site is optimized with the Yoast SEO plugin v26.6 - https:\/\/yoast.com\/wordpress\/plugins\/seo\/ -->\n<title>SIS Midnight Grace \u2013 Pull Col Roul\u00e9 - SIS Confection \u2013 Le style qui performe<\/title>\n<meta name=\"robots\" content=\"index, follow, max-snippet:-1, max-image-preview:large, max-video-preview:-1\" \/>\n<link rel=\"canonical\" href=\"https:\/\/sisconfection.com\/de_de\/produkt\/sis-midnight-grace-pull-col-roule\/\" \/>\n<meta property=\"og:locale\" content=\"de_DE\" \/>\n<meta property=\"og:type\" content=\"article\" \/>\n<meta property=\"og:title\" content=\"SIS Midnight Grace \u2013 Pull Col Roul\u00e9 - SIS Confection \u2013 Le style qui performe\" \/>\n<meta property=\"og:description\" content=\"Un pull col roul\u00e9 noir chic, chaud et intemporel, pens\u00e9 pour sublimer toutes les silhouettes avec une touche de raffinement discret.\" \/>\n<meta property=\"og:url\" content=\"https:\/\/sisconfection.com\/de_de\/produkt\/sis-midnight-grace-pull-col-roule\/\" \/>\n<meta property=\"og:site_name\" content=\"SIS Confection \u2013 Le style qui performe\" \/>\n<meta property=\"article:modified_time\" content=\"2025-07-16T11:55:50+00:00\" \/>\n<meta property=\"og:image\" content=\"https:\/\/sisconfection.com\/wp-content\/uploads\/2025\/07\/Design-sans-titre-50-1-683x1024.png\" \/>\n\t<meta property=\"og:image:width\" content=\"683\" \/>\n\t<meta property=\"og:image:height\" content=\"1024\" \/>\n\t<meta property=\"og:image:type\" content=\"image\/png\" \/>\n<meta name=\"twitter:card\" content=\"summary_large_image\" \/>\n<meta name=\"twitter:label1\" content=\"Gesch\u00e4tzte Lesezeit\" \/>\n\t<meta name=\"twitter:data1\" content=\"1\u00a0Minute\" \/>\n<script type=\"application\/ld+json\" class=\"yoast-schema-graph\">{\"@context\":\"https:\/\/schema.org\",\"@graph\":[{\"@type\":\"WebPage\",\"@id\":\"https:\/\/sisconfection.com\/produit\/sis-midnight-grace-pull-col-roule\/\",\"url\":\"https:\/\/sisconfection.com\/produit\/sis-midnight-grace-pull-col-roule\/\",\"name\":\"SIS Midnight Grace \u2013 Pull Col Roul\u00e9 - SIS Confection \u2013 Le style qui performe\",\"isPartOf\":{\"@id\":\"https:\/\/sisconfection.com\/#website\"},\"primaryImageOfPage\":{\"@id\":\"https:\/\/sisconfection.com\/produit\/sis-midnight-grace-pull-col-roule\/#primaryimage\"},\"image\":{\"@id\":\"https:\/\/sisconfection.com\/produit\/sis-midnight-grace-pull-col-roule\/#primaryimage\"},\"thumbnailUrl\":\"https:\/\/sisconfection.com\/wp-content\/uploads\/2025\/07\/Design-sans-titre-50-1.png\",\"datePublished\":\"2025-07-16T11:51:38+00:00\",\"dateModified\":\"2025-07-16T11:55:50+00:00\",\"breadcrumb\":{\"@id\":\"https:\/\/sisconfection.com\/produit\/sis-midnight-grace-pull-col-roule\/#breadcrumb\"},\"inLanguage\":\"de\",\"potentialAction\":[{\"@type\":\"ReadAction\",\"target\":[\"https:\/\/sisconfection.com\/produit\/sis-midnight-grace-pull-col-roule\/\"]}]},{\"@type\":\"ImageObject\",\"inLanguage\":\"de\",\"@id\":\"https:\/\/sisconfection.com\/produit\/sis-midnight-grace-pull-col-roule\/#primaryimage\",\"url\":\"https:\/\/sisconfection.com\/wp-content\/uploads\/2025\/07\/Design-sans-titre-50-1.png\",\"contentUrl\":\"https:\/\/sisconfection.com\/wp-content\/uploads\/2025\/07\/Design-sans-titre-50-1.png\",\"width\":1365,\"height\":2048},{\"@type\":\"BreadcrumbList\",\"@id\":\"https:\/\/sisconfection.com\/produit\/sis-midnight-grace-pull-col-roule\/#breadcrumb\",\"itemListElement\":[{\"@type\":\"ListItem\",\"position\":1,\"name\":\"Accueil\",\"item\":\"https:\/\/sisconfection.com\/fr_fr\/\"},{\"@type\":\"ListItem\",\"position\":2,\"name\":\"Boutique\",\"item\":\"https:\/\/sisconfection.com\/boutique\/\"},{\"@type\":\"ListItem\",\"position\":3,\"name\":\"SIS Midnight Grace \u2013 Pull Col Roul\u00e9\"}]},{\"@type\":\"WebSite\",\"@id\":\"https:\/\/sisconfection.com\/#website\",\"url\":\"https:\/\/sisconfection.com\/\",\"name\":\"SIS Confection \u2013 Le style qui performe\",\"description\":\"SIS Confection, marque de sportwear alliant style, confort et performance pour homme et femme. Livraison rapide en Europe.\",\"publisher\":{\"@id\":\"https:\/\/sisconfection.com\/#organization\"},\"potentialAction\":[{\"@type\":\"SearchAction\",\"target\":{\"@type\":\"EntryPoint\",\"urlTemplate\":\"https:\/\/sisconfection.com\/?s={search_term_string}\"},\"query-input\":{\"@type\":\"PropertyValueSpecification\",\"valueRequired\":true,\"valueName\":\"search_term_string\"}}],\"inLanguage\":\"de\"},{\"@type\":\"Organization\",\"@id\":\"https:\/\/sisconfection.com\/#organization\",\"name\":\"SIS Confection | Le style qui performe !\",\"alternateName\":\"SIS Confection | Accueil\",\"url\":\"https:\/\/sisconfection.com\/\",\"logo\":{\"@type\":\"ImageObject\",\"inLanguage\":\"de\",\"@id\":\"https:\/\/sisconfection.com\/#\/schema\/logo\/image\/\",\"url\":\"https:\/\/sisconfection.com\/wp-content\/uploads\/2025\/05\/cropped-Sans-titre-1ttt.png\",\"contentUrl\":\"https:\/\/sisconfection.com\/wp-content\/uploads\/2025\/05\/cropped-Sans-titre-1ttt.png\",\"width\":512,\"height\":512,\"caption\":\"SIS Confection | Le style qui performe !\"},\"image\":{\"@id\":\"https:\/\/sisconfection.com\/#\/schema\/logo\/image\/\"}}]}<\/script>\n<!-- \/ Yoast SEO plugin. -->","yoast_head_json":{"title":"SIS Midnight Grace \u2013 Pull Col Roul\u00e9 - SIS Confection \u2013 Le style qui performe","robots":{"index":"index","follow":"follow","max-snippet":"max-snippet:-1","max-image-preview":"max-image-preview:large","max-video-preview":"max-video-preview:-1"},"canonical":"https:\/\/sisconfection.com\/de_de\/produkt\/sis-midnight-grace-pull-col-roule\/","og_locale":"de_DE","og_type":"article","og_title":"SIS Midnight Grace \u2013 Pull Col Roul\u00e9 - SIS Confection \u2013 Le style qui performe","og_description":"Un pull col roul\u00e9 noir chic, chaud et intemporel, pens\u00e9 pour sublimer toutes les silhouettes avec une touche de raffinement discret.","og_url":"https:\/\/sisconfection.com\/de_de\/produkt\/sis-midnight-grace-pull-col-roule\/","og_site_name":"SIS Confection \u2013 Le style qui performe","article_modified_time":"2025-07-16T11:55:50+00:00","og_image":[{"width":683,"height":1024,"url":"https:\/\/sisconfection.com\/wp-content\/uploads\/2025\/07\/Design-sans-titre-50-1-683x1024.png","type":"image\/png"}],"twitter_card":"summary_large_image","twitter_misc":{"Gesch\u00e4tzte Lesezeit":"1\u00a0Minute"},"schema":{"@context":"https:\/\/schema.org","@graph":[{"@type":"WebPage","@id":"https:\/\/sisconfection.com\/produit\/sis-midnight-grace-pull-col-roule\/","url":"https:\/\/sisconfection.com\/produit\/sis-midnight-grace-pull-col-roule\/","name":"SIS Midnight Grace \u2013 Pull Col Roul\u00e9 - SIS Confection \u2013 Le style qui performe","isPartOf":{"@id":"https:\/\/sisconfection.com\/#website"},"primaryImageOfPage":{"@id":"https:\/\/sisconfection.com\/produit\/sis-midnight-grace-pull-col-roule\/#primaryimage"},"image":{"@id":"https:\/\/sisconfection.com\/produit\/sis-midnight-grace-pull-col-roule\/#primaryimage"},"thumbnailUrl":"https:\/\/sisconfection.com\/wp-content\/uploads\/2025\/07\/Design-sans-titre-50-1.png","datePublished":"2025-07-16T11:51:38+00:00","dateModified":"2025-07-16T11:55:50+00:00","breadcrumb":{"@id":"https:\/\/sisconfection.com\/produit\/sis-midnight-grace-pull-col-roule\/#breadcrumb"},"inLanguage":"de","potentialAction":[{"@type":"ReadAction","target":["https:\/\/sisconfection.com\/produit\/sis-midnight-grace-pull-col-roule\/"]}]},{"@type":"ImageObject","inLanguage":"de","@id":"https:\/\/sisconfection.com\/produit\/sis-midnight-grace-pull-col-roule\/#primaryimage","url":"https:\/\/sisconfection.com\/wp-content\/uploads\/2025\/07\/Design-sans-titre-50-1.png","contentUrl":"https:\/\/sisconfection.com\/wp-content\/uploads\/2025\/07\/Design-sans-titre-50-1.png","width":1365,"height":2048},{"@type":"BreadcrumbList","@id":"https:\/\/sisconfection.com\/produit\/sis-midnight-grace-pull-col-roule\/#breadcrumb","itemListElement":[{"@type":"ListItem","position":1,"name":"Accueil","item":"https:\/\/sisconfection.com\/fr_fr\/"},{"@type":"ListItem","position":2,"name":"Boutique","item":"https:\/\/sisconfection.com\/boutique\/"},{"@type":"ListItem","position":3,"name":"SIS Midnight Grace \u2013 Pull Col Roul\u00e9"}]},{"@type":"WebSite","@id":"https:\/\/sisconfection.com\/#website","url":"https:\/\/sisconfection.com\/","name":"SIS Confection \u2013 Le style qui performe","description":"SIS Confection, marque de sportwear alliant style, confort et performance pour homme et femme. Livraison rapide en Europe.","publisher":{"@id":"https:\/\/sisconfection.com\/#organization"},"potentialAction":[{"@type":"SearchAction","target":{"@type":"EntryPoint","urlTemplate":"https:\/\/sisconfection.com\/?s={search_term_string}"},"query-input":{"@type":"PropertyValueSpecification","valueRequired":true,"valueName":"search_term_string"}}],"inLanguage":"de"},{"@type":"Organization","@id":"https:\/\/sisconfection.com\/#organization","name":"SIS Confection | Le style qui performe !","alternateName":"SIS Confection | Accueil","url":"https:\/\/sisconfection.com\/","logo":{"@type":"ImageObject","inLanguage":"de","@id":"https:\/\/sisconfection.com\/#\/schema\/logo\/image\/","url":"https:\/\/sisconfection.com\/wp-content\/uploads\/2025\/05\/cropped-Sans-titre-1ttt.png","contentUrl":"https:\/\/sisconfection.com\/wp-content\/uploads\/2025\/05\/cropped-Sans-titre-1ttt.png","width":512,"height":512,"caption":"SIS Confection | Le style qui performe !"},"image":{"@id":"https:\/\/sisconfection.com\/#\/schema\/logo\/image\/"}}]}},"_links":{"self":[{"href":"https:\/\/sisconfection.com\/de_de\/wp-json\/wp\/v2\/product\/1593","targetHints":{"allow":["GET"]}}],"collection":[{"href":"https:\/\/sisconfection.com\/de_de\/wp-json\/wp\/v2\/product"}],"about":[{"href":"https:\/\/sisconfection.com\/de_de\/wp-json\/wp\/v2\/types\/product"}],"replies":[{"embeddable":true,"href":"https:\/\/sisconfection.com\/de_de\/wp-json\/wp\/v2\/comments?post=1593"}],"wp:featuredmedia":[{"embeddable":true,"href":"https:\/\/sisconfection.com\/de_de\/wp-json\/wp\/v2\/media\/1594"}],"wp:attachment":[{"href":"https:\/\/sisconfection.com\/de_de\/wp-json\/wp\/v2\/media?parent=1593"}],"wp:term":[{"taxonomy":"product_brand","embeddable":true,"href":"https:\/\/sisconfection.com\/de_de\/wp-json\/wp\/v2\/product_brand?post=1593"},{"taxonomy":"product_cat","embeddable":true,"href":"https:\/\/sisconfection.com\/de_de\/wp-json\/wp\/v2\/product_cat?post=1593"},{"taxonomy":"product_tag","embeddable":true,"href":"https:\/\/sisconfection.com\/de_de\/wp-json\/wp\/v2\/product_tag?post=1593"}],"curies":[{"name":"wp","href":"https:\/\/api.w.org\/{rel}","templated":true}]}}