{"id":1553,"date":"2025-07-16T13:22:29","date_gmt":"2025-07-16T11:22:29","guid":{"rendered":"https:\/\/sisconfection.com\/?post_type=product&#038;p=1553"},"modified":"2025-07-16T13:36:09","modified_gmt":"2025-07-16T11:36:09","slug":"sis-gridflow-t-shirt-vert","status":"publish","type":"product","link":"https:\/\/sisconfection.com\/es\/producto\/sis-gridflow-t-shirt-vert\/","title":{"rendered":"SIS GridFlow - Camiseta verde"},"content":{"rendered":"<p data-start=\"355\" data-end=\"654\">Marca la diferencia con SIS GridFlow, la camiseta verde para hombre que revisa con audacia los c\u00f3digos de los b\u00e1sicos. Gracias a su tejido texturizado con efecto rejilla, aporta relieve y un sutil toque gr\u00e1fico a tu atuendo, manteniendo al mismo tiempo un aspecto sobrio y elegante.<\/p>\n<p data-start=\"656\" data-end=\"1104\">Dise\u00f1ada para llevarla a diario, la SIS GridFlow est\u00e1 confeccionada en algod\u00f3n suave y transpirable de primera calidad para ofrecer una comodidad \u00f3ptima durante todo el d\u00eda. Su corte recto se adapta a todas las formas del cuerpo, y su meticuloso acabado hace que sea f\u00e1cil de combinar tanto con vaqueros crudos como con pantalones chinos. Tanto para un d\u00eda informal como para una cita elegante, la SIS GridFlow es el ep\u00edtome de la sencillez y el estilo contempor\u00e1neo.<\/p>","protected":false},"excerpt":{"rendered":"<p>Una camiseta original y moderna con un tejido texturizado de efecto rejilla para un look desenfadado y sofisticado a la vez.<\/p>","protected":false},"featured_media":1554,"comment_status":"open","ping_status":"closed","template":"","meta":[],"product_brand":[],"product_cat":[16,20],"product_tag":[],"class_list":{"0":"post-1553","1":"product","2":"type-product","3":"status-publish","4":"has-post-thumbnail","6":"product_cat-vetements-homme","7":"product_cat-t-shirt","9":"entry","10":"has-media","12":"first","13":"instock","14":"taxable","15":"shipping-taxable","16":"purchasable","17":"product-type-variable","18":"has-product-nav","19":"col","20":"span_1_of_4","21":"owp-content-center","22":"owp-thumbs-layout-horizontal","23":"owp-btn-normal","24":"owp-tabs-layout-section"},"yoast_head":"<!-- This site is optimized with the Yoast SEO plugin v26.6 - https:\/\/yoast.com\/wordpress\/plugins\/seo\/ -->\n<title>SIS GridFlow \u2013 T-shirt Vert - SIS Confection \u2013 Le style qui performe<\/title>\n<meta name=\"robots\" content=\"index, follow, max-snippet:-1, max-image-preview:large, max-video-preview:-1\" \/>\n<link rel=\"canonical\" href=\"https:\/\/sisconfection.com\/es\/producto\/sis-gridflow-t-shirt-vert\/\" \/>\n<meta property=\"og:locale\" content=\"es_ES\" \/>\n<meta property=\"og:type\" content=\"article\" \/>\n<meta property=\"og:title\" content=\"SIS GridFlow \u2013 T-shirt Vert - SIS Confection \u2013 Le style qui performe\" \/>\n<meta property=\"og:description\" content=\"Un t-shirt original et moderne, au tissu textur\u00e9 effet cadrillage, pour un look casual affirm\u00e9 et sophistiqu\u00e9 \u00e0 la fois.\" \/>\n<meta property=\"og:url\" content=\"https:\/\/sisconfection.com\/es\/producto\/sis-gridflow-t-shirt-vert\/\" \/>\n<meta property=\"og:site_name\" content=\"SIS Confection \u2013 Le style qui performe\" \/>\n<meta property=\"article:modified_time\" content=\"2025-07-16T11:36:09+00:00\" \/>\n<meta property=\"og:image\" content=\"https:\/\/sisconfection.com\/wp-content\/uploads\/2025\/07\/Design-sans-titre-32-1-683x1024.png\" \/>\n\t<meta property=\"og:image:width\" content=\"683\" \/>\n\t<meta property=\"og:image:height\" content=\"1024\" \/>\n\t<meta property=\"og:image:type\" content=\"image\/png\" \/>\n<meta name=\"twitter:card\" content=\"summary_large_image\" \/>\n<meta name=\"twitter:label1\" content=\"Tiempo de lectura\" \/>\n\t<meta name=\"twitter:data1\" content=\"1 minuto\" \/>\n<script type=\"application\/ld+json\" class=\"yoast-schema-graph\">{\"@context\":\"https:\/\/schema.org\",\"@graph\":[{\"@type\":\"WebPage\",\"@id\":\"https:\/\/sisconfection.com\/produit\/sis-gridflow-t-shirt-vert\/\",\"url\":\"https:\/\/sisconfection.com\/produit\/sis-gridflow-t-shirt-vert\/\",\"name\":\"SIS GridFlow \u2013 T-shirt Vert - SIS Confection \u2013 Le style qui performe\",\"isPartOf\":{\"@id\":\"https:\/\/sisconfection.com\/#website\"},\"primaryImageOfPage\":{\"@id\":\"https:\/\/sisconfection.com\/produit\/sis-gridflow-t-shirt-vert\/#primaryimage\"},\"image\":{\"@id\":\"https:\/\/sisconfection.com\/produit\/sis-gridflow-t-shirt-vert\/#primaryimage\"},\"thumbnailUrl\":\"https:\/\/sisconfection.com\/wp-content\/uploads\/2025\/07\/Design-sans-titre-32-1.png\",\"datePublished\":\"2025-07-16T11:22:29+00:00\",\"dateModified\":\"2025-07-16T11:36:09+00:00\",\"breadcrumb\":{\"@id\":\"https:\/\/sisconfection.com\/produit\/sis-gridflow-t-shirt-vert\/#breadcrumb\"},\"inLanguage\":\"es\",\"potentialAction\":[{\"@type\":\"ReadAction\",\"target\":[\"https:\/\/sisconfection.com\/produit\/sis-gridflow-t-shirt-vert\/\"]}]},{\"@type\":\"ImageObject\",\"inLanguage\":\"es\",\"@id\":\"https:\/\/sisconfection.com\/produit\/sis-gridflow-t-shirt-vert\/#primaryimage\",\"url\":\"https:\/\/sisconfection.com\/wp-content\/uploads\/2025\/07\/Design-sans-titre-32-1.png\",\"contentUrl\":\"https:\/\/sisconfection.com\/wp-content\/uploads\/2025\/07\/Design-sans-titre-32-1.png\",\"width\":1365,\"height\":2048},{\"@type\":\"BreadcrumbList\",\"@id\":\"https:\/\/sisconfection.com\/produit\/sis-gridflow-t-shirt-vert\/#breadcrumb\",\"itemListElement\":[{\"@type\":\"ListItem\",\"position\":1,\"name\":\"Accueil\",\"item\":\"https:\/\/sisconfection.com\/fr_fr\/\"},{\"@type\":\"ListItem\",\"position\":2,\"name\":\"Boutique\",\"item\":\"https:\/\/sisconfection.com\/boutique\/\"},{\"@type\":\"ListItem\",\"position\":3,\"name\":\"SIS GridFlow \u2013 T-shirt Vert\"}]},{\"@type\":\"WebSite\",\"@id\":\"https:\/\/sisconfection.com\/#website\",\"url\":\"https:\/\/sisconfection.com\/\",\"name\":\"SIS Confection \u2013 Le style qui performe\",\"description\":\"SIS Confection, marque de sportwear alliant style, confort et performance pour homme et femme. Livraison rapide en Europe.\",\"publisher\":{\"@id\":\"https:\/\/sisconfection.com\/#organization\"},\"potentialAction\":[{\"@type\":\"SearchAction\",\"target\":{\"@type\":\"EntryPoint\",\"urlTemplate\":\"https:\/\/sisconfection.com\/?s={search_term_string}\"},\"query-input\":{\"@type\":\"PropertyValueSpecification\",\"valueRequired\":true,\"valueName\":\"search_term_string\"}}],\"inLanguage\":\"es\"},{\"@type\":\"Organization\",\"@id\":\"https:\/\/sisconfection.com\/#organization\",\"name\":\"SIS Confection | Le style qui performe !\",\"alternateName\":\"SIS Confection | Accueil\",\"url\":\"https:\/\/sisconfection.com\/\",\"logo\":{\"@type\":\"ImageObject\",\"inLanguage\":\"es\",\"@id\":\"https:\/\/sisconfection.com\/#\/schema\/logo\/image\/\",\"url\":\"https:\/\/sisconfection.com\/wp-content\/uploads\/2025\/05\/cropped-Sans-titre-1ttt.png\",\"contentUrl\":\"https:\/\/sisconfection.com\/wp-content\/uploads\/2025\/05\/cropped-Sans-titre-1ttt.png\",\"width\":512,\"height\":512,\"caption\":\"SIS Confection | Le style qui performe !\"},\"image\":{\"@id\":\"https:\/\/sisconfection.com\/#\/schema\/logo\/image\/\"}}]}<\/script>\n<!-- \/ Yoast SEO plugin. -->","yoast_head_json":{"title":"SIS GridFlow \u2013 T-shirt Vert - SIS Confection \u2013 Le style qui performe","robots":{"index":"index","follow":"follow","max-snippet":"max-snippet:-1","max-image-preview":"max-image-preview:large","max-video-preview":"max-video-preview:-1"},"canonical":"https:\/\/sisconfection.com\/es\/producto\/sis-gridflow-t-shirt-vert\/","og_locale":"es_ES","og_type":"article","og_title":"SIS GridFlow \u2013 T-shirt Vert - SIS Confection \u2013 Le style qui performe","og_description":"Un t-shirt original et moderne, au tissu textur\u00e9 effet cadrillage, pour un look casual affirm\u00e9 et sophistiqu\u00e9 \u00e0 la fois.","og_url":"https:\/\/sisconfection.com\/es\/producto\/sis-gridflow-t-shirt-vert\/","og_site_name":"SIS Confection \u2013 Le style qui performe","article_modified_time":"2025-07-16T11:36:09+00:00","og_image":[{"width":683,"height":1024,"url":"https:\/\/sisconfection.com\/wp-content\/uploads\/2025\/07\/Design-sans-titre-32-1-683x1024.png","type":"image\/png"}],"twitter_card":"summary_large_image","twitter_misc":{"Tiempo de lectura":"1 minuto"},"schema":{"@context":"https:\/\/schema.org","@graph":[{"@type":"WebPage","@id":"https:\/\/sisconfection.com\/produit\/sis-gridflow-t-shirt-vert\/","url":"https:\/\/sisconfection.com\/produit\/sis-gridflow-t-shirt-vert\/","name":"SIS GridFlow \u2013 T-shirt Vert - SIS Confection \u2013 Le style qui performe","isPartOf":{"@id":"https:\/\/sisconfection.com\/#website"},"primaryImageOfPage":{"@id":"https:\/\/sisconfection.com\/produit\/sis-gridflow-t-shirt-vert\/#primaryimage"},"image":{"@id":"https:\/\/sisconfection.com\/produit\/sis-gridflow-t-shirt-vert\/#primaryimage"},"thumbnailUrl":"https:\/\/sisconfection.com\/wp-content\/uploads\/2025\/07\/Design-sans-titre-32-1.png","datePublished":"2025-07-16T11:22:29+00:00","dateModified":"2025-07-16T11:36:09+00:00","breadcrumb":{"@id":"https:\/\/sisconfection.com\/produit\/sis-gridflow-t-shirt-vert\/#breadcrumb"},"inLanguage":"es","potentialAction":[{"@type":"ReadAction","target":["https:\/\/sisconfection.com\/produit\/sis-gridflow-t-shirt-vert\/"]}]},{"@type":"ImageObject","inLanguage":"es","@id":"https:\/\/sisconfection.com\/produit\/sis-gridflow-t-shirt-vert\/#primaryimage","url":"https:\/\/sisconfection.com\/wp-content\/uploads\/2025\/07\/Design-sans-titre-32-1.png","contentUrl":"https:\/\/sisconfection.com\/wp-content\/uploads\/2025\/07\/Design-sans-titre-32-1.png","width":1365,"height":2048},{"@type":"BreadcrumbList","@id":"https:\/\/sisconfection.com\/produit\/sis-gridflow-t-shirt-vert\/#breadcrumb","itemListElement":[{"@type":"ListItem","position":1,"name":"Accueil","item":"https:\/\/sisconfection.com\/fr_fr\/"},{"@type":"ListItem","position":2,"name":"Boutique","item":"https:\/\/sisconfection.com\/boutique\/"},{"@type":"ListItem","position":3,"name":"SIS GridFlow \u2013 T-shirt Vert"}]},{"@type":"WebSite","@id":"https:\/\/sisconfection.com\/#website","url":"https:\/\/sisconfection.com\/","name":"SIS Confection - Estilo que rinde","description":"SIS Confection, marca de ropa deportiva que combina estilo, comodidad y rendimiento para hombre y mujer. Entrega r\u00e1pida en Europa.","publisher":{"@id":"https:\/\/sisconfection.com\/#organization"},"potentialAction":[{"@type":"SearchAction","target":{"@type":"EntryPoint","urlTemplate":"https:\/\/sisconfection.com\/?s={search_term_string}"},"query-input":{"@type":"PropertyValueSpecification","valueRequired":true,"valueName":"search_term_string"}}],"inLanguage":"es"},{"@type":"Organization","@id":"https:\/\/sisconfection.com\/#organization","name":"SIS Confection | Le style qui performe !","alternateName":"SIS Confection | Accueil","url":"https:\/\/sisconfection.com\/","logo":{"@type":"ImageObject","inLanguage":"es","@id":"https:\/\/sisconfection.com\/#\/schema\/logo\/image\/","url":"https:\/\/sisconfection.com\/wp-content\/uploads\/2025\/05\/cropped-Sans-titre-1ttt.png","contentUrl":"https:\/\/sisconfection.com\/wp-content\/uploads\/2025\/05\/cropped-Sans-titre-1ttt.png","width":512,"height":512,"caption":"SIS Confection | Le style qui performe !"},"image":{"@id":"https:\/\/sisconfection.com\/#\/schema\/logo\/image\/"}}]}},"_links":{"self":[{"href":"https:\/\/sisconfection.com\/es\/wp-json\/wp\/v2\/product\/1553","targetHints":{"allow":["GET"]}}],"collection":[{"href":"https:\/\/sisconfection.com\/es\/wp-json\/wp\/v2\/product"}],"about":[{"href":"https:\/\/sisconfection.com\/es\/wp-json\/wp\/v2\/types\/product"}],"replies":[{"embeddable":true,"href":"https:\/\/sisconfection.com\/es\/wp-json\/wp\/v2\/comments?post=1553"}],"wp:featuredmedia":[{"embeddable":true,"href":"https:\/\/sisconfection.com\/es\/wp-json\/wp\/v2\/media\/1554"}],"wp:attachment":[{"href":"https:\/\/sisconfection.com\/es\/wp-json\/wp\/v2\/media?parent=1553"}],"wp:term":[{"taxonomy":"product_brand","embeddable":true,"href":"https:\/\/sisconfection.com\/es\/wp-json\/wp\/v2\/product_brand?post=1553"},{"taxonomy":"product_cat","embeddable":true,"href":"https:\/\/sisconfection.com\/es\/wp-json\/wp\/v2\/product_cat?post=1553"},{"taxonomy":"product_tag","embeddable":true,"href":"https:\/\/sisconfection.com\/es\/wp-json\/wp\/v2\/product_tag?post=1553"}],"curies":[{"name":"wp","href":"https:\/\/api.w.org\/{rel}","templated":true}]}}