{"id":1687,"date":"2025-07-17T16:15:44","date_gmt":"2025-07-17T14:15:44","guid":{"rendered":"https:\/\/sisconfection.com\/?post_type=product&#038;p=1687"},"modified":"2025-07-17T16:16:52","modified_gmt":"2025-07-17T14:16:52","slug":"sis-green-flow-ensemble-survetement-vert","status":"publish","type":"product","link":"https:\/\/sisconfection.com\/es\/producto\/sis-green-flow-ensemble-survetement-vert\/","title":{"rendered":"SIS Green Flow - Conjunto de ch\u00e1ndal verde"},"content":{"rendered":"<p data-start=\"478\" data-end=\"789\">Adopta un look deportivo y elegante con <strong data-start=\"521\" data-end=\"539\">SIS Flujo Verde<\/strong>el ch\u00e1ndal de mujer que combina elegancia, comodidad y energ\u00eda. Compuesto por una estilizada chaqueta con cremallera y un favorecedor pantal\u00f3n de ch\u00e1ndal, este conjunto de color verde intenso es imprescindible en los armarios femeninos de streetwear.<\/p>\n<p data-start=\"791\" data-end=\"1148\">Dise\u00f1ado para mujeres activas y din\u00e1micas, <strong data-start=\"836\" data-end=\"850\">Flujo verde<\/strong> est\u00e1 confeccionado en un tejido suave, transpirable y el\u00e1stico que te proporciona una total libertad de movimientos. Cuidadosamente acabado, con pr\u00e1cticos bolsillos y cintura el\u00e1stica, el pantal\u00f3n proporciona una comodidad \u00f3ptima, ya sea en un d\u00eda de relax, de viaje o en un entrenamiento ligero.<\/p>\n<p data-start=\"1150\" data-end=\"1318\">Con <strong data-start=\"1155\" data-end=\"1173\">SIS Flujo Verde<\/strong>Exprese su vitalidad manteniendo un aspecto refinado. Ll\u00e9valos como un conjunto para un look total asertivo, o m\u00e9zclalos y comb\u00ednalos a tu gusto.<\/p>","protected":false},"excerpt":{"rendered":"<p>Un conjunto de ch\u00e1ndal elegante, c\u00f3modo y decididamente moderno, que combina una chaqueta con cremallera y un pantal\u00f3n de ch\u00e1ndal verde brillante para un look urbano, fresco y decidido.<\/p>","protected":false},"featured_media":1688,"comment_status":"open","ping_status":"closed","template":"","meta":[],"product_brand":[],"product_cat":[17,35],"product_tag":[],"class_list":{"0":"post-1687","1":"product","2":"type-product","3":"status-publish","4":"has-post-thumbnail","6":"product_cat-vetements-femme","7":"product_cat-ensembles-vetements-femme","9":"entry","10":"has-media","12":"first","13":"instock","14":"taxable","15":"shipping-taxable","16":"purchasable","17":"product-type-variable","18":"has-product-nav","19":"col","20":"span_1_of_4","21":"owp-content-center","22":"owp-thumbs-layout-horizontal","23":"owp-btn-normal","24":"owp-tabs-layout-section"},"yoast_head":"<!-- This site is optimized with the Yoast SEO plugin v26.6 - https:\/\/yoast.com\/wordpress\/plugins\/seo\/ -->\n<title>SIS Green Flow \u2013 Ensemble Surv\u00eatement Vert - SIS Confection \u2013 Le style qui performe<\/title>\n<meta name=\"robots\" content=\"index, follow, max-snippet:-1, max-image-preview:large, max-video-preview:-1\" \/>\n<link rel=\"canonical\" href=\"https:\/\/sisconfection.com\/es\/producto\/sis-green-flow-ensemble-survetement-vert\/\" \/>\n<meta property=\"og:locale\" content=\"es_ES\" \/>\n<meta property=\"og:type\" content=\"article\" \/>\n<meta property=\"og:title\" content=\"SIS Green Flow \u2013 Ensemble Surv\u00eatement Vert - SIS Confection \u2013 Le style qui performe\" \/>\n<meta property=\"og:description\" content=\"Un ensemble de surv\u00eatement chic, confortable et r\u00e9solument moderne, alliant une veste zipp\u00e9e et un jogging vert intense pour un look urbain, frais et affirm\u00e9.\" \/>\n<meta property=\"og:url\" content=\"https:\/\/sisconfection.com\/es\/producto\/sis-green-flow-ensemble-survetement-vert\/\" \/>\n<meta property=\"og:site_name\" content=\"SIS Confection \u2013 Le style qui performe\" \/>\n<meta property=\"article:modified_time\" content=\"2025-07-17T14:16:52+00:00\" \/>\n<meta property=\"og:image\" content=\"https:\/\/sisconfection.com\/wp-content\/uploads\/2025\/07\/Design-sans-titre-88-1-683x1024.png\" \/>\n\t<meta property=\"og:image:width\" content=\"683\" \/>\n\t<meta property=\"og:image:height\" content=\"1024\" \/>\n\t<meta property=\"og:image:type\" content=\"image\/png\" \/>\n<meta name=\"twitter:card\" content=\"summary_large_image\" \/>\n<meta name=\"twitter:label1\" content=\"Tiempo de lectura\" \/>\n\t<meta name=\"twitter:data1\" content=\"1 minuto\" \/>\n<script type=\"application\/ld+json\" class=\"yoast-schema-graph\">{\"@context\":\"https:\/\/schema.org\",\"@graph\":[{\"@type\":\"WebPage\",\"@id\":\"https:\/\/sisconfection.com\/produit\/sis-green-flow-ensemble-survetement-vert\/\",\"url\":\"https:\/\/sisconfection.com\/produit\/sis-green-flow-ensemble-survetement-vert\/\",\"name\":\"SIS Green Flow \u2013 Ensemble Surv\u00eatement Vert - SIS Confection \u2013 Le style qui performe\",\"isPartOf\":{\"@id\":\"https:\/\/sisconfection.com\/#website\"},\"primaryImageOfPage\":{\"@id\":\"https:\/\/sisconfection.com\/produit\/sis-green-flow-ensemble-survetement-vert\/#primaryimage\"},\"image\":{\"@id\":\"https:\/\/sisconfection.com\/produit\/sis-green-flow-ensemble-survetement-vert\/#primaryimage\"},\"thumbnailUrl\":\"https:\/\/sisconfection.com\/wp-content\/uploads\/2025\/07\/Design-sans-titre-88-1.png\",\"datePublished\":\"2025-07-17T14:15:44+00:00\",\"dateModified\":\"2025-07-17T14:16:52+00:00\",\"breadcrumb\":{\"@id\":\"https:\/\/sisconfection.com\/produit\/sis-green-flow-ensemble-survetement-vert\/#breadcrumb\"},\"inLanguage\":\"es\",\"potentialAction\":[{\"@type\":\"ReadAction\",\"target\":[\"https:\/\/sisconfection.com\/produit\/sis-green-flow-ensemble-survetement-vert\/\"]}]},{\"@type\":\"ImageObject\",\"inLanguage\":\"es\",\"@id\":\"https:\/\/sisconfection.com\/produit\/sis-green-flow-ensemble-survetement-vert\/#primaryimage\",\"url\":\"https:\/\/sisconfection.com\/wp-content\/uploads\/2025\/07\/Design-sans-titre-88-1.png\",\"contentUrl\":\"https:\/\/sisconfection.com\/wp-content\/uploads\/2025\/07\/Design-sans-titre-88-1.png\",\"width\":1365,\"height\":2048},{\"@type\":\"BreadcrumbList\",\"@id\":\"https:\/\/sisconfection.com\/produit\/sis-green-flow-ensemble-survetement-vert\/#breadcrumb\",\"itemListElement\":[{\"@type\":\"ListItem\",\"position\":1,\"name\":\"Accueil\",\"item\":\"https:\/\/sisconfection.com\/fr_fr\/\"},{\"@type\":\"ListItem\",\"position\":2,\"name\":\"Boutique\",\"item\":\"https:\/\/sisconfection.com\/boutique\/\"},{\"@type\":\"ListItem\",\"position\":3,\"name\":\"SIS Green Flow \u2013 Ensemble Surv\u00eatement Vert\"}]},{\"@type\":\"WebSite\",\"@id\":\"https:\/\/sisconfection.com\/#website\",\"url\":\"https:\/\/sisconfection.com\/\",\"name\":\"SIS Confection \u2013 Le style qui performe\",\"description\":\"SIS Confection, marque de sportwear alliant style, confort et performance pour homme et femme. Livraison rapide en Europe.\",\"publisher\":{\"@id\":\"https:\/\/sisconfection.com\/#organization\"},\"potentialAction\":[{\"@type\":\"SearchAction\",\"target\":{\"@type\":\"EntryPoint\",\"urlTemplate\":\"https:\/\/sisconfection.com\/?s={search_term_string}\"},\"query-input\":{\"@type\":\"PropertyValueSpecification\",\"valueRequired\":true,\"valueName\":\"search_term_string\"}}],\"inLanguage\":\"es\"},{\"@type\":\"Organization\",\"@id\":\"https:\/\/sisconfection.com\/#organization\",\"name\":\"SIS Confection | Le style qui performe !\",\"alternateName\":\"SIS Confection | Accueil\",\"url\":\"https:\/\/sisconfection.com\/\",\"logo\":{\"@type\":\"ImageObject\",\"inLanguage\":\"es\",\"@id\":\"https:\/\/sisconfection.com\/#\/schema\/logo\/image\/\",\"url\":\"https:\/\/sisconfection.com\/wp-content\/uploads\/2025\/05\/cropped-Sans-titre-1ttt.png\",\"contentUrl\":\"https:\/\/sisconfection.com\/wp-content\/uploads\/2025\/05\/cropped-Sans-titre-1ttt.png\",\"width\":512,\"height\":512,\"caption\":\"SIS Confection | Le style qui performe !\"},\"image\":{\"@id\":\"https:\/\/sisconfection.com\/#\/schema\/logo\/image\/\"}}]}<\/script>\n<!-- \/ Yoast SEO plugin. -->","yoast_head_json":{"title":"SIS Green Flow \u2013 Ensemble Surv\u00eatement Vert - SIS Confection \u2013 Le style qui performe","robots":{"index":"index","follow":"follow","max-snippet":"max-snippet:-1","max-image-preview":"max-image-preview:large","max-video-preview":"max-video-preview:-1"},"canonical":"https:\/\/sisconfection.com\/es\/producto\/sis-green-flow-ensemble-survetement-vert\/","og_locale":"es_ES","og_type":"article","og_title":"SIS Green Flow \u2013 Ensemble Surv\u00eatement Vert - SIS Confection \u2013 Le style qui performe","og_description":"Un ensemble de surv\u00eatement chic, confortable et r\u00e9solument moderne, alliant une veste zipp\u00e9e et un jogging vert intense pour un look urbain, frais et affirm\u00e9.","og_url":"https:\/\/sisconfection.com\/es\/producto\/sis-green-flow-ensemble-survetement-vert\/","og_site_name":"SIS Confection \u2013 Le style qui performe","article_modified_time":"2025-07-17T14:16:52+00:00","og_image":[{"width":683,"height":1024,"url":"https:\/\/sisconfection.com\/wp-content\/uploads\/2025\/07\/Design-sans-titre-88-1-683x1024.png","type":"image\/png"}],"twitter_card":"summary_large_image","twitter_misc":{"Tiempo de lectura":"1 minuto"},"schema":{"@context":"https:\/\/schema.org","@graph":[{"@type":"WebPage","@id":"https:\/\/sisconfection.com\/produit\/sis-green-flow-ensemble-survetement-vert\/","url":"https:\/\/sisconfection.com\/produit\/sis-green-flow-ensemble-survetement-vert\/","name":"SIS Green Flow \u2013 Ensemble Surv\u00eatement Vert - SIS Confection \u2013 Le style qui performe","isPartOf":{"@id":"https:\/\/sisconfection.com\/#website"},"primaryImageOfPage":{"@id":"https:\/\/sisconfection.com\/produit\/sis-green-flow-ensemble-survetement-vert\/#primaryimage"},"image":{"@id":"https:\/\/sisconfection.com\/produit\/sis-green-flow-ensemble-survetement-vert\/#primaryimage"},"thumbnailUrl":"https:\/\/sisconfection.com\/wp-content\/uploads\/2025\/07\/Design-sans-titre-88-1.png","datePublished":"2025-07-17T14:15:44+00:00","dateModified":"2025-07-17T14:16:52+00:00","breadcrumb":{"@id":"https:\/\/sisconfection.com\/produit\/sis-green-flow-ensemble-survetement-vert\/#breadcrumb"},"inLanguage":"es","potentialAction":[{"@type":"ReadAction","target":["https:\/\/sisconfection.com\/produit\/sis-green-flow-ensemble-survetement-vert\/"]}]},{"@type":"ImageObject","inLanguage":"es","@id":"https:\/\/sisconfection.com\/produit\/sis-green-flow-ensemble-survetement-vert\/#primaryimage","url":"https:\/\/sisconfection.com\/wp-content\/uploads\/2025\/07\/Design-sans-titre-88-1.png","contentUrl":"https:\/\/sisconfection.com\/wp-content\/uploads\/2025\/07\/Design-sans-titre-88-1.png","width":1365,"height":2048},{"@type":"BreadcrumbList","@id":"https:\/\/sisconfection.com\/produit\/sis-green-flow-ensemble-survetement-vert\/#breadcrumb","itemListElement":[{"@type":"ListItem","position":1,"name":"Accueil","item":"https:\/\/sisconfection.com\/fr_fr\/"},{"@type":"ListItem","position":2,"name":"Boutique","item":"https:\/\/sisconfection.com\/boutique\/"},{"@type":"ListItem","position":3,"name":"SIS Green Flow \u2013 Ensemble Surv\u00eatement Vert"}]},{"@type":"WebSite","@id":"https:\/\/sisconfection.com\/#website","url":"https:\/\/sisconfection.com\/","name":"SIS Confection - Estilo que rinde","description":"SIS Confection, marca de ropa deportiva que combina estilo, comodidad y rendimiento para hombre y mujer. Entrega r\u00e1pida en Europa.","publisher":{"@id":"https:\/\/sisconfection.com\/#organization"},"potentialAction":[{"@type":"SearchAction","target":{"@type":"EntryPoint","urlTemplate":"https:\/\/sisconfection.com\/?s={search_term_string}"},"query-input":{"@type":"PropertyValueSpecification","valueRequired":true,"valueName":"search_term_string"}}],"inLanguage":"es"},{"@type":"Organization","@id":"https:\/\/sisconfection.com\/#organization","name":"SIS Confection | Le style qui performe !","alternateName":"SIS Confection | Accueil","url":"https:\/\/sisconfection.com\/","logo":{"@type":"ImageObject","inLanguage":"es","@id":"https:\/\/sisconfection.com\/#\/schema\/logo\/image\/","url":"https:\/\/sisconfection.com\/wp-content\/uploads\/2025\/05\/cropped-Sans-titre-1ttt.png","contentUrl":"https:\/\/sisconfection.com\/wp-content\/uploads\/2025\/05\/cropped-Sans-titre-1ttt.png","width":512,"height":512,"caption":"SIS Confection | Le style qui performe !"},"image":{"@id":"https:\/\/sisconfection.com\/#\/schema\/logo\/image\/"}}]}},"_links":{"self":[{"href":"https:\/\/sisconfection.com\/es\/wp-json\/wp\/v2\/product\/1687","targetHints":{"allow":["GET"]}}],"collection":[{"href":"https:\/\/sisconfection.com\/es\/wp-json\/wp\/v2\/product"}],"about":[{"href":"https:\/\/sisconfection.com\/es\/wp-json\/wp\/v2\/types\/product"}],"replies":[{"embeddable":true,"href":"https:\/\/sisconfection.com\/es\/wp-json\/wp\/v2\/comments?post=1687"}],"wp:featuredmedia":[{"embeddable":true,"href":"https:\/\/sisconfection.com\/es\/wp-json\/wp\/v2\/media\/1688"}],"wp:attachment":[{"href":"https:\/\/sisconfection.com\/es\/wp-json\/wp\/v2\/media?parent=1687"}],"wp:term":[{"taxonomy":"product_brand","embeddable":true,"href":"https:\/\/sisconfection.com\/es\/wp-json\/wp\/v2\/product_brand?post=1687"},{"taxonomy":"product_cat","embeddable":true,"href":"https:\/\/sisconfection.com\/es\/wp-json\/wp\/v2\/product_cat?post=1687"},{"taxonomy":"product_tag","embeddable":true,"href":"https:\/\/sisconfection.com\/es\/wp-json\/wp\/v2\/product_tag?post=1687"}],"curies":[{"name":"wp","href":"https:\/\/api.w.org\/{rel}","templated":true}]}}