{"id":1831,"date":"2025-07-22T11:09:51","date_gmt":"2025-07-22T09:09:51","guid":{"rendered":"https:\/\/sisconfection.com\/?post_type=product&#038;p=1831"},"modified":"2025-07-22T11:15:33","modified_gmt":"2025-07-22T09:15:33","slug":"sis-shadowflex-camo-pantalon-cargo-similicuir","status":"publish","type":"product","link":"https:\/\/sisconfection.com\/es\/producto\/sis-shadowflex-camo-pantalon-cargo-similicuir\/","title":{"rendered":"SIS ShadowFlex Camo - Pantalones cargo de cuero"},"content":{"rendered":"<p data-start=\"314\" data-end=\"644\">Exprimez votre force int\u00e9rieure avec le pantalon SIS <em data-start=\"387\" data-end=\"404\">ShadowFlex Camo<\/em>, une pi\u00e8ce audacieuse au croisement du style urbain et de l\u2019\u00e9l\u00e9gance contemporaine. Ce pantalon cargo pour femme en similicuir souple revisite le motif camouflage avec une palette ultra-sombre et discr\u00e8te, pour un look subtilement affirm\u00e9.<\/p>\n<p data-start=\"646\" data-end=\"1107\" data-is-last-node=\"\" data-is-only-node=\"\">Pens\u00e9 pour allier esth\u00e9tique et praticit\u00e9, il est dot\u00e9 de poches arri\u00e8re classiques et de poches lat\u00e9rales fonctionnelles pr\u00e8s des genoux, dans un esprit r\u00e9solument cargo. Sa mati\u00e8re effet cuir apporte une touche sophistiqu\u00e9e tout en restant confortable et facile \u00e0 porter. Avec sa coupe ajust\u00e9e et ses d\u00e9tails discrets, le <em data-start=\"970\" data-end=\"987\">ShadowFlex Camo<\/em> s&rsquo;impose comme un indispensable du vestiaire urbain f\u00e9minin. Id\u00e9al pour affirmer sa singularit\u00e9, de jour comme de nuit.<\/p>","protected":false},"excerpt":{"rendered":"<p>Un pantalon cargo en similicuir pour femme, au motif camouflage ultra-sobre, m\u00ealant caract\u00e8re et \u00e9l\u00e9gance avec ses poches utilitaires et sa coupe moderne.<\/p>","protected":false},"featured_media":1822,"comment_status":"open","ping_status":"closed","template":"","meta":[],"product_brand":[],"product_cat":[17,30],"product_tag":[],"class_list":{"0":"post-1831","1":"product","2":"type-product","3":"status-publish","4":"has-post-thumbnail","6":"product_cat-vetements-femme","7":"product_cat-pantalons","9":"entry","10":"has-media","12":"first","13":"instock","14":"taxable","15":"shipping-taxable","16":"purchasable","17":"product-type-variable","18":"has-product-nav","19":"col","20":"span_1_of_4","21":"owp-content-center","22":"owp-thumbs-layout-horizontal","23":"owp-btn-normal","24":"owp-tabs-layout-section"},"yoast_head":"<!-- This site is optimized with the Yoast SEO plugin v26.6 - https:\/\/yoast.com\/wordpress\/plugins\/seo\/ -->\n<title>SIS ShadowFlex Camo \u2013 Pantalon Cargo Similicuir - SIS Confection \u2013 Le style qui performe<\/title>\n<meta name=\"robots\" content=\"index, follow, max-snippet:-1, max-image-preview:large, max-video-preview:-1\" \/>\n<link rel=\"canonical\" href=\"https:\/\/sisconfection.com\/es\/producto\/sis-shadowflex-camo-pantalon-cargo-similicuir\/\" \/>\n<meta property=\"og:locale\" content=\"es_ES\" \/>\n<meta property=\"og:type\" content=\"article\" \/>\n<meta property=\"og:title\" content=\"SIS ShadowFlex Camo \u2013 Pantalon Cargo Similicuir - SIS Confection \u2013 Le style qui performe\" \/>\n<meta property=\"og:description\" content=\"Un pantalon cargo en similicuir pour femme, au motif camouflage ultra-sobre, m\u00ealant caract\u00e8re et \u00e9l\u00e9gance avec ses poches utilitaires et sa coupe moderne.\" \/>\n<meta property=\"og:url\" content=\"https:\/\/sisconfection.com\/es\/producto\/sis-shadowflex-camo-pantalon-cargo-similicuir\/\" \/>\n<meta property=\"og:site_name\" content=\"SIS Confection \u2013 Le style qui performe\" \/>\n<meta property=\"article:modified_time\" content=\"2025-07-22T09:15:33+00:00\" \/>\n<meta property=\"og:image\" content=\"https:\/\/sisconfection.com\/wp-content\/uploads\/2025\/07\/Design-sans-titre-24-2-683x1024.png\" \/>\n\t<meta property=\"og:image:width\" content=\"683\" \/>\n\t<meta property=\"og:image:height\" content=\"1024\" \/>\n\t<meta property=\"og:image:type\" content=\"image\/png\" \/>\n<meta name=\"twitter:card\" content=\"summary_large_image\" \/>\n<meta name=\"twitter:label1\" content=\"Tiempo de lectura\" \/>\n\t<meta name=\"twitter:data1\" content=\"1 minuto\" \/>\n<script type=\"application\/ld+json\" class=\"yoast-schema-graph\">{\"@context\":\"https:\/\/schema.org\",\"@graph\":[{\"@type\":\"WebPage\",\"@id\":\"https:\/\/sisconfection.com\/produit\/sis-shadowflex-camo-pantalon-cargo-similicuir\/\",\"url\":\"https:\/\/sisconfection.com\/produit\/sis-shadowflex-camo-pantalon-cargo-similicuir\/\",\"name\":\"SIS ShadowFlex Camo \u2013 Pantalon Cargo Similicuir - SIS Confection \u2013 Le style qui performe\",\"isPartOf\":{\"@id\":\"https:\/\/sisconfection.com\/#website\"},\"primaryImageOfPage\":{\"@id\":\"https:\/\/sisconfection.com\/produit\/sis-shadowflex-camo-pantalon-cargo-similicuir\/#primaryimage\"},\"image\":{\"@id\":\"https:\/\/sisconfection.com\/produit\/sis-shadowflex-camo-pantalon-cargo-similicuir\/#primaryimage\"},\"thumbnailUrl\":\"https:\/\/sisconfection.com\/wp-content\/uploads\/2025\/07\/Design-sans-titre-24-2.png\",\"datePublished\":\"2025-07-22T09:09:51+00:00\",\"dateModified\":\"2025-07-22T09:15:33+00:00\",\"breadcrumb\":{\"@id\":\"https:\/\/sisconfection.com\/produit\/sis-shadowflex-camo-pantalon-cargo-similicuir\/#breadcrumb\"},\"inLanguage\":\"es\",\"potentialAction\":[{\"@type\":\"ReadAction\",\"target\":[\"https:\/\/sisconfection.com\/produit\/sis-shadowflex-camo-pantalon-cargo-similicuir\/\"]}]},{\"@type\":\"ImageObject\",\"inLanguage\":\"es\",\"@id\":\"https:\/\/sisconfection.com\/produit\/sis-shadowflex-camo-pantalon-cargo-similicuir\/#primaryimage\",\"url\":\"https:\/\/sisconfection.com\/wp-content\/uploads\/2025\/07\/Design-sans-titre-24-2.png\",\"contentUrl\":\"https:\/\/sisconfection.com\/wp-content\/uploads\/2025\/07\/Design-sans-titre-24-2.png\",\"width\":1365,\"height\":2048},{\"@type\":\"BreadcrumbList\",\"@id\":\"https:\/\/sisconfection.com\/produit\/sis-shadowflex-camo-pantalon-cargo-similicuir\/#breadcrumb\",\"itemListElement\":[{\"@type\":\"ListItem\",\"position\":1,\"name\":\"Accueil\",\"item\":\"https:\/\/sisconfection.com\/fr_fr\/\"},{\"@type\":\"ListItem\",\"position\":2,\"name\":\"Boutique\",\"item\":\"https:\/\/sisconfection.com\/boutique\/\"},{\"@type\":\"ListItem\",\"position\":3,\"name\":\"SIS ShadowFlex Camo \u2013 Pantalon Cargo Similicuir\"}]},{\"@type\":\"WebSite\",\"@id\":\"https:\/\/sisconfection.com\/#website\",\"url\":\"https:\/\/sisconfection.com\/\",\"name\":\"SIS Confection \u2013 Le style qui performe\",\"description\":\"SIS Confection, marque de sportwear alliant style, confort et performance pour homme et femme. Livraison rapide en Europe.\",\"publisher\":{\"@id\":\"https:\/\/sisconfection.com\/#organization\"},\"potentialAction\":[{\"@type\":\"SearchAction\",\"target\":{\"@type\":\"EntryPoint\",\"urlTemplate\":\"https:\/\/sisconfection.com\/?s={search_term_string}\"},\"query-input\":{\"@type\":\"PropertyValueSpecification\",\"valueRequired\":true,\"valueName\":\"search_term_string\"}}],\"inLanguage\":\"es\"},{\"@type\":\"Organization\",\"@id\":\"https:\/\/sisconfection.com\/#organization\",\"name\":\"SIS Confection | Le style qui performe !\",\"alternateName\":\"SIS Confection | Accueil\",\"url\":\"https:\/\/sisconfection.com\/\",\"logo\":{\"@type\":\"ImageObject\",\"inLanguage\":\"es\",\"@id\":\"https:\/\/sisconfection.com\/#\/schema\/logo\/image\/\",\"url\":\"https:\/\/sisconfection.com\/wp-content\/uploads\/2025\/05\/cropped-Sans-titre-1ttt.png\",\"contentUrl\":\"https:\/\/sisconfection.com\/wp-content\/uploads\/2025\/05\/cropped-Sans-titre-1ttt.png\",\"width\":512,\"height\":512,\"caption\":\"SIS Confection | Le style qui performe !\"},\"image\":{\"@id\":\"https:\/\/sisconfection.com\/#\/schema\/logo\/image\/\"}}]}<\/script>\n<!-- \/ Yoast SEO plugin. -->","yoast_head_json":{"title":"SIS ShadowFlex Camo \u2013 Pantalon Cargo Similicuir - SIS Confection \u2013 Le style qui performe","robots":{"index":"index","follow":"follow","max-snippet":"max-snippet:-1","max-image-preview":"max-image-preview:large","max-video-preview":"max-video-preview:-1"},"canonical":"https:\/\/sisconfection.com\/es\/producto\/sis-shadowflex-camo-pantalon-cargo-similicuir\/","og_locale":"es_ES","og_type":"article","og_title":"SIS ShadowFlex Camo \u2013 Pantalon Cargo Similicuir - SIS Confection \u2013 Le style qui performe","og_description":"Un pantalon cargo en similicuir pour femme, au motif camouflage ultra-sobre, m\u00ealant caract\u00e8re et \u00e9l\u00e9gance avec ses poches utilitaires et sa coupe moderne.","og_url":"https:\/\/sisconfection.com\/es\/producto\/sis-shadowflex-camo-pantalon-cargo-similicuir\/","og_site_name":"SIS Confection \u2013 Le style qui performe","article_modified_time":"2025-07-22T09:15:33+00:00","og_image":[{"width":683,"height":1024,"url":"https:\/\/sisconfection.com\/wp-content\/uploads\/2025\/07\/Design-sans-titre-24-2-683x1024.png","type":"image\/png"}],"twitter_card":"summary_large_image","twitter_misc":{"Tiempo de lectura":"1 minuto"},"schema":{"@context":"https:\/\/schema.org","@graph":[{"@type":"WebPage","@id":"https:\/\/sisconfection.com\/produit\/sis-shadowflex-camo-pantalon-cargo-similicuir\/","url":"https:\/\/sisconfection.com\/produit\/sis-shadowflex-camo-pantalon-cargo-similicuir\/","name":"SIS ShadowFlex Camo \u2013 Pantalon Cargo Similicuir - SIS Confection \u2013 Le style qui performe","isPartOf":{"@id":"https:\/\/sisconfection.com\/#website"},"primaryImageOfPage":{"@id":"https:\/\/sisconfection.com\/produit\/sis-shadowflex-camo-pantalon-cargo-similicuir\/#primaryimage"},"image":{"@id":"https:\/\/sisconfection.com\/produit\/sis-shadowflex-camo-pantalon-cargo-similicuir\/#primaryimage"},"thumbnailUrl":"https:\/\/sisconfection.com\/wp-content\/uploads\/2025\/07\/Design-sans-titre-24-2.png","datePublished":"2025-07-22T09:09:51+00:00","dateModified":"2025-07-22T09:15:33+00:00","breadcrumb":{"@id":"https:\/\/sisconfection.com\/produit\/sis-shadowflex-camo-pantalon-cargo-similicuir\/#breadcrumb"},"inLanguage":"es","potentialAction":[{"@type":"ReadAction","target":["https:\/\/sisconfection.com\/produit\/sis-shadowflex-camo-pantalon-cargo-similicuir\/"]}]},{"@type":"ImageObject","inLanguage":"es","@id":"https:\/\/sisconfection.com\/produit\/sis-shadowflex-camo-pantalon-cargo-similicuir\/#primaryimage","url":"https:\/\/sisconfection.com\/wp-content\/uploads\/2025\/07\/Design-sans-titre-24-2.png","contentUrl":"https:\/\/sisconfection.com\/wp-content\/uploads\/2025\/07\/Design-sans-titre-24-2.png","width":1365,"height":2048},{"@type":"BreadcrumbList","@id":"https:\/\/sisconfection.com\/produit\/sis-shadowflex-camo-pantalon-cargo-similicuir\/#breadcrumb","itemListElement":[{"@type":"ListItem","position":1,"name":"Accueil","item":"https:\/\/sisconfection.com\/fr_fr\/"},{"@type":"ListItem","position":2,"name":"Boutique","item":"https:\/\/sisconfection.com\/boutique\/"},{"@type":"ListItem","position":3,"name":"SIS ShadowFlex Camo \u2013 Pantalon Cargo Similicuir"}]},{"@type":"WebSite","@id":"https:\/\/sisconfection.com\/#website","url":"https:\/\/sisconfection.com\/","name":"SIS Confection - Estilo que rinde","description":"SIS Confection, marca de ropa deportiva que combina estilo, comodidad y rendimiento para hombre y mujer. Entrega r\u00e1pida en Europa.","publisher":{"@id":"https:\/\/sisconfection.com\/#organization"},"potentialAction":[{"@type":"SearchAction","target":{"@type":"EntryPoint","urlTemplate":"https:\/\/sisconfection.com\/?s={search_term_string}"},"query-input":{"@type":"PropertyValueSpecification","valueRequired":true,"valueName":"search_term_string"}}],"inLanguage":"es"},{"@type":"Organization","@id":"https:\/\/sisconfection.com\/#organization","name":"SIS Confection | Le style qui performe !","alternateName":"SIS Confection | Accueil","url":"https:\/\/sisconfection.com\/","logo":{"@type":"ImageObject","inLanguage":"es","@id":"https:\/\/sisconfection.com\/#\/schema\/logo\/image\/","url":"https:\/\/sisconfection.com\/wp-content\/uploads\/2025\/05\/cropped-Sans-titre-1ttt.png","contentUrl":"https:\/\/sisconfection.com\/wp-content\/uploads\/2025\/05\/cropped-Sans-titre-1ttt.png","width":512,"height":512,"caption":"SIS Confection | Le style qui performe !"},"image":{"@id":"https:\/\/sisconfection.com\/#\/schema\/logo\/image\/"}}]}},"_links":{"self":[{"href":"https:\/\/sisconfection.com\/es\/wp-json\/wp\/v2\/product\/1831","targetHints":{"allow":["GET"]}}],"collection":[{"href":"https:\/\/sisconfection.com\/es\/wp-json\/wp\/v2\/product"}],"about":[{"href":"https:\/\/sisconfection.com\/es\/wp-json\/wp\/v2\/types\/product"}],"replies":[{"embeddable":true,"href":"https:\/\/sisconfection.com\/es\/wp-json\/wp\/v2\/comments?post=1831"}],"wp:featuredmedia":[{"embeddable":true,"href":"https:\/\/sisconfection.com\/es\/wp-json\/wp\/v2\/media\/1822"}],"wp:attachment":[{"href":"https:\/\/sisconfection.com\/es\/wp-json\/wp\/v2\/media?parent=1831"}],"wp:term":[{"taxonomy":"product_brand","embeddable":true,"href":"https:\/\/sisconfection.com\/es\/wp-json\/wp\/v2\/product_brand?post=1831"},{"taxonomy":"product_cat","embeddable":true,"href":"https:\/\/sisconfection.com\/es\/wp-json\/wp\/v2\/product_cat?post=1831"},{"taxonomy":"product_tag","embeddable":true,"href":"https:\/\/sisconfection.com\/es\/wp-json\/wp\/v2\/product_tag?post=1831"}],"curies":[{"name":"wp","href":"https:\/\/api.w.org\/{rel}","templated":true}]}}