{"id":1915,"date":"2025-07-22T13:23:52","date_gmt":"2025-07-22T11:23:52","guid":{"rendered":"https:\/\/sisconfection.com\/?post_type=product&#038;p=1915"},"modified":"2025-07-22T13:25:30","modified_gmt":"2025-07-22T11:25:30","slug":"sis-asphalt-flow-jogging-gris","status":"publish","type":"product","link":"https:\/\/sisconfection.com\/es\/producto\/sis-asphalt-flow-jogging-gris\/","title":{"rendered":"SIS Asphalt Flow - Jogging Gris"},"content":{"rendered":"<p data-start=\"414\" data-end=\"749\">D\u00e9jese llevar por el ritmo de la ciudad con el <strong data-start=\"468\" data-end=\"488\">Flujo de asfalto SIS<\/strong>Pantalones de ch\u00e1ndal grises para hombre que combinan un estilo moderno con un confort de alta gama. Inspirados en la energ\u00eda bruta del asfalto y en la necesidad de libertad de movimiento, estos nuevos pantalones esenciales son tan adecuados para tus d\u00edas activos como para tus momentos de relax.<\/p>\n<p data-start=\"751\" data-end=\"1197\">Confeccionado en un tejido suave y transpirable con un toque de elasticidad para una mayor comodidad, se adapta de forma natural a tu silueta sin limitarla en ning\u00fan momento. Su corte c\u00f3nico, sus cuidados acabados y su color gris marengo lo hacen tan elegante como vers\u00e1til. Con pr\u00e1cticos bolsillos y una cintura ajustable con un discreto cord\u00f3n, el <strong data-start=\"1112\" data-end=\"1132\">Flujo de asfalto SIS<\/strong> es la combinaci\u00f3n perfecta de funcionalidad y est\u00e9tica.<\/p>\n<p data-start=\"1199\" data-end=\"1320\">Del asfalto a los bancos del parque, del gimnasio a tus salidas informales, te sigue con fluidez, comodidad y car\u00e1cter.<\/p>","protected":false},"excerpt":{"rendered":"<p>Pantalones de jogging urbanos, sobrios y c\u00f3modos, dise\u00f1ados para moverse con fluidez y elegancia sobre el asfalto de la vida cotidiana.<\/p>","protected":false},"featured_media":1916,"comment_status":"open","ping_status":"closed","template":"","meta":[],"product_brand":[],"product_cat":[16,23],"product_tag":[],"class_list":{"0":"post-1915","1":"product","2":"type-product","3":"status-publish","4":"has-post-thumbnail","6":"product_cat-vetements-homme","7":"product_cat-pantalon-vetements-homme","9":"entry","10":"has-media","12":"first","13":"instock","14":"taxable","15":"shipping-taxable","16":"purchasable","17":"product-type-variable","18":"has-product-nav","19":"col","20":"span_1_of_4","21":"owp-content-center","22":"owp-thumbs-layout-horizontal","23":"owp-btn-normal","24":"owp-tabs-layout-section"},"yoast_head":"<!-- This site is optimized with the Yoast SEO plugin v26.6 - https:\/\/yoast.com\/wordpress\/plugins\/seo\/ -->\n<title>SIS Asphalt Flow \u2013 Jogging Gris - SIS Confection \u2013 Le style qui performe<\/title>\n<meta name=\"robots\" content=\"index, follow, max-snippet:-1, max-image-preview:large, max-video-preview:-1\" \/>\n<link rel=\"canonical\" href=\"https:\/\/sisconfection.com\/es\/producto\/sis-asphalt-flow-jogging-gris\/\" \/>\n<meta property=\"og:locale\" content=\"es_ES\" \/>\n<meta property=\"og:type\" content=\"article\" \/>\n<meta property=\"og:title\" content=\"SIS Asphalt Flow \u2013 Jogging Gris - SIS Confection \u2013 Le style qui performe\" \/>\n<meta property=\"og:description\" content=\"Un pantalon de jogging urbain, sobre et confortable, pens\u00e9 pour accompagner chaque mouvement avec fluidit\u00e9 et \u00e9l\u00e9gance sur l\u2019asphalte du quotidien.\" \/>\n<meta property=\"og:url\" content=\"https:\/\/sisconfection.com\/es\/producto\/sis-asphalt-flow-jogging-gris\/\" \/>\n<meta property=\"og:site_name\" content=\"SIS Confection \u2013 Le style qui performe\" \/>\n<meta property=\"article:modified_time\" content=\"2025-07-22T11:25:30+00:00\" \/>\n<meta property=\"og:image\" content=\"https:\/\/sisconfection.com\/wp-content\/uploads\/2025\/07\/Design-sans-titre-55-2.png\" \/>\n\t<meta property=\"og:image:width\" content=\"1365\" \/>\n\t<meta property=\"og:image:height\" content=\"2048\" \/>\n\t<meta property=\"og:image:type\" content=\"image\/png\" \/>\n<meta name=\"twitter:card\" content=\"summary_large_image\" \/>\n<meta name=\"twitter:label1\" content=\"Tiempo de lectura\" \/>\n\t<meta name=\"twitter:data1\" content=\"1 minuto\" \/>\n<script type=\"application\/ld+json\" class=\"yoast-schema-graph\">{\"@context\":\"https:\/\/schema.org\",\"@graph\":[{\"@type\":\"WebPage\",\"@id\":\"https:\/\/sisconfection.com\/produit\/sis-asphalt-flow-jogging-gris\/\",\"url\":\"https:\/\/sisconfection.com\/produit\/sis-asphalt-flow-jogging-gris\/\",\"name\":\"SIS Asphalt Flow \u2013 Jogging Gris - SIS Confection \u2013 Le style qui performe\",\"isPartOf\":{\"@id\":\"https:\/\/sisconfection.com\/#website\"},\"primaryImageOfPage\":{\"@id\":\"https:\/\/sisconfection.com\/produit\/sis-asphalt-flow-jogging-gris\/#primaryimage\"},\"image\":{\"@id\":\"https:\/\/sisconfection.com\/produit\/sis-asphalt-flow-jogging-gris\/#primaryimage\"},\"thumbnailUrl\":\"https:\/\/sisconfection.com\/wp-content\/uploads\/2025\/07\/Design-sans-titre-55-2.png\",\"datePublished\":\"2025-07-22T11:23:52+00:00\",\"dateModified\":\"2025-07-22T11:25:30+00:00\",\"breadcrumb\":{\"@id\":\"https:\/\/sisconfection.com\/produit\/sis-asphalt-flow-jogging-gris\/#breadcrumb\"},\"inLanguage\":\"es\",\"potentialAction\":[{\"@type\":\"ReadAction\",\"target\":[\"https:\/\/sisconfection.com\/produit\/sis-asphalt-flow-jogging-gris\/\"]}]},{\"@type\":\"ImageObject\",\"inLanguage\":\"es\",\"@id\":\"https:\/\/sisconfection.com\/produit\/sis-asphalt-flow-jogging-gris\/#primaryimage\",\"url\":\"https:\/\/sisconfection.com\/wp-content\/uploads\/2025\/07\/Design-sans-titre-55-2.png\",\"contentUrl\":\"https:\/\/sisconfection.com\/wp-content\/uploads\/2025\/07\/Design-sans-titre-55-2.png\",\"width\":1365,\"height\":2048},{\"@type\":\"BreadcrumbList\",\"@id\":\"https:\/\/sisconfection.com\/produit\/sis-asphalt-flow-jogging-gris\/#breadcrumb\",\"itemListElement\":[{\"@type\":\"ListItem\",\"position\":1,\"name\":\"Accueil\",\"item\":\"https:\/\/sisconfection.com\/fr_fr\/\"},{\"@type\":\"ListItem\",\"position\":2,\"name\":\"Boutique\",\"item\":\"https:\/\/sisconfection.com\/boutique\/\"},{\"@type\":\"ListItem\",\"position\":3,\"name\":\"SIS Asphalt Flow \u2013 Jogging Gris\"}]},{\"@type\":\"WebSite\",\"@id\":\"https:\/\/sisconfection.com\/#website\",\"url\":\"https:\/\/sisconfection.com\/\",\"name\":\"SIS Confection \u2013 Le style qui performe\",\"description\":\"SIS Confection, marque de sportwear alliant style, confort et performance pour homme et femme. Livraison rapide en Europe.\",\"publisher\":{\"@id\":\"https:\/\/sisconfection.com\/#organization\"},\"potentialAction\":[{\"@type\":\"SearchAction\",\"target\":{\"@type\":\"EntryPoint\",\"urlTemplate\":\"https:\/\/sisconfection.com\/?s={search_term_string}\"},\"query-input\":{\"@type\":\"PropertyValueSpecification\",\"valueRequired\":true,\"valueName\":\"search_term_string\"}}],\"inLanguage\":\"es\"},{\"@type\":\"Organization\",\"@id\":\"https:\/\/sisconfection.com\/#organization\",\"name\":\"SIS Confection | Le style qui performe !\",\"alternateName\":\"SIS Confection | Accueil\",\"url\":\"https:\/\/sisconfection.com\/\",\"logo\":{\"@type\":\"ImageObject\",\"inLanguage\":\"es\",\"@id\":\"https:\/\/sisconfection.com\/#\/schema\/logo\/image\/\",\"url\":\"https:\/\/sisconfection.com\/wp-content\/uploads\/2025\/05\/cropped-Sans-titre-1ttt.png\",\"contentUrl\":\"https:\/\/sisconfection.com\/wp-content\/uploads\/2025\/05\/cropped-Sans-titre-1ttt.png\",\"width\":512,\"height\":512,\"caption\":\"SIS Confection | Le style qui performe !\"},\"image\":{\"@id\":\"https:\/\/sisconfection.com\/#\/schema\/logo\/image\/\"}}]}<\/script>\n<!-- \/ Yoast SEO plugin. -->","yoast_head_json":{"title":"SIS Asphalt Flow \u2013 Jogging Gris - SIS Confection \u2013 Le style qui performe","robots":{"index":"index","follow":"follow","max-snippet":"max-snippet:-1","max-image-preview":"max-image-preview:large","max-video-preview":"max-video-preview:-1"},"canonical":"https:\/\/sisconfection.com\/es\/producto\/sis-asphalt-flow-jogging-gris\/","og_locale":"es_ES","og_type":"article","og_title":"SIS Asphalt Flow \u2013 Jogging Gris - SIS Confection \u2013 Le style qui performe","og_description":"Un pantalon de jogging urbain, sobre et confortable, pens\u00e9 pour accompagner chaque mouvement avec fluidit\u00e9 et \u00e9l\u00e9gance sur l\u2019asphalte du quotidien.","og_url":"https:\/\/sisconfection.com\/es\/producto\/sis-asphalt-flow-jogging-gris\/","og_site_name":"SIS Confection \u2013 Le style qui performe","article_modified_time":"2025-07-22T11:25:30+00:00","og_image":[{"width":1365,"height":2048,"url":"https:\/\/sisconfection.com\/wp-content\/uploads\/2025\/07\/Design-sans-titre-55-2.png","type":"image\/png"}],"twitter_card":"summary_large_image","twitter_misc":{"Tiempo de lectura":"1 minuto"},"schema":{"@context":"https:\/\/schema.org","@graph":[{"@type":"WebPage","@id":"https:\/\/sisconfection.com\/produit\/sis-asphalt-flow-jogging-gris\/","url":"https:\/\/sisconfection.com\/produit\/sis-asphalt-flow-jogging-gris\/","name":"SIS Asphalt Flow \u2013 Jogging Gris - SIS Confection \u2013 Le style qui performe","isPartOf":{"@id":"https:\/\/sisconfection.com\/#website"},"primaryImageOfPage":{"@id":"https:\/\/sisconfection.com\/produit\/sis-asphalt-flow-jogging-gris\/#primaryimage"},"image":{"@id":"https:\/\/sisconfection.com\/produit\/sis-asphalt-flow-jogging-gris\/#primaryimage"},"thumbnailUrl":"https:\/\/sisconfection.com\/wp-content\/uploads\/2025\/07\/Design-sans-titre-55-2.png","datePublished":"2025-07-22T11:23:52+00:00","dateModified":"2025-07-22T11:25:30+00:00","breadcrumb":{"@id":"https:\/\/sisconfection.com\/produit\/sis-asphalt-flow-jogging-gris\/#breadcrumb"},"inLanguage":"es","potentialAction":[{"@type":"ReadAction","target":["https:\/\/sisconfection.com\/produit\/sis-asphalt-flow-jogging-gris\/"]}]},{"@type":"ImageObject","inLanguage":"es","@id":"https:\/\/sisconfection.com\/produit\/sis-asphalt-flow-jogging-gris\/#primaryimage","url":"https:\/\/sisconfection.com\/wp-content\/uploads\/2025\/07\/Design-sans-titre-55-2.png","contentUrl":"https:\/\/sisconfection.com\/wp-content\/uploads\/2025\/07\/Design-sans-titre-55-2.png","width":1365,"height":2048},{"@type":"BreadcrumbList","@id":"https:\/\/sisconfection.com\/produit\/sis-asphalt-flow-jogging-gris\/#breadcrumb","itemListElement":[{"@type":"ListItem","position":1,"name":"Accueil","item":"https:\/\/sisconfection.com\/fr_fr\/"},{"@type":"ListItem","position":2,"name":"Boutique","item":"https:\/\/sisconfection.com\/boutique\/"},{"@type":"ListItem","position":3,"name":"SIS Asphalt Flow \u2013 Jogging Gris"}]},{"@type":"WebSite","@id":"https:\/\/sisconfection.com\/#website","url":"https:\/\/sisconfection.com\/","name":"SIS Confection - Estilo que rinde","description":"SIS Confection, marca de ropa deportiva que combina estilo, comodidad y rendimiento para hombre y mujer. Entrega r\u00e1pida en Europa.","publisher":{"@id":"https:\/\/sisconfection.com\/#organization"},"potentialAction":[{"@type":"SearchAction","target":{"@type":"EntryPoint","urlTemplate":"https:\/\/sisconfection.com\/?s={search_term_string}"},"query-input":{"@type":"PropertyValueSpecification","valueRequired":true,"valueName":"search_term_string"}}],"inLanguage":"es"},{"@type":"Organization","@id":"https:\/\/sisconfection.com\/#organization","name":"SIS Confection | Le style qui performe !","alternateName":"SIS Confection | Accueil","url":"https:\/\/sisconfection.com\/","logo":{"@type":"ImageObject","inLanguage":"es","@id":"https:\/\/sisconfection.com\/#\/schema\/logo\/image\/","url":"https:\/\/sisconfection.com\/wp-content\/uploads\/2025\/05\/cropped-Sans-titre-1ttt.png","contentUrl":"https:\/\/sisconfection.com\/wp-content\/uploads\/2025\/05\/cropped-Sans-titre-1ttt.png","width":512,"height":512,"caption":"SIS Confection | Le style qui performe !"},"image":{"@id":"https:\/\/sisconfection.com\/#\/schema\/logo\/image\/"}}]}},"_links":{"self":[{"href":"https:\/\/sisconfection.com\/es\/wp-json\/wp\/v2\/product\/1915","targetHints":{"allow":["GET"]}}],"collection":[{"href":"https:\/\/sisconfection.com\/es\/wp-json\/wp\/v2\/product"}],"about":[{"href":"https:\/\/sisconfection.com\/es\/wp-json\/wp\/v2\/types\/product"}],"replies":[{"embeddable":true,"href":"https:\/\/sisconfection.com\/es\/wp-json\/wp\/v2\/comments?post=1915"}],"wp:featuredmedia":[{"embeddable":true,"href":"https:\/\/sisconfection.com\/es\/wp-json\/wp\/v2\/media\/1916"}],"wp:attachment":[{"href":"https:\/\/sisconfection.com\/es\/wp-json\/wp\/v2\/media?parent=1915"}],"wp:term":[{"taxonomy":"product_brand","embeddable":true,"href":"https:\/\/sisconfection.com\/es\/wp-json\/wp\/v2\/product_brand?post=1915"},{"taxonomy":"product_cat","embeddable":true,"href":"https:\/\/sisconfection.com\/es\/wp-json\/wp\/v2\/product_cat?post=1915"},{"taxonomy":"product_tag","embeddable":true,"href":"https:\/\/sisconfection.com\/es\/wp-json\/wp\/v2\/product_tag?post=1915"}],"curies":[{"name":"wp","href":"https:\/\/api.w.org\/{rel}","templated":true}]}}