{"id":1065,"date":"2025-07-09T16:08:40","date_gmt":"2025-07-09T14:08:40","guid":{"rendered":"https:\/\/sisconfection.com\/?post_type=product&#038;p=1065"},"modified":"2025-07-10T10:16:30","modified_gmt":"2025-07-10T08:16:30","slug":"sis-pureglow-t-shirt-blanc-logo-rose","status":"publish","type":"product","link":"https:\/\/sisconfection.com\/fr_fr\/produit\/sis-pureglow-t-shirt-blanc-logo-rose\/","title":{"rendered":"SIS PureGlow \u2013 T-shirt Blanc Logo Rose"},"content":{"rendered":"<p data-start=\"322\" data-end=\"600\">Affichez votre \u00e9l\u00e9gance d\u00e9contract\u00e9e avec le SIS PureGlow, le T-shirt qui mise sur la simplicit\u00e9 sophistiqu\u00e9e. Son blanc \u00e9clatant contraste subtilement avec le logo rose signature de SIS Confection, cr\u00e9ant un \u00e9quilibre parfait entre sobri\u00e9t\u00e9 et personnalit\u00e9.<\/p>\n<p data-start=\"602\" data-end=\"1002\" data-is-last-node=\"\" data-is-only-node=\"\">Confectionn\u00e9 en coton doux et respirant, ce T-shirt offre un confort optimal pour toutes vos activit\u00e9s, du bureau \u00e0 la ville. Sa coupe l\u00e9g\u00e8rement ajust\u00e9e s\u2019adapte \u00e0 toutes les morphologies, mettant en valeur votre silhouette sans compromis sur le confort. Port\u00e9 seul ou sous une veste, le SIS PureGlow incarne une esth\u00e9tique moderne et assum\u00e9e, fid\u00e8le \u00e0 l\u2019esprit SIS : simple, inspir\u00e9, styl\u00e9.<\/p>\n","protected":false},"excerpt":{"rendered":"<p>Un T-shirt blanc \u00e9pur\u00e9, rehauss\u00e9 d\u2019un logo rose audacieux, pour un look frais, minimaliste et affirm\u00e9 au quotidien.<\/p>\n","protected":false},"featured_media":1071,"comment_status":"open","ping_status":"closed","template":"","meta":[],"product_brand":[],"product_cat":[40,17],"product_tag":[],"class_list":{"0":"post-1065","1":"product","2":"type-product","3":"status-publish","4":"has-post-thumbnail","6":"product_cat-t-shirt-vetements-femme","7":"product_cat-vetements-femme","9":"entry","10":"has-media","12":"first","13":"instock","14":"taxable","15":"shipping-taxable","16":"purchasable","17":"product-type-variable","18":"has-product-nav","19":"col","20":"span_1_of_4","21":"owp-content-center","22":"owp-thumbs-layout-horizontal","23":"owp-btn-normal","24":"owp-tabs-layout-section"},"yoast_head":"<!-- This site is optimized with the Yoast SEO plugin v26.6 - https:\/\/yoast.com\/wordpress\/plugins\/seo\/ -->\n<title>SIS PureGlow \u2013 T-shirt Blanc Logo Rose - SIS Confection \u2013 Le style qui performe<\/title>\n<meta name=\"robots\" content=\"index, follow, max-snippet:-1, max-image-preview:large, max-video-preview:-1\" \/>\n<link rel=\"canonical\" href=\"https:\/\/sisconfection.com\/fr_fr\/produit\/sis-pureglow-t-shirt-blanc-logo-rose\/\" \/>\n<meta property=\"og:locale\" content=\"fr_FR\" \/>\n<meta property=\"og:type\" content=\"article\" \/>\n<meta property=\"og:title\" content=\"SIS PureGlow \u2013 T-shirt Blanc Logo Rose - SIS Confection \u2013 Le style qui performe\" \/>\n<meta property=\"og:description\" content=\"Un T-shirt blanc \u00e9pur\u00e9, rehauss\u00e9 d\u2019un logo rose audacieux, pour un look frais, minimaliste et affirm\u00e9 au quotidien.\" \/>\n<meta property=\"og:url\" content=\"https:\/\/sisconfection.com\/fr_fr\/produit\/sis-pureglow-t-shirt-blanc-logo-rose\/\" \/>\n<meta property=\"og:site_name\" content=\"SIS Confection \u2013 Le style qui performe\" \/>\n<meta property=\"article:modified_time\" content=\"2025-07-10T08:16:30+00:00\" \/>\n<meta property=\"og:image\" content=\"https:\/\/sisconfection.com\/wp-content\/uploads\/2025\/07\/31-683x1024.png\" \/>\n\t<meta property=\"og:image:width\" content=\"683\" \/>\n\t<meta property=\"og:image:height\" content=\"1024\" \/>\n\t<meta property=\"og:image:type\" content=\"image\/png\" \/>\n<meta name=\"twitter:card\" content=\"summary_large_image\" \/>\n<meta name=\"twitter:label1\" content=\"Dur\u00e9e de lecture estim\u00e9e\" \/>\n\t<meta name=\"twitter:data1\" content=\"1 minute\" \/>\n<script type=\"application\/ld+json\" class=\"yoast-schema-graph\">{\"@context\":\"https:\/\/schema.org\",\"@graph\":[{\"@type\":\"WebPage\",\"@id\":\"https:\/\/sisconfection.com\/produit\/sis-pureglow-t-shirt-blanc-logo-rose\/\",\"url\":\"https:\/\/sisconfection.com\/produit\/sis-pureglow-t-shirt-blanc-logo-rose\/\",\"name\":\"SIS PureGlow \u2013 T-shirt Blanc Logo Rose - SIS Confection \u2013 Le style qui performe\",\"isPartOf\":{\"@id\":\"https:\/\/sisconfection.com\/#website\"},\"primaryImageOfPage\":{\"@id\":\"https:\/\/sisconfection.com\/produit\/sis-pureglow-t-shirt-blanc-logo-rose\/#primaryimage\"},\"image\":{\"@id\":\"https:\/\/sisconfection.com\/produit\/sis-pureglow-t-shirt-blanc-logo-rose\/#primaryimage\"},\"thumbnailUrl\":\"https:\/\/sisconfection.com\/wp-content\/uploads\/2025\/07\/31.png\",\"datePublished\":\"2025-07-09T14:08:40+00:00\",\"dateModified\":\"2025-07-10T08:16:30+00:00\",\"breadcrumb\":{\"@id\":\"https:\/\/sisconfection.com\/produit\/sis-pureglow-t-shirt-blanc-logo-rose\/#breadcrumb\"},\"inLanguage\":\"fr-FR\",\"potentialAction\":[{\"@type\":\"ReadAction\",\"target\":[\"https:\/\/sisconfection.com\/produit\/sis-pureglow-t-shirt-blanc-logo-rose\/\"]}]},{\"@type\":\"ImageObject\",\"inLanguage\":\"fr-FR\",\"@id\":\"https:\/\/sisconfection.com\/produit\/sis-pureglow-t-shirt-blanc-logo-rose\/#primaryimage\",\"url\":\"https:\/\/sisconfection.com\/wp-content\/uploads\/2025\/07\/31.png\",\"contentUrl\":\"https:\/\/sisconfection.com\/wp-content\/uploads\/2025\/07\/31.png\",\"width\":1365,\"height\":2048},{\"@type\":\"BreadcrumbList\",\"@id\":\"https:\/\/sisconfection.com\/produit\/sis-pureglow-t-shirt-blanc-logo-rose\/#breadcrumb\",\"itemListElement\":[{\"@type\":\"ListItem\",\"position\":1,\"name\":\"Accueil\",\"item\":\"https:\/\/sisconfection.com\/fr_fr\/\"},{\"@type\":\"ListItem\",\"position\":2,\"name\":\"Boutique\",\"item\":\"https:\/\/sisconfection.com\/boutique\/\"},{\"@type\":\"ListItem\",\"position\":3,\"name\":\"SIS PureGlow \u2013 T-shirt Blanc Logo Rose\"}]},{\"@type\":\"WebSite\",\"@id\":\"https:\/\/sisconfection.com\/#website\",\"url\":\"https:\/\/sisconfection.com\/\",\"name\":\"SIS Confection \u2013 Le style qui performe\",\"description\":\"SIS Confection, marque de sportwear alliant style, confort et performance pour homme et femme. Livraison rapide en Europe.\",\"publisher\":{\"@id\":\"https:\/\/sisconfection.com\/#organization\"},\"potentialAction\":[{\"@type\":\"SearchAction\",\"target\":{\"@type\":\"EntryPoint\",\"urlTemplate\":\"https:\/\/sisconfection.com\/?s={search_term_string}\"},\"query-input\":{\"@type\":\"PropertyValueSpecification\",\"valueRequired\":true,\"valueName\":\"search_term_string\"}}],\"inLanguage\":\"fr-FR\"},{\"@type\":\"Organization\",\"@id\":\"https:\/\/sisconfection.com\/#organization\",\"name\":\"SIS Confection | Le style qui performe !\",\"alternateName\":\"SIS Confection | Accueil\",\"url\":\"https:\/\/sisconfection.com\/\",\"logo\":{\"@type\":\"ImageObject\",\"inLanguage\":\"fr-FR\",\"@id\":\"https:\/\/sisconfection.com\/#\/schema\/logo\/image\/\",\"url\":\"https:\/\/sisconfection.com\/wp-content\/uploads\/2025\/05\/cropped-Sans-titre-1ttt.png\",\"contentUrl\":\"https:\/\/sisconfection.com\/wp-content\/uploads\/2025\/05\/cropped-Sans-titre-1ttt.png\",\"width\":512,\"height\":512,\"caption\":\"SIS Confection | Le style qui performe !\"},\"image\":{\"@id\":\"https:\/\/sisconfection.com\/#\/schema\/logo\/image\/\"}}]}<\/script>\n<!-- \/ Yoast SEO plugin. -->","yoast_head_json":{"title":"SIS PureGlow \u2013 T-shirt Blanc Logo Rose - SIS Confection \u2013 Le style qui performe","robots":{"index":"index","follow":"follow","max-snippet":"max-snippet:-1","max-image-preview":"max-image-preview:large","max-video-preview":"max-video-preview:-1"},"canonical":"https:\/\/sisconfection.com\/fr_fr\/produit\/sis-pureglow-t-shirt-blanc-logo-rose\/","og_locale":"fr_FR","og_type":"article","og_title":"SIS PureGlow \u2013 T-shirt Blanc Logo Rose - SIS Confection \u2013 Le style qui performe","og_description":"Un T-shirt blanc \u00e9pur\u00e9, rehauss\u00e9 d\u2019un logo rose audacieux, pour un look frais, minimaliste et affirm\u00e9 au quotidien.","og_url":"https:\/\/sisconfection.com\/fr_fr\/produit\/sis-pureglow-t-shirt-blanc-logo-rose\/","og_site_name":"SIS Confection \u2013 Le style qui performe","article_modified_time":"2025-07-10T08:16:30+00:00","og_image":[{"width":683,"height":1024,"url":"https:\/\/sisconfection.com\/wp-content\/uploads\/2025\/07\/31-683x1024.png","type":"image\/png"}],"twitter_card":"summary_large_image","twitter_misc":{"Dur\u00e9e de lecture estim\u00e9e":"1 minute"},"schema":{"@context":"https:\/\/schema.org","@graph":[{"@type":"WebPage","@id":"https:\/\/sisconfection.com\/produit\/sis-pureglow-t-shirt-blanc-logo-rose\/","url":"https:\/\/sisconfection.com\/produit\/sis-pureglow-t-shirt-blanc-logo-rose\/","name":"SIS PureGlow \u2013 T-shirt Blanc Logo Rose - SIS Confection \u2013 Le style qui performe","isPartOf":{"@id":"https:\/\/sisconfection.com\/#website"},"primaryImageOfPage":{"@id":"https:\/\/sisconfection.com\/produit\/sis-pureglow-t-shirt-blanc-logo-rose\/#primaryimage"},"image":{"@id":"https:\/\/sisconfection.com\/produit\/sis-pureglow-t-shirt-blanc-logo-rose\/#primaryimage"},"thumbnailUrl":"https:\/\/sisconfection.com\/wp-content\/uploads\/2025\/07\/31.png","datePublished":"2025-07-09T14:08:40+00:00","dateModified":"2025-07-10T08:16:30+00:00","breadcrumb":{"@id":"https:\/\/sisconfection.com\/produit\/sis-pureglow-t-shirt-blanc-logo-rose\/#breadcrumb"},"inLanguage":"fr-FR","potentialAction":[{"@type":"ReadAction","target":["https:\/\/sisconfection.com\/produit\/sis-pureglow-t-shirt-blanc-logo-rose\/"]}]},{"@type":"ImageObject","inLanguage":"fr-FR","@id":"https:\/\/sisconfection.com\/produit\/sis-pureglow-t-shirt-blanc-logo-rose\/#primaryimage","url":"https:\/\/sisconfection.com\/wp-content\/uploads\/2025\/07\/31.png","contentUrl":"https:\/\/sisconfection.com\/wp-content\/uploads\/2025\/07\/31.png","width":1365,"height":2048},{"@type":"BreadcrumbList","@id":"https:\/\/sisconfection.com\/produit\/sis-pureglow-t-shirt-blanc-logo-rose\/#breadcrumb","itemListElement":[{"@type":"ListItem","position":1,"name":"Accueil","item":"https:\/\/sisconfection.com\/fr_fr\/"},{"@type":"ListItem","position":2,"name":"Boutique","item":"https:\/\/sisconfection.com\/boutique\/"},{"@type":"ListItem","position":3,"name":"SIS PureGlow \u2013 T-shirt Blanc Logo Rose"}]},{"@type":"WebSite","@id":"https:\/\/sisconfection.com\/#website","url":"https:\/\/sisconfection.com\/","name":"SIS Confection \u2013 Le style qui performe","description":"SIS Confection, marque de sportwear alliant style, confort et performance pour homme et femme. Livraison rapide en Europe.","publisher":{"@id":"https:\/\/sisconfection.com\/#organization"},"potentialAction":[{"@type":"SearchAction","target":{"@type":"EntryPoint","urlTemplate":"https:\/\/sisconfection.com\/?s={search_term_string}"},"query-input":{"@type":"PropertyValueSpecification","valueRequired":true,"valueName":"search_term_string"}}],"inLanguage":"fr-FR"},{"@type":"Organization","@id":"https:\/\/sisconfection.com\/#organization","name":"SIS Confection | Le style qui performe !","alternateName":"SIS Confection | Accueil","url":"https:\/\/sisconfection.com\/","logo":{"@type":"ImageObject","inLanguage":"fr-FR","@id":"https:\/\/sisconfection.com\/#\/schema\/logo\/image\/","url":"https:\/\/sisconfection.com\/wp-content\/uploads\/2025\/05\/cropped-Sans-titre-1ttt.png","contentUrl":"https:\/\/sisconfection.com\/wp-content\/uploads\/2025\/05\/cropped-Sans-titre-1ttt.png","width":512,"height":512,"caption":"SIS Confection | Le style qui performe !"},"image":{"@id":"https:\/\/sisconfection.com\/#\/schema\/logo\/image\/"}}]}},"_links":{"self":[{"href":"https:\/\/sisconfection.com\/fr_fr\/wp-json\/wp\/v2\/product\/1065","targetHints":{"allow":["GET"]}}],"collection":[{"href":"https:\/\/sisconfection.com\/fr_fr\/wp-json\/wp\/v2\/product"}],"about":[{"href":"https:\/\/sisconfection.com\/fr_fr\/wp-json\/wp\/v2\/types\/product"}],"replies":[{"embeddable":true,"href":"https:\/\/sisconfection.com\/fr_fr\/wp-json\/wp\/v2\/comments?post=1065"}],"wp:featuredmedia":[{"embeddable":true,"href":"https:\/\/sisconfection.com\/fr_fr\/wp-json\/wp\/v2\/media\/1071"}],"wp:attachment":[{"href":"https:\/\/sisconfection.com\/fr_fr\/wp-json\/wp\/v2\/media?parent=1065"}],"wp:term":[{"taxonomy":"product_brand","embeddable":true,"href":"https:\/\/sisconfection.com\/fr_fr\/wp-json\/wp\/v2\/product_brand?post=1065"},{"taxonomy":"product_cat","embeddable":true,"href":"https:\/\/sisconfection.com\/fr_fr\/wp-json\/wp\/v2\/product_cat?post=1065"},{"taxonomy":"product_tag","embeddable":true,"href":"https:\/\/sisconfection.com\/fr_fr\/wp-json\/wp\/v2\/product_tag?post=1065"}],"curies":[{"name":"wp","href":"https:\/\/api.w.org\/{rel}","templated":true}]}}