{"id":1714,"date":"2025-07-18T12:58:04","date_gmt":"2025-07-18T10:58:04","guid":{"rendered":"https:\/\/sisconfection.com\/?post_type=product&#038;p=1714"},"modified":"2025-07-18T12:59:56","modified_gmt":"2025-07-18T10:59:56","slug":"sis-shadowmuse-t-shirt-noir","status":"publish","type":"product","link":"https:\/\/sisconfection.com\/fr_fr\/produit\/sis-shadowmuse-t-shirt-noir\/","title":{"rendered":"SIS ShadowMuse \u2013 T-shirt Noir"},"content":{"rendered":"<p data-start=\"426\" data-end=\"737\">Red\u00e9finissez l\u2019art du minimalisme avec <strong data-start=\"485\" data-end=\"503\">SIS ShadowMuse<\/strong>, le t-shirt noir qui transcende les codes du basique pour devenir un v\u00e9ritable manifeste de style. Pens\u00e9 pour les femmes qui cultivent myst\u00e8re, cr\u00e9ativit\u00e9 et confiance, <strong data-start=\"673\" data-end=\"687\">ShadowMuse<\/strong> est bien plus qu\u2019un t-shirt : c\u2019est une attitude.<\/p>\n<p data-start=\"739\" data-end=\"1026\">Confectionn\u00e9 dans un jersey de coton bio d\u2019une finesse exceptionnelle, l\u00e9g\u00e8rement extensible, il offre une coupe fluide et sculptante \u00e0 la fois. Ses manches subtilement retravaill\u00e9es, son tomb\u00e9 naturel et sa profondeur noire pigment\u00e9e \u00e9voquent une \u00e9l\u00e9gance silencieuse, presque po\u00e9tique.<\/p>\n<p data-start=\"1028\" data-end=\"1231\">Que vous le portiez seul ou en superposition, <strong data-start=\"1074\" data-end=\"1088\">ShadowMuse<\/strong> sublime l\u2019ombre pour mieux r\u00e9v\u00e9ler la lumi\u00e8re de votre personnalit\u00e9. Une pi\u00e8ce essentielle, r\u00e9invent\u00e9e avec caract\u00e8re \u2013 sign\u00e9e SIS Confection.<\/p>\n","protected":false},"excerpt":{"rendered":"<p>Un t-shirt noir audacieux et fluide, pens\u00e9 comme une toile d\u2019expression minimaliste pour r\u00e9v\u00e9ler votre force int\u00e9rieure avec subtilit\u00e9.<\/p>\n","protected":false},"featured_media":1715,"comment_status":"open","ping_status":"closed","template":"","meta":[],"product_brand":[],"product_cat":[40,17],"product_tag":[],"class_list":{"0":"post-1714","1":"product","2":"type-product","3":"status-publish","4":"has-post-thumbnail","6":"product_cat-t-shirt-vetements-femme","7":"product_cat-vetements-femme","9":"entry","10":"has-media","12":"first","13":"instock","14":"taxable","15":"shipping-taxable","16":"purchasable","17":"product-type-variable","18":"has-product-nav","19":"col","20":"span_1_of_4","21":"owp-content-center","22":"owp-thumbs-layout-horizontal","23":"owp-btn-normal","24":"owp-tabs-layout-section"},"yoast_head":"<!-- This site is optimized with the Yoast SEO plugin v26.6 - https:\/\/yoast.com\/wordpress\/plugins\/seo\/ -->\n<title>SIS ShadowMuse \u2013 T-shirt Noir - SIS Confection \u2013 Le style qui performe<\/title>\n<meta name=\"robots\" content=\"index, follow, max-snippet:-1, max-image-preview:large, max-video-preview:-1\" \/>\n<link rel=\"canonical\" href=\"https:\/\/sisconfection.com\/fr_fr\/produit\/sis-shadowmuse-t-shirt-noir\/\" \/>\n<meta property=\"og:locale\" content=\"fr_FR\" \/>\n<meta property=\"og:type\" content=\"article\" \/>\n<meta property=\"og:title\" content=\"SIS ShadowMuse \u2013 T-shirt Noir - SIS Confection \u2013 Le style qui performe\" \/>\n<meta property=\"og:description\" content=\"Un t-shirt noir audacieux et fluide, pens\u00e9 comme une toile d\u2019expression minimaliste pour r\u00e9v\u00e9ler votre force int\u00e9rieure avec subtilit\u00e9.\" \/>\n<meta property=\"og:url\" content=\"https:\/\/sisconfection.com\/fr_fr\/produit\/sis-shadowmuse-t-shirt-noir\/\" \/>\n<meta property=\"og:site_name\" content=\"SIS Confection \u2013 Le style qui performe\" \/>\n<meta property=\"article:modified_time\" content=\"2025-07-18T10:59:56+00:00\" \/>\n<meta property=\"og:image\" content=\"https:\/\/sisconfection.com\/wp-content\/uploads\/2025\/07\/Design-sans-titre-95-1.png\" \/>\n\t<meta property=\"og:image:width\" content=\"1365\" \/>\n\t<meta property=\"og:image:height\" content=\"2048\" \/>\n\t<meta property=\"og:image:type\" content=\"image\/png\" \/>\n<meta name=\"twitter:card\" content=\"summary_large_image\" \/>\n<meta name=\"twitter:label1\" content=\"Dur\u00e9e de lecture estim\u00e9e\" \/>\n\t<meta name=\"twitter:data1\" content=\"1 minute\" \/>\n<script type=\"application\/ld+json\" class=\"yoast-schema-graph\">{\"@context\":\"https:\/\/schema.org\",\"@graph\":[{\"@type\":\"WebPage\",\"@id\":\"https:\/\/sisconfection.com\/produit\/sis-shadowmuse-t-shirt-noir\/\",\"url\":\"https:\/\/sisconfection.com\/produit\/sis-shadowmuse-t-shirt-noir\/\",\"name\":\"SIS ShadowMuse \u2013 T-shirt Noir - SIS Confection \u2013 Le style qui performe\",\"isPartOf\":{\"@id\":\"https:\/\/sisconfection.com\/#website\"},\"primaryImageOfPage\":{\"@id\":\"https:\/\/sisconfection.com\/produit\/sis-shadowmuse-t-shirt-noir\/#primaryimage\"},\"image\":{\"@id\":\"https:\/\/sisconfection.com\/produit\/sis-shadowmuse-t-shirt-noir\/#primaryimage\"},\"thumbnailUrl\":\"https:\/\/sisconfection.com\/wp-content\/uploads\/2025\/07\/Design-sans-titre-95-1.png\",\"datePublished\":\"2025-07-18T10:58:04+00:00\",\"dateModified\":\"2025-07-18T10:59:56+00:00\",\"breadcrumb\":{\"@id\":\"https:\/\/sisconfection.com\/produit\/sis-shadowmuse-t-shirt-noir\/#breadcrumb\"},\"inLanguage\":\"fr-FR\",\"potentialAction\":[{\"@type\":\"ReadAction\",\"target\":[\"https:\/\/sisconfection.com\/produit\/sis-shadowmuse-t-shirt-noir\/\"]}]},{\"@type\":\"ImageObject\",\"inLanguage\":\"fr-FR\",\"@id\":\"https:\/\/sisconfection.com\/produit\/sis-shadowmuse-t-shirt-noir\/#primaryimage\",\"url\":\"https:\/\/sisconfection.com\/wp-content\/uploads\/2025\/07\/Design-sans-titre-95-1.png\",\"contentUrl\":\"https:\/\/sisconfection.com\/wp-content\/uploads\/2025\/07\/Design-sans-titre-95-1.png\",\"width\":1365,\"height\":2048},{\"@type\":\"BreadcrumbList\",\"@id\":\"https:\/\/sisconfection.com\/produit\/sis-shadowmuse-t-shirt-noir\/#breadcrumb\",\"itemListElement\":[{\"@type\":\"ListItem\",\"position\":1,\"name\":\"Accueil\",\"item\":\"https:\/\/sisconfection.com\/fr_fr\/\"},{\"@type\":\"ListItem\",\"position\":2,\"name\":\"Boutique\",\"item\":\"https:\/\/sisconfection.com\/boutique\/\"},{\"@type\":\"ListItem\",\"position\":3,\"name\":\"SIS ShadowMuse \u2013 T-shirt Noir\"}]},{\"@type\":\"WebSite\",\"@id\":\"https:\/\/sisconfection.com\/#website\",\"url\":\"https:\/\/sisconfection.com\/\",\"name\":\"SIS Confection \u2013 Le style qui performe\",\"description\":\"SIS Confection, marque de sportwear alliant style, confort et performance pour homme et femme. Livraison rapide en Europe.\",\"publisher\":{\"@id\":\"https:\/\/sisconfection.com\/#organization\"},\"potentialAction\":[{\"@type\":\"SearchAction\",\"target\":{\"@type\":\"EntryPoint\",\"urlTemplate\":\"https:\/\/sisconfection.com\/?s={search_term_string}\"},\"query-input\":{\"@type\":\"PropertyValueSpecification\",\"valueRequired\":true,\"valueName\":\"search_term_string\"}}],\"inLanguage\":\"fr-FR\"},{\"@type\":\"Organization\",\"@id\":\"https:\/\/sisconfection.com\/#organization\",\"name\":\"SIS Confection | Le style qui performe !\",\"alternateName\":\"SIS Confection | Accueil\",\"url\":\"https:\/\/sisconfection.com\/\",\"logo\":{\"@type\":\"ImageObject\",\"inLanguage\":\"fr-FR\",\"@id\":\"https:\/\/sisconfection.com\/#\/schema\/logo\/image\/\",\"url\":\"https:\/\/sisconfection.com\/wp-content\/uploads\/2025\/05\/cropped-Sans-titre-1ttt.png\",\"contentUrl\":\"https:\/\/sisconfection.com\/wp-content\/uploads\/2025\/05\/cropped-Sans-titre-1ttt.png\",\"width\":512,\"height\":512,\"caption\":\"SIS Confection | Le style qui performe !\"},\"image\":{\"@id\":\"https:\/\/sisconfection.com\/#\/schema\/logo\/image\/\"}}]}<\/script>\n<!-- \/ Yoast SEO plugin. -->","yoast_head_json":{"title":"SIS ShadowMuse \u2013 T-shirt Noir - SIS Confection \u2013 Le style qui performe","robots":{"index":"index","follow":"follow","max-snippet":"max-snippet:-1","max-image-preview":"max-image-preview:large","max-video-preview":"max-video-preview:-1"},"canonical":"https:\/\/sisconfection.com\/fr_fr\/produit\/sis-shadowmuse-t-shirt-noir\/","og_locale":"fr_FR","og_type":"article","og_title":"SIS ShadowMuse \u2013 T-shirt Noir - SIS Confection \u2013 Le style qui performe","og_description":"Un t-shirt noir audacieux et fluide, pens\u00e9 comme une toile d\u2019expression minimaliste pour r\u00e9v\u00e9ler votre force int\u00e9rieure avec subtilit\u00e9.","og_url":"https:\/\/sisconfection.com\/fr_fr\/produit\/sis-shadowmuse-t-shirt-noir\/","og_site_name":"SIS Confection \u2013 Le style qui performe","article_modified_time":"2025-07-18T10:59:56+00:00","og_image":[{"width":1365,"height":2048,"url":"https:\/\/sisconfection.com\/wp-content\/uploads\/2025\/07\/Design-sans-titre-95-1.png","type":"image\/png"}],"twitter_card":"summary_large_image","twitter_misc":{"Dur\u00e9e de lecture estim\u00e9e":"1 minute"},"schema":{"@context":"https:\/\/schema.org","@graph":[{"@type":"WebPage","@id":"https:\/\/sisconfection.com\/produit\/sis-shadowmuse-t-shirt-noir\/","url":"https:\/\/sisconfection.com\/produit\/sis-shadowmuse-t-shirt-noir\/","name":"SIS ShadowMuse \u2013 T-shirt Noir - SIS Confection \u2013 Le style qui performe","isPartOf":{"@id":"https:\/\/sisconfection.com\/#website"},"primaryImageOfPage":{"@id":"https:\/\/sisconfection.com\/produit\/sis-shadowmuse-t-shirt-noir\/#primaryimage"},"image":{"@id":"https:\/\/sisconfection.com\/produit\/sis-shadowmuse-t-shirt-noir\/#primaryimage"},"thumbnailUrl":"https:\/\/sisconfection.com\/wp-content\/uploads\/2025\/07\/Design-sans-titre-95-1.png","datePublished":"2025-07-18T10:58:04+00:00","dateModified":"2025-07-18T10:59:56+00:00","breadcrumb":{"@id":"https:\/\/sisconfection.com\/produit\/sis-shadowmuse-t-shirt-noir\/#breadcrumb"},"inLanguage":"fr-FR","potentialAction":[{"@type":"ReadAction","target":["https:\/\/sisconfection.com\/produit\/sis-shadowmuse-t-shirt-noir\/"]}]},{"@type":"ImageObject","inLanguage":"fr-FR","@id":"https:\/\/sisconfection.com\/produit\/sis-shadowmuse-t-shirt-noir\/#primaryimage","url":"https:\/\/sisconfection.com\/wp-content\/uploads\/2025\/07\/Design-sans-titre-95-1.png","contentUrl":"https:\/\/sisconfection.com\/wp-content\/uploads\/2025\/07\/Design-sans-titre-95-1.png","width":1365,"height":2048},{"@type":"BreadcrumbList","@id":"https:\/\/sisconfection.com\/produit\/sis-shadowmuse-t-shirt-noir\/#breadcrumb","itemListElement":[{"@type":"ListItem","position":1,"name":"Accueil","item":"https:\/\/sisconfection.com\/fr_fr\/"},{"@type":"ListItem","position":2,"name":"Boutique","item":"https:\/\/sisconfection.com\/boutique\/"},{"@type":"ListItem","position":3,"name":"SIS ShadowMuse \u2013 T-shirt Noir"}]},{"@type":"WebSite","@id":"https:\/\/sisconfection.com\/#website","url":"https:\/\/sisconfection.com\/","name":"SIS Confection \u2013 Le style qui performe","description":"SIS Confection, marque de sportwear alliant style, confort et performance pour homme et femme. Livraison rapide en Europe.","publisher":{"@id":"https:\/\/sisconfection.com\/#organization"},"potentialAction":[{"@type":"SearchAction","target":{"@type":"EntryPoint","urlTemplate":"https:\/\/sisconfection.com\/?s={search_term_string}"},"query-input":{"@type":"PropertyValueSpecification","valueRequired":true,"valueName":"search_term_string"}}],"inLanguage":"fr-FR"},{"@type":"Organization","@id":"https:\/\/sisconfection.com\/#organization","name":"SIS Confection | Le style qui performe !","alternateName":"SIS Confection | Accueil","url":"https:\/\/sisconfection.com\/","logo":{"@type":"ImageObject","inLanguage":"fr-FR","@id":"https:\/\/sisconfection.com\/#\/schema\/logo\/image\/","url":"https:\/\/sisconfection.com\/wp-content\/uploads\/2025\/05\/cropped-Sans-titre-1ttt.png","contentUrl":"https:\/\/sisconfection.com\/wp-content\/uploads\/2025\/05\/cropped-Sans-titre-1ttt.png","width":512,"height":512,"caption":"SIS Confection | Le style qui performe !"},"image":{"@id":"https:\/\/sisconfection.com\/#\/schema\/logo\/image\/"}}]}},"_links":{"self":[{"href":"https:\/\/sisconfection.com\/fr_fr\/wp-json\/wp\/v2\/product\/1714","targetHints":{"allow":["GET"]}}],"collection":[{"href":"https:\/\/sisconfection.com\/fr_fr\/wp-json\/wp\/v2\/product"}],"about":[{"href":"https:\/\/sisconfection.com\/fr_fr\/wp-json\/wp\/v2\/types\/product"}],"replies":[{"embeddable":true,"href":"https:\/\/sisconfection.com\/fr_fr\/wp-json\/wp\/v2\/comments?post=1714"}],"wp:featuredmedia":[{"embeddable":true,"href":"https:\/\/sisconfection.com\/fr_fr\/wp-json\/wp\/v2\/media\/1715"}],"wp:attachment":[{"href":"https:\/\/sisconfection.com\/fr_fr\/wp-json\/wp\/v2\/media?parent=1714"}],"wp:term":[{"taxonomy":"product_brand","embeddable":true,"href":"https:\/\/sisconfection.com\/fr_fr\/wp-json\/wp\/v2\/product_brand?post=1714"},{"taxonomy":"product_cat","embeddable":true,"href":"https:\/\/sisconfection.com\/fr_fr\/wp-json\/wp\/v2\/product_cat?post=1714"},{"taxonomy":"product_tag","embeddable":true,"href":"https:\/\/sisconfection.com\/fr_fr\/wp-json\/wp\/v2\/product_tag?post=1714"}],"curies":[{"name":"wp","href":"https:\/\/api.w.org\/{rel}","templated":true}]}}