{"id":956,"date":"2025-07-06T16:30:28","date_gmt":"2025-07-06T14:30:28","guid":{"rendered":"https:\/\/sisconfection.com\/?post_type=product&#038;p=956"},"modified":"2025-07-10T09:38:48","modified_gmt":"2025-07-10T07:38:48","slug":"sis-colorstorm-impermeable-multicolore-unisexe","status":"publish","type":"product","link":"https:\/\/sisconfection.com\/pt\/produto\/sis-colorstorm-impermeable-multicolore-unisexe\/","title":{"rendered":"SIS Colorstorm - Mackintosh multicolorido"},"content":{"rendered":"<p data-start=\"450\" data-end=\"772\">Fa\u00e7a uma afirma\u00e7\u00e3o de estilo mesmo \u00e0 chuva com <strong data-start=\"495\" data-end=\"513\">SIS ColorStorm<\/strong>o mackintosh multicolorido que alia funcionalidade e originalidade. Concebido para os esp\u00edritos livres e os amantes da cor, este mackintosh oferece uma prote\u00e7\u00e3o \u00f3ptima contra as intemp\u00e9ries e d\u00e1 um toque vibrante ao seu vestu\u00e1rio.<\/p>\n<p data-start=\"774\" data-end=\"1146\">Fabricado com um tecido t\u00e9cnico imperme\u00e1vel, respir\u00e1vel e \u00e0 prova de vento, mant\u00e9m-no seco sem o fazer suar. O seu ajuste solto adapta-se a todas as formas do corpo, enquanto o capuz ajust\u00e1vel e os bolsos com fecho aumentam a sua praticidade. Quer esteja na cidade, num festival ou num passeio na natureza, o SIS ColorStorm \u00e9 um companheiro arrojado e confort\u00e1vel.<\/p>","protected":false},"excerpt":{"rendered":"<p>Um mackintosh imperme\u00e1vel 100 % leve e moderno para enfrentar a chuva com estilo, gra\u00e7as ao seu design multicolorido brilhante.<\/p>","protected":false},"featured_media":990,"comment_status":"open","ping_status":"closed","template":"","meta":[],"product_brand":[],"product_cat":[17,34],"product_tag":[],"class_list":{"0":"post-956","1":"product","2":"type-product","3":"status-publish","4":"has-post-thumbnail","6":"product_cat-vetements-femme","7":"product_cat-manteau","9":"entry","10":"has-media","12":"first","13":"instock","14":"taxable","15":"shipping-taxable","16":"purchasable","17":"product-type-variable","18":"has-product-nav","19":"col","20":"span_1_of_4","21":"owp-content-center","22":"owp-thumbs-layout-horizontal","23":"owp-btn-normal","24":"owp-tabs-layout-section"},"yoast_head":"<!-- This site is optimized with the Yoast SEO plugin v26.6 - https:\/\/yoast.com\/wordpress\/plugins\/seo\/ -->\n<title>SIS Colorstorm \u2013 Imperm\u00e9able Multicolore - SIS Confection \u2013 Le style qui performe<\/title>\n<meta name=\"robots\" content=\"index, follow, max-snippet:-1, max-image-preview:large, max-video-preview:-1\" \/>\n<link rel=\"canonical\" href=\"https:\/\/sisconfection.com\/pt\/produto\/sis-colorstorm-impermeable-multicolore-unisexe\/\" \/>\n<meta property=\"og:locale\" content=\"pt_PT\" \/>\n<meta property=\"og:type\" content=\"article\" \/>\n<meta property=\"og:title\" content=\"SIS Colorstorm \u2013 Imperm\u00e9able Multicolore - SIS Confection \u2013 Le style qui performe\" \/>\n<meta property=\"og:description\" content=\"Un imperm\u00e9able l\u00e9ger, tendance et 100 % imperm\u00e9able, pour affronter la pluie avec style gr\u00e2ce \u00e0 son design multicolore \u00e9clatant.\" \/>\n<meta property=\"og:url\" content=\"https:\/\/sisconfection.com\/pt\/produto\/sis-colorstorm-impermeable-multicolore-unisexe\/\" \/>\n<meta property=\"og:site_name\" content=\"SIS Confection \u2013 Le style qui performe\" \/>\n<meta property=\"article:modified_time\" content=\"2025-07-10T07:38:48+00:00\" \/>\n<meta property=\"og:image\" content=\"https:\/\/sisconfection.com\/wp-content\/uploads\/2025\/07\/Design-sans-titre-1-683x1024.png\" \/>\n\t<meta property=\"og:image:width\" content=\"683\" \/>\n\t<meta property=\"og:image:height\" content=\"1024\" \/>\n\t<meta property=\"og:image:type\" content=\"image\/png\" \/>\n<meta name=\"twitter:card\" content=\"summary_large_image\" \/>\n<meta name=\"twitter:label1\" content=\"Tempo estimado de leitura\" \/>\n\t<meta name=\"twitter:data1\" content=\"1 minuto\" \/>\n<script type=\"application\/ld+json\" class=\"yoast-schema-graph\">{\"@context\":\"https:\/\/schema.org\",\"@graph\":[{\"@type\":\"WebPage\",\"@id\":\"https:\/\/sisconfection.com\/produit\/sis-colorstorm-impermeable-multicolore-unisexe\/\",\"url\":\"https:\/\/sisconfection.com\/produit\/sis-colorstorm-impermeable-multicolore-unisexe\/\",\"name\":\"SIS Colorstorm \u2013 Imperm\u00e9able Multicolore - SIS Confection \u2013 Le style qui performe\",\"isPartOf\":{\"@id\":\"https:\/\/sisconfection.com\/#website\"},\"primaryImageOfPage\":{\"@id\":\"https:\/\/sisconfection.com\/produit\/sis-colorstorm-impermeable-multicolore-unisexe\/#primaryimage\"},\"image\":{\"@id\":\"https:\/\/sisconfection.com\/produit\/sis-colorstorm-impermeable-multicolore-unisexe\/#primaryimage\"},\"thumbnailUrl\":\"https:\/\/sisconfection.com\/wp-content\/uploads\/2025\/07\/Design-sans-titre-1.png\",\"datePublished\":\"2025-07-06T14:30:28+00:00\",\"dateModified\":\"2025-07-10T07:38:48+00:00\",\"breadcrumb\":{\"@id\":\"https:\/\/sisconfection.com\/produit\/sis-colorstorm-impermeable-multicolore-unisexe\/#breadcrumb\"},\"inLanguage\":\"pt-PT\",\"potentialAction\":[{\"@type\":\"ReadAction\",\"target\":[\"https:\/\/sisconfection.com\/produit\/sis-colorstorm-impermeable-multicolore-unisexe\/\"]}]},{\"@type\":\"ImageObject\",\"inLanguage\":\"pt-PT\",\"@id\":\"https:\/\/sisconfection.com\/produit\/sis-colorstorm-impermeable-multicolore-unisexe\/#primaryimage\",\"url\":\"https:\/\/sisconfection.com\/wp-content\/uploads\/2025\/07\/Design-sans-titre-1.png\",\"contentUrl\":\"https:\/\/sisconfection.com\/wp-content\/uploads\/2025\/07\/Design-sans-titre-1.png\",\"width\":1365,\"height\":2048},{\"@type\":\"BreadcrumbList\",\"@id\":\"https:\/\/sisconfection.com\/produit\/sis-colorstorm-impermeable-multicolore-unisexe\/#breadcrumb\",\"itemListElement\":[{\"@type\":\"ListItem\",\"position\":1,\"name\":\"Accueil\",\"item\":\"https:\/\/sisconfection.com\/fr_fr\/\"},{\"@type\":\"ListItem\",\"position\":2,\"name\":\"Boutique\",\"item\":\"https:\/\/sisconfection.com\/boutique\/\"},{\"@type\":\"ListItem\",\"position\":3,\"name\":\"SIS Colorstorm \u2013 Imperm\u00e9able Multicolore\"}]},{\"@type\":\"WebSite\",\"@id\":\"https:\/\/sisconfection.com\/#website\",\"url\":\"https:\/\/sisconfection.com\/\",\"name\":\"SIS Confection \u2013 Le style qui performe\",\"description\":\"SIS Confection, marque de sportwear alliant style, confort et performance pour homme et femme. Livraison rapide en Europe.\",\"publisher\":{\"@id\":\"https:\/\/sisconfection.com\/#organization\"},\"potentialAction\":[{\"@type\":\"SearchAction\",\"target\":{\"@type\":\"EntryPoint\",\"urlTemplate\":\"https:\/\/sisconfection.com\/?s={search_term_string}\"},\"query-input\":{\"@type\":\"PropertyValueSpecification\",\"valueRequired\":true,\"valueName\":\"search_term_string\"}}],\"inLanguage\":\"pt-PT\"},{\"@type\":\"Organization\",\"@id\":\"https:\/\/sisconfection.com\/#organization\",\"name\":\"SIS Confection | Le style qui performe !\",\"alternateName\":\"SIS Confection | Accueil\",\"url\":\"https:\/\/sisconfection.com\/\",\"logo\":{\"@type\":\"ImageObject\",\"inLanguage\":\"pt-PT\",\"@id\":\"https:\/\/sisconfection.com\/#\/schema\/logo\/image\/\",\"url\":\"https:\/\/sisconfection.com\/wp-content\/uploads\/2025\/05\/cropped-Sans-titre-1ttt.png\",\"contentUrl\":\"https:\/\/sisconfection.com\/wp-content\/uploads\/2025\/05\/cropped-Sans-titre-1ttt.png\",\"width\":512,\"height\":512,\"caption\":\"SIS Confection | Le style qui performe !\"},\"image\":{\"@id\":\"https:\/\/sisconfection.com\/#\/schema\/logo\/image\/\"}}]}<\/script>\n<!-- \/ Yoast SEO plugin. -->","yoast_head_json":{"title":"SIS Colorstorm \u2013 Imperm\u00e9able Multicolore - SIS Confection \u2013 Le style qui performe","robots":{"index":"index","follow":"follow","max-snippet":"max-snippet:-1","max-image-preview":"max-image-preview:large","max-video-preview":"max-video-preview:-1"},"canonical":"https:\/\/sisconfection.com\/pt\/produto\/sis-colorstorm-impermeable-multicolore-unisexe\/","og_locale":"pt_PT","og_type":"article","og_title":"SIS Colorstorm \u2013 Imperm\u00e9able Multicolore - SIS Confection \u2013 Le style qui performe","og_description":"Un imperm\u00e9able l\u00e9ger, tendance et 100 % imperm\u00e9able, pour affronter la pluie avec style gr\u00e2ce \u00e0 son design multicolore \u00e9clatant.","og_url":"https:\/\/sisconfection.com\/pt\/produto\/sis-colorstorm-impermeable-multicolore-unisexe\/","og_site_name":"SIS Confection \u2013 Le style qui performe","article_modified_time":"2025-07-10T07:38:48+00:00","og_image":[{"width":683,"height":1024,"url":"https:\/\/sisconfection.com\/wp-content\/uploads\/2025\/07\/Design-sans-titre-1-683x1024.png","type":"image\/png"}],"twitter_card":"summary_large_image","twitter_misc":{"Tempo estimado de leitura":"1 minuto"},"schema":{"@context":"https:\/\/schema.org","@graph":[{"@type":"WebPage","@id":"https:\/\/sisconfection.com\/produit\/sis-colorstorm-impermeable-multicolore-unisexe\/","url":"https:\/\/sisconfection.com\/produit\/sis-colorstorm-impermeable-multicolore-unisexe\/","name":"SIS Colorstorm \u2013 Imperm\u00e9able Multicolore - SIS Confection \u2013 Le style qui performe","isPartOf":{"@id":"https:\/\/sisconfection.com\/#website"},"primaryImageOfPage":{"@id":"https:\/\/sisconfection.com\/produit\/sis-colorstorm-impermeable-multicolore-unisexe\/#primaryimage"},"image":{"@id":"https:\/\/sisconfection.com\/produit\/sis-colorstorm-impermeable-multicolore-unisexe\/#primaryimage"},"thumbnailUrl":"https:\/\/sisconfection.com\/wp-content\/uploads\/2025\/07\/Design-sans-titre-1.png","datePublished":"2025-07-06T14:30:28+00:00","dateModified":"2025-07-10T07:38:48+00:00","breadcrumb":{"@id":"https:\/\/sisconfection.com\/produit\/sis-colorstorm-impermeable-multicolore-unisexe\/#breadcrumb"},"inLanguage":"pt-PT","potentialAction":[{"@type":"ReadAction","target":["https:\/\/sisconfection.com\/produit\/sis-colorstorm-impermeable-multicolore-unisexe\/"]}]},{"@type":"ImageObject","inLanguage":"pt-PT","@id":"https:\/\/sisconfection.com\/produit\/sis-colorstorm-impermeable-multicolore-unisexe\/#primaryimage","url":"https:\/\/sisconfection.com\/wp-content\/uploads\/2025\/07\/Design-sans-titre-1.png","contentUrl":"https:\/\/sisconfection.com\/wp-content\/uploads\/2025\/07\/Design-sans-titre-1.png","width":1365,"height":2048},{"@type":"BreadcrumbList","@id":"https:\/\/sisconfection.com\/produit\/sis-colorstorm-impermeable-multicolore-unisexe\/#breadcrumb","itemListElement":[{"@type":"ListItem","position":1,"name":"Accueil","item":"https:\/\/sisconfection.com\/fr_fr\/"},{"@type":"ListItem","position":2,"name":"Boutique","item":"https:\/\/sisconfection.com\/boutique\/"},{"@type":"ListItem","position":3,"name":"SIS Colorstorm \u2013 Imperm\u00e9able Multicolore"}]},{"@type":"WebSite","@id":"https:\/\/sisconfection.com\/#website","url":"https:\/\/sisconfection.com\/","name":"SIS Confection \u2013 Le style qui performe","description":"SIS Confection, marque de sportwear alliant style, confort et performance pour homme et femme. Livraison rapide en Europe.","publisher":{"@id":"https:\/\/sisconfection.com\/#organization"},"potentialAction":[{"@type":"SearchAction","target":{"@type":"EntryPoint","urlTemplate":"https:\/\/sisconfection.com\/?s={search_term_string}"},"query-input":{"@type":"PropertyValueSpecification","valueRequired":true,"valueName":"search_term_string"}}],"inLanguage":"pt-PT"},{"@type":"Organization","@id":"https:\/\/sisconfection.com\/#organization","name":"SIS Confection | Le style qui performe !","alternateName":"SIS Confection | Accueil","url":"https:\/\/sisconfection.com\/","logo":{"@type":"ImageObject","inLanguage":"pt-PT","@id":"https:\/\/sisconfection.com\/#\/schema\/logo\/image\/","url":"https:\/\/sisconfection.com\/wp-content\/uploads\/2025\/05\/cropped-Sans-titre-1ttt.png","contentUrl":"https:\/\/sisconfection.com\/wp-content\/uploads\/2025\/05\/cropped-Sans-titre-1ttt.png","width":512,"height":512,"caption":"SIS Confection | Le style qui performe !"},"image":{"@id":"https:\/\/sisconfection.com\/#\/schema\/logo\/image\/"}}]}},"_links":{"self":[{"href":"https:\/\/sisconfection.com\/pt\/wp-json\/wp\/v2\/product\/956","targetHints":{"allow":["GET"]}}],"collection":[{"href":"https:\/\/sisconfection.com\/pt\/wp-json\/wp\/v2\/product"}],"about":[{"href":"https:\/\/sisconfection.com\/pt\/wp-json\/wp\/v2\/types\/product"}],"replies":[{"embeddable":true,"href":"https:\/\/sisconfection.com\/pt\/wp-json\/wp\/v2\/comments?post=956"}],"wp:featuredmedia":[{"embeddable":true,"href":"https:\/\/sisconfection.com\/pt\/wp-json\/wp\/v2\/media\/990"}],"wp:attachment":[{"href":"https:\/\/sisconfection.com\/pt\/wp-json\/wp\/v2\/media?parent=956"}],"wp:term":[{"taxonomy":"product_brand","embeddable":true,"href":"https:\/\/sisconfection.com\/pt\/wp-json\/wp\/v2\/product_brand?post=956"},{"taxonomy":"product_cat","embeddable":true,"href":"https:\/\/sisconfection.com\/pt\/wp-json\/wp\/v2\/product_cat?post=956"},{"taxonomy":"product_tag","embeddable":true,"href":"https:\/\/sisconfection.com\/pt\/wp-json\/wp\/v2\/product_tag?post=956"}],"curies":[{"name":"wp","href":"https:\/\/api.w.org\/{rel}","templated":true}]}}